{"id":3318,"date":"2021-09-30T12:58:13","date_gmt":"2021-09-30T12:58:13","guid":{"rendered":"https:\/\/operafuoco.fr\/?page_id=3318"},"modified":"2023-09-27T08:58:56","modified_gmt":"2023-09-27T08:58:56","slug":"david-stern-of-orchestra","status":"publish","type":"page","link":"https:\/\/operafuoco.fr\/en\/qui-sommes-nous\/david-stern-of-orchestra\/","title":{"rendered":"Opera Fuoco Orchestra"},"content":{"rendered":"<div class=\"wp-block-cover alignfull\" style=\"min-height:600px;aspect-ratio:unset;\"><span aria-hidden=\"true\" class=\"wp-block-cover__background has-background-dim-0 has-background-dim\"><\/span><img loading=\"lazy\" decoding=\"async\" width=\"1400\" height=\"1100\" class=\"wp-block-cover__image-background wp-image-3382\" alt=\"\" src=\"https:\/\/operafuoco.fr\/wp-content\/uploads\/2021\/09\/2020-10-01_-AvatamWEB.jpg\" data-object-fit=\"cover\" srcset=\"https:\/\/operafuoco.fr\/wp-content\/uploads\/2021\/09\/2020-10-01_-AvatamWEB.jpg 1400w, https:\/\/operafuoco.fr\/wp-content\/uploads\/2021\/09\/2020-10-01_-AvatamWEB-300x236.jpg 300w, https:\/\/operafuoco.fr\/wp-content\/uploads\/2021\/09\/2020-10-01_-AvatamWEB-1024x805.jpg 1024w, https:\/\/operafuoco.fr\/wp-content\/uploads\/2021\/09\/2020-10-01_-AvatamWEB-768x603.jpg 768w, https:\/\/operafuoco.fr\/wp-content\/uploads\/2021\/09\/2020-10-01_-AvatamWEB-15x12.jpg 15w, https:\/\/operafuoco.fr\/wp-content\/uploads\/2021\/09\/2020-10-01_-AvatamWEB-500x393.jpg 500w, https:\/\/operafuoco.fr\/wp-content\/uploads\/2021\/09\/2020-10-01_-AvatamWEB-800x629.jpg 800w, https:\/\/operafuoco.fr\/wp-content\/uploads\/2021\/09\/2020-10-01_-AvatamWEB-1280x1006.jpg 1280w\" sizes=\"(max-width: 1400px) 100vw, 1400px\" \/><div class=\"wp-block-cover__inner-container is-layout-flow wp-block-cover-is-layout-flow\">\n<p class=\"has-text-align-center has-large-font-size\">OPERA FUOCO ORCHESTRA<\/p>\n<\/div><\/div>\n\n\n<style>.kb-row-layout-id3318_8d6d96-68 > .kt-row-column-wrap{align-content:center;}:where(.kb-row-layout-id3318_8d6d96-68 > .kt-row-column-wrap) > .wp-block-kadence-column{justify-content:center;}.kb-row-layout-id3318_8d6d96-68 > .kt-row-column-wrap{column-gap:var(--global-kb-gap-none, 0 );row-gap:var(--global-kb-gap-md, 2rem);max-width:1200px;margin-left:auto;margin-right:auto;padding-top:60px;padding-bottom:50px;grid-template-columns:repeat(2, minmax(0, 1fr));}.kb-row-layout-id3318_8d6d96-68 > .kt-row-layout-overlay{opacity:0.30;}@media all and (max-width: 1024px){.kb-row-layout-id3318_8d6d96-68 > .kt-row-column-wrap{grid-template-columns:repeat(2, minmax(0, 1fr));}}@media all and (max-width: 767px){.kb-row-layout-id3318_8d6d96-68 > .kt-row-column-wrap{grid-template-columns:minmax(0, 1fr);}}<\/style><div class=\"kb-row-layout-wrap kb-row-layout-id3318_8d6d96-68 alignnone wp-block-kadence-rowlayout\"><div class=\"kt-row-column-wrap kt-has-2-columns kt-row-layout-equal kt-tab-layout-inherit kt-mobile-layout-row kt-row-valign-middle\">\n<style>.kadence-column3318_27fb03-dd > .kt-inside-inner-col,.kadence-column3318_27fb03-dd > .kt-inside-inner-col:before{border-top-left-radius:0px;border-top-right-radius:0px;border-bottom-right-radius:0px;border-bottom-left-radius:0px;}.kadence-column3318_27fb03-dd > .kt-inside-inner-col:before{opacity:0.3;}.kadence-column3318_27fb03-dd{position:relative;}<\/style>\n<div class=\"wp-block-kadence-column kadence-column3318_27fb03-dd inner-column-1\"><div class=\"kt-inside-inner-col\">\n<figure class=\"wp-block-image size-full is-resized\"><img loading=\"lazy\" decoding=\"async\" src=\"https:\/\/operafuoco.fr\/wp-content\/uploads\/2019\/06\/image1_web.jpg\" alt=\"\" class=\"wp-image-1863\" style=\"width:424px;height:600px\" width=\"424\" height=\"600\" srcset=\"https:\/\/operafuoco.fr\/wp-content\/uploads\/2019\/06\/image1_web.jpg 565w, https:\/\/operafuoco.fr\/wp-content\/uploads\/2019\/06\/image1_web-212x300.jpg 212w, https:\/\/operafuoco.fr\/wp-content\/uploads\/2019\/06\/image1_web-353x500.jpg 353w\" sizes=\"(max-width: 424px) 100vw, 424px\" \/><\/figure>\n<\/div><\/div>\n\n\n<style>.kadence-column3318_54dfcc-52 > .kt-inside-inner-col,.kadence-column3318_54dfcc-52 > .kt-inside-inner-col:before{border-top-left-radius:0px;border-top-right-radius:0px;border-bottom-right-radius:0px;border-bottom-left-radius:0px;}.kadence-column3318_54dfcc-52 > .kt-inside-inner-col:before{opacity:0.3;}.kadence-column3318_54dfcc-52{position:relative;}<\/style>\n<div class=\"wp-block-kadence-column kadence-column3318_54dfcc-52 inner-column-2\"><div class=\"kt-inside-inner-col\">\n<div style=\"height:23px\" aria-hidden=\"true\" class=\"wp-block-spacer\"><\/div>\n\n\n<style>.wp-block-kadence-advancedheading.kt-adv-heading3318_93c797-31, .wp-block-kadence-advancedheading.kt-adv-heading3318_93c797-31[data-kb-block=\"kb-adv-heading3318_93c797-31\"]{font-style:normal;text-transform:uppercase;}.wp-block-kadence-advancedheading.kt-adv-heading3318_93c797-31 mark, .wp-block-kadence-advancedheading.kt-adv-heading3318_93c797-31[data-kb-block=\"kb-adv-heading3318_93c797-31\"] mark{font-style:normal;color:#f76a0c;padding-top:0px;padding-right:0px;padding-bottom:0px;padding-left:0px;}<\/style>\n<h2 class=\"kt-adv-heading3318_93c797-31 wp-block-kadence-advancedheading\" data-kb-block=\"kb-adv-heading3318_93c797-31\">OPERA FUOCO ORCHESTRA<\/h2>\n\n\n\n<p>Co-founded by David Stern and violinist Katharina Wolff, the Opera Fuoco Orchestra follows the same guiding principal as do the vocal soloists and studio singers - always highlighting a relationship between music and the text. As an ensemble varying in size depending on the repertoire, Opera Fuoco\u2019s spirit of chamber music is ever present and its highly regarded players are often featured as instrumental soloists.<\/p>\n\n\n\n<p>Members are well versed in historically informed playing practices, adapting their instruments and style to the repertoire and most have been part of Opera Fuoco for twenty years.<\/p>\n<\/div><\/div>\n\n<\/div><\/div>\n\n<style>.kb-row-layout-id3318_c22236-93 > .kt-row-column-wrap{align-content:start;}:where(.kb-row-layout-id3318_c22236-93 > .kt-row-column-wrap) > .wp-block-kadence-column{justify-content:start;}.kb-row-layout-id3318_c22236-93 > .kt-row-column-wrap{column-gap:var(--global-kb-gap-md, 2rem);row-gap:var(--global-kb-gap-md, 2rem);max-width:900px;margin-left:auto;margin-right:auto;padding-top:var(--global-kb-spacing-sm, 1.5rem);padding-bottom:var(--global-kb-spacing-sm, 1.5rem);grid-template-columns:minmax(0, 1fr);}.kb-row-layout-id3318_c22236-93 > .kt-row-layout-overlay{opacity:0.30;}@media all and (max-width: 1024px){.kb-row-layout-id3318_c22236-93 > .kt-row-column-wrap{grid-template-columns:minmax(0, 1fr);}}@media all and (max-width: 767px){.kb-row-layout-id3318_c22236-93 > .kt-row-column-wrap{grid-template-columns:minmax(0, 1fr);}}<\/style><div class=\"kb-row-layout-wrap kb-row-layout-id3318_c22236-93 alignnone wp-block-kadence-rowlayout\"><div class=\"kt-row-column-wrap kt-has-1-columns kt-row-layout-equal kt-tab-layout-inherit kt-mobile-layout-row kt-row-valign-top\">\n<style>.kadence-column3318_08663a-fc > .kt-inside-inner-col,.kadence-column3318_08663a-fc > .kt-inside-inner-col:before{border-top-left-radius:0px;border-top-right-radius:0px;border-bottom-right-radius:0px;border-bottom-left-radius:0px;}.kadence-column3318_08663a-fc > .kt-inside-inner-col:before{opacity:0.3;}.kadence-column3318_08663a-fc{position:relative;}<\/style>\n<div class=\"wp-block-kadence-column kadence-column3318_08663a-fc inner-column-1\"><div class=\"kt-inside-inner-col\">\n<div class=\"wp-block-uagb-blockquote uagb-block-6fdaa31d uagb-blockquote__skin-quotation uagb-blockquote__align-left uagb-blockquote__style-style_2 uagb-blockquote__stack-img-none\"><blockquote class=\"uagb-blockquote\"><span class=\"uagb-blockquote__icon\"><svg width=\"20\" height=\"20\" viewbox=\"0 0 32 32\"><path d=\"M7.031 14c3.866 0 7 3.134 7 7s-3.134 7-7 7-7-3.134-7-7l-0.031-1c0-7.732 6.268-14 14-14v4c-2.671 0-5.182 1.040-7.071 2.929-0.364 0.364-0.695 0.751-0.995 1.157 0.357-0.056 0.724-0.086 1.097-0.086zM25.031 14c3.866 0 7 3.134 7 7s-3.134 7-7 7-7-3.134-7-7l-0.031-1c0-7.732 6.268-14 14-14v4c-2.671 0-5.182 1.040-7.071 2.929-0.364 0.364-0.695 0.751-0.995 1.157 0.358-0.056 0.724-0.086 1.097-0.086z\"><\/path><\/svg><\/span><div class=\"uagb-blockquote__content\"><em>The Opera Fuoco orchestra conducted by David Stern did much more than accompany \nthe singers. It was a character in its own right, commenting on the the words of the protagonists, responding to them and often anticipating their actions. The role of the winds was essential and gave a lot of charm to the music. The flute was agile and spiritual, the oboes colored the rustic tunes, the dreamy clarinets intervened in the cantabile passages, the bassoons in their low register underlined the mysterious and dark moments, the horns played with authority and, in their symphonic role, ensured the transition between the woodwinds and the strings. The latter, led by a superb first violin, both precise, incisive but always light, had a very beautiful sound. A luxurious continuo gave life to the secco recitatives.<\/em>\u00a0<\/div><footer><div class=\"uagb-blockquote__author-wrap uagb-blockquote__author-at-left\"><cite class=\"uagb-blockquote__author translation-block\">BAROQUIADES \u2013 PIERRE BENVENISTE, DECEMBER 1<\/em><\/em>6 2021 (CD \u2013 <em>L\u2019amor conjugale<\/em>)<\/cite><\/div><\/footer><\/blockquote><\/div>\n\n\n<style>.wp-block-kadence-spacer.kt-block-spacer-3318_28c056-34 .kt-block-spacer{height:60px;}.wp-block-kadence-spacer.kt-block-spacer-3318_28c056-34 .kt-divider{border-top-width:1px;height:1px;border-top-color:#eee;width:80%;border-top-style:solid;}<\/style>\n<div class=\"wp-block-kadence-spacer aligncenter kt-block-spacer-3318_28c056-34\"><div class=\"kt-block-spacer kt-block-spacer-halign-center\"><hr class=\"kt-divider\"\/><\/div><\/div>\n\n\n\n<div class=\"wp-block-uagb-blockquote uagb-block-60613006 uagb-blockquote__skin-quotation uagb-blockquote__align-left uagb-blockquote__style-style_2 uagb-blockquote__stack-img-none\"><blockquote class=\"uagb-blockquote\"><span class=\"uagb-blockquote__icon\"><svg width=\"20\" height=\"20\" viewbox=\"0 0 32 32\"><path d=\"M7.031 14c3.866 0 7 3.134 7 7s-3.134 7-7 7-7-3.134-7-7l-0.031-1c0-7.732 6.268-14 14-14v4c-2.671 0-5.182 1.040-7.071 2.929-0.364 0.364-0.695 0.751-0.995 1.157 0.357-0.056 0.724-0.086 1.097-0.086zM25.031 14c3.866 0 7 3.134 7 7s-3.134 7-7 7-7-3.134-7-7l-0.031-1c0-7.732 6.268-14 14-14v4c-2.671 0-5.182 1.040-7.071 2.929-0.364 0.364-0.695 0.751-0.995 1.157 0.358-0.056 0.724-0.086 1.097-0.086z\"><\/path><\/svg><\/span><div class=\"uagb-blockquote__content\"><em><em>The name of the Fuoco\/Feu ensemble represents their credo well. The orchestra, with excellent soloists (notably the bassoon and English horn), is equally at home with secco attacks and seductive sonorities.<\/em><\/em><\/div><footer><div class=\"uagb-blockquote__author-wrap uagb-blockquote__author-at-left\"><cite class=\"uagb-blockquote__author\"><em><em>BONN GENERAL-ANZEIGER \u2013 SEPTEMBER 18, 2017  (L\u2019Amour Lointain at the Beethovenfest)<\/em><\/em><\/cite><\/div><\/footer><\/blockquote><\/div>\n\n\n<style>.wp-block-kadence-spacer.kt-block-spacer-3318_e9959d-75 .kt-block-spacer{height:60px;}.wp-block-kadence-spacer.kt-block-spacer-3318_e9959d-75 .kt-divider{border-top-width:1px;height:1px;border-top-color:#eee;width:80%;border-top-style:solid;}<\/style>\n<div class=\"wp-block-kadence-spacer aligncenter kt-block-spacer-3318_e9959d-75\"><div class=\"kt-block-spacer kt-block-spacer-halign-center\"><hr class=\"kt-divider\"\/><\/div><\/div>\n\n\n\n<div class=\"wp-block-uagb-blockquote uagb-block-1dafa04b uagb-blockquote__skin-quotation uagb-blockquote__align-left uagb-blockquote__style-style_2 uagb-blockquote__stack-img-none\"><blockquote class=\"uagb-blockquote\"><span class=\"uagb-blockquote__icon\"><svg width=\"20\" height=\"20\" viewbox=\"0 0 32 32\"><path d=\"M7.031 14c3.866 0 7 3.134 7 7s-3.134 7-7 7-7-3.134-7-7l-0.031-1c0-7.732 6.268-14 14-14v4c-2.671 0-5.182 1.040-7.071 2.929-0.364 0.364-0.695 0.751-0.995 1.157 0.357-0.056 0.724-0.086 1.097-0.086zM25.031 14c3.866 0 7 3.134 7 7s-3.134 7-7 7-7-3.134-7-7l-0.031-1c0-7.732 6.268-14 14-14v4c-2.671 0-5.182 1.040-7.071 2.929-0.364 0.364-0.695 0.751-0.995 1.157 0.358-0.056 0.724-0.086 1.097-0.086z\"><\/path><\/svg><\/span><div class=\"uagb-blockquote__content\"><em>The Opera Fuoco Orchestra, under the direction of its founding conductor, the American David Stern, has the ideal sound, soliciting solos from every section. They are remarkable. Katharina Wolff's devastating violin in the overture, Patricia Lavail's elegiac flute and Cl\u00e9ment Geoffroy's harpsichord are all remarkable.<\/em><\/div><footer><div class=\"uagb-blockquote__author-wrap uagb-blockquote__author-at-left\"><cite class=\"uagb-blockquote__author\"><em>OPERA MAGAZINE\u00a0\u2013\u00a0VINCENT BOREL, March 2016 \u00a0(Damon, Telemann)<\/em><\/cite><\/div><\/footer><\/blockquote><\/div>\n<\/div><\/div>\n\n<\/div><\/div>","protected":false},"excerpt":{"rendered":"<p>ORCHESTRE OPERA FUOCO Co-fond\u00e9 par David Stern et la violoniste Katharina Wolff, l&rsquo;orchestre Opera Fuoco poursuit le m\u00eame objectif que celui d\u00e9velopp\u00e9 pour les solistes&hellip;<\/p>","protected":false},"author":1,"featured_media":0,"parent":3306,"menu_order":7,"comment_status":"closed","ping_status":"closed","template":"","meta":{"qubely_global_settings":"","qubely_interactions":"","_coblocks_attr":"","_coblocks_dimensions":"","_coblocks_responsive_height":"","_coblocks_accordion_ie_support":"","_uag_custom_page_level_css":"","kk_blocks_editor_width":"","_kiokenblocks_attr":"","_kiokenblocks_dimensions":"","_vp_format_video_url":"","_vp_image_focal_point":[],"footnotes":""},"class_list":["post-3318","page","type-page","status-publish","hentry"],"featured_image_urls":{"full":"","thumbnail":"","medium":"","medium_large":"","large":"","thumblist":"","meccarouselthumb":"","gridsquare":"","tileview":"","1536x1536":"","2048x2048":"","trp-custom-language-flag":"","qubely_landscape":"","qubely_portrait":"","qubely_thumbnail":"","vp_sm":"","vp_md":"","vp_lg":"","vp_xl":"","vp_sm_popup":"","vp_md_popup":"","vp_xl_popup":""},"post_excerpt_stackable":"<p>ORCHESTRE OPERA FUOCO ORCHESTRE OPERA FUOCO Co-fond\u00e9 par David Stern et la violoniste Katharina Wolff, l&rsquo;orchestre Opera Fuoco poursuit le m\u00eame objectif que celui d\u00e9velopp\u00e9 pour les solistes de l\u2019Atelier Lyrique&nbsp;: toujours trouver un \u00e9quilibre entre le texte et la musique. Selon le r\u00e9pertoire, l\u2019orchestre adopte diff\u00e9rentes configurations mais conserve toujours un esprit de musique de chambre et ses musicien.ne.s de grande renomm\u00e9e sont souvent amen\u00e9.e.s \u00e0 se produire comme solistes instrumentaux. Les membres de l\u2019orchestre ma\u00eetrisent aussi bien le jeu d\u2019\u00e9poque que le jeu \u00ab\u00a0moderne\u00a0\u00bb et adaptent leurs instruments et leur style au r\u00e9pertoire. Bien qu\u2019\u00e9tant un orchestre ind\u00e9pendant&hellip;<\/p>\n","category_list":"","author_info":{"name":"admin","url":"https:\/\/operafuoco.fr\/en\/author\/admin\/"},"comments_num":"0 comments","aioseo_notices":[],"featured_image_src":"","featured_image_src_square":false,"rbea_author_info":{"display_name":"admin","author_link":"https:\/\/operafuoco.fr\/en\/author\/admin\/"},"rbea_excerpt_info":"ORCHESTRE OPERA FUOCO Co-fond\u00e9 par David Stern et la violoniste Katharina Wolff, l&rsquo;orchestre Opera Fuoco poursuit le m\u00eame objectif que celui d\u00e9velopp\u00e9 pour les solistes&hellip;","uagb_featured_image_src":{"full":false,"thumbnail":false,"medium":false,"medium_large":false,"large":false,"thumblist":false,"meccarouselthumb":false,"gridsquare":false,"tileview":false,"1536x1536":false,"2048x2048":false,"trp-custom-language-flag":false,"qubely_landscape":false,"qubely_portrait":false,"qubely_thumbnail":false,"vp_sm":false,"vp_md":false,"vp_lg":false,"vp_xl":false,"vp_sm_popup":false,"vp_md_popup":false,"vp_xl_popup":false},"uagb_author_info":{"display_name":"admin","author_link":"https:\/\/operafuoco.fr\/en\/author\/admin\/"},"uagb_comment_info":0,"uagb_excerpt":"ORCHESTRE OPERA FUOCO Co-fond\u00e9 par David Stern et la violoniste Katharina Wolff, l&rsquo;orchestre Opera Fuoco poursuit le m\u00eame objectif que celui d\u00e9velopp\u00e9 pour les solistes&hellip;","_links":{"self":[{"href":"https:\/\/operafuoco.fr\/en\/wp-json\/wp\/v2\/pages\/3318"}],"collection":[{"href":"https:\/\/operafuoco.fr\/en\/wp-json\/wp\/v2\/pages"}],"about":[{"href":"https:\/\/operafuoco.fr\/en\/wp-json\/wp\/v2\/types\/page"}],"author":[{"embeddable":true,"href":"https:\/\/operafuoco.fr\/en\/wp-json\/wp\/v2\/users\/1"}],"replies":[{"embeddable":true,"href":"https:\/\/operafuoco.fr\/en\/wp-json\/wp\/v2\/comments?post=3318"}],"version-history":[{"count":36,"href":"https:\/\/operafuoco.fr\/en\/wp-json\/wp\/v2\/pages\/3318\/revisions"}],"predecessor-version":[{"id":4889,"href":"https:\/\/operafuoco.fr\/en\/wp-json\/wp\/v2\/pages\/3318\/revisions\/4889"}],"up":[{"embeddable":true,"href":"https:\/\/operafuoco.fr\/en\/wp-json\/wp\/v2\/pages\/3306"}],"wp:attachment":[{"href":"https:\/\/operafuoco.fr\/en\/wp-json\/wp\/v2\/media?parent=3318"}],"curies":[{"name":"wp","href":"https:\/\/api.w.org\/{rel}","templated":true}]}}