{"id":3320,"date":"2021-09-30T13:00:03","date_gmt":"2021-09-30T13:00:03","guid":{"rendered":"https:\/\/operafuoco.fr\/?page_id=3320"},"modified":"2023-09-27T09:14:14","modified_gmt":"2023-09-27T09:14:14","slug":"fuoco-jazz","status":"publish","type":"page","link":"https:\/\/operafuoco.fr\/en\/qui-sommes-nous\/fuoco-jazz\/","title":{"rendered":"Fuoco Jazz"},"content":{"rendered":"<style>.kb-row-layout-wrap.wp-block-kadence-rowlayout.kb-row-layout-id3320_cb63dc-aa{margin-top:80px;margin-bottom:80px;}.kb-row-layout-id3320_cb63dc-aa > .kt-row-column-wrap{align-content:start;}:where(.kb-row-layout-id3320_cb63dc-aa > .kt-row-column-wrap) > .wp-block-kadence-column{justify-content:start;}.kb-row-layout-id3320_cb63dc-aa > .kt-row-column-wrap{column-gap:var(--global-kb-gap-md, 2rem);row-gap:var(--global-kb-gap-md, 2rem);padding-top:var(--global-kb-spacing-sm, 1.5rem);padding-bottom:var(--global-kb-spacing-sm, 1.5rem);grid-template-columns:minmax(0, 1fr);}.kb-row-layout-id3320_cb63dc-aa > .kt-row-layout-overlay{opacity:0.30;}@media all and (max-width: 1024px){.kb-row-layout-id3320_cb63dc-aa > .kt-row-column-wrap{grid-template-columns:minmax(0, 1fr);}}@media all and (max-width: 767px){.kb-row-layout-id3320_cb63dc-aa > .kt-row-column-wrap{grid-template-columns:minmax(0, 1fr);}}<\/style><div class=\"kb-row-layout-wrap kb-row-layout-id3320_cb63dc-aa alignnone wp-block-kadence-rowlayout\"><div class=\"kt-row-column-wrap kt-has-1-columns kt-row-layout-equal kt-tab-layout-inherit kt-mobile-layout-row kt-row-valign-top\">\n<style>.kadence-column3320_38f643-e4 > .kt-inside-inner-col,.kadence-column3320_38f643-e4 > .kt-inside-inner-col:before{border-top-left-radius:0px;border-top-right-radius:0px;border-bottom-right-radius:0px;border-bottom-left-radius:0px;}.kadence-column3320_38f643-e4 > .kt-inside-inner-col:before{opacity:0.3;}.kadence-column3320_38f643-e4{position:relative;}<\/style>\n<div class=\"wp-block-kadence-column kadence-column3320_38f643-e4 inner-column-1\"><div class=\"kt-inside-inner-col\"><div class=\"wp-block-image\">\n<figure class=\"aligncenter size-large is-resized has-animator\" data-anim-from=\"center\" data-anim-duration=\"1\" data-anim-distance=\"50\" data-anim-scale-x=\"1\" data-anim-scale-y=\"1\" data-anim-easing=\"easeInOut\" data-anim-effect=\"Cubic\"><img loading=\"lazy\" decoding=\"async\" src=\"https:\/\/operafuoco.fr\/wp-content\/uploads\/2020\/04\/LogoFuocoJazzK-1024x1024.jpg\" alt=\"\" class=\"wp-image-2423\" style=\"width:300px;height:300px\" width=\"300\" height=\"300\" srcset=\"https:\/\/operafuoco.fr\/wp-content\/uploads\/2020\/04\/LogoFuocoJazzK-1024x1024.jpg 1024w, https:\/\/operafuoco.fr\/wp-content\/uploads\/2020\/04\/LogoFuocoJazzK-300x300.jpg 300w, https:\/\/operafuoco.fr\/wp-content\/uploads\/2020\/04\/LogoFuocoJazzK-150x150.jpg 150w, https:\/\/operafuoco.fr\/wp-content\/uploads\/2020\/04\/LogoFuocoJazzK-768x768.jpg 768w, https:\/\/operafuoco.fr\/wp-content\/uploads\/2020\/04\/LogoFuocoJazzK-500x500.jpg 500w, https:\/\/operafuoco.fr\/wp-content\/uploads\/2020\/04\/LogoFuocoJazzK-800x800.jpg 800w, https:\/\/operafuoco.fr\/wp-content\/uploads\/2020\/04\/LogoFuocoJazzK-1280x1280.jpg 1280w, https:\/\/operafuoco.fr\/wp-content\/uploads\/2020\/04\/LogoFuocoJazzK-1920x1920.jpg 1920w, https:\/\/operafuoco.fr\/wp-content\/uploads\/2020\/04\/LogoFuocoJazzK-1536x1536.jpg 1536w, https:\/\/operafuoco.fr\/wp-content\/uploads\/2020\/04\/LogoFuocoJazzK-2048x2048.jpg 2048w, https:\/\/operafuoco.fr\/wp-content\/uploads\/2020\/04\/LogoFuocoJazzK.jpg 1600w\" sizes=\"(max-width: 300px) 100vw, 300px\" \/><\/figure><\/div><\/div><\/div>\n\n<\/div><\/div>\n\n<style>.kb-row-layout-id3320_47d27e-64 > .kt-row-column-wrap{align-content:center;}:where(.kb-row-layout-id3320_47d27e-64 > .kt-row-column-wrap) > .wp-block-kadence-column{justify-content:center;}.kb-row-layout-id3320_47d27e-64 > .kt-row-column-wrap{column-gap:var(--global-kb-gap-md, 2rem);row-gap:var(--global-kb-gap-md, 2rem);padding-top:var(--global-kb-spacing-sm, 1.5rem);padding-bottom:var(--global-kb-spacing-sm, 1.5rem);grid-template-columns:repeat(2, minmax(0, 1fr));}.kb-row-layout-id3320_47d27e-64 > .kt-row-layout-overlay{opacity:0.30;}@media all and (max-width: 1024px){.kb-row-layout-id3320_47d27e-64 > .kt-row-column-wrap{grid-template-columns:repeat(2, minmax(0, 1fr));}}@media all and (max-width: 767px){.kb-row-layout-id3320_47d27e-64 > .kt-row-column-wrap{grid-template-columns:minmax(0, 1fr);}}<\/style><div class=\"kb-row-layout-wrap kb-row-layout-id3320_47d27e-64 alignnone wp-block-kadence-rowlayout\"><div class=\"kt-row-column-wrap kt-has-2-columns kt-row-layout-equal kt-tab-layout-inherit kt-mobile-layout-row kt-row-valign-middle\">\n<style>.kadence-column3320_0cdffe-d1 > .kt-inside-inner-col,.kadence-column3320_0cdffe-d1 > .kt-inside-inner-col:before{border-top-left-radius:0px;border-top-right-radius:0px;border-bottom-right-radius:0px;border-bottom-left-radius:0px;}.kadence-column3320_0cdffe-d1 > .kt-inside-inner-col:before{opacity:0.3;}.kadence-column3320_0cdffe-d1{position:relative;}<\/style>\n<div class=\"wp-block-kadence-column kadence-column3320_0cdffe-d1 inner-column-1\"><div class=\"kt-inside-inner-col\">\n<figure class=\"wp-block-image size-large\"><img loading=\"lazy\" decoding=\"async\" width=\"1024\" height=\"768\" src=\"https:\/\/operafuoco.fr\/wp-content\/uploads\/2020\/09\/IMG_1407-1024x768.jpeg\" alt=\"\" class=\"wp-image-2723\" srcset=\"https:\/\/operafuoco.fr\/wp-content\/uploads\/2020\/09\/IMG_1407-1024x768.jpeg 1024w, https:\/\/operafuoco.fr\/wp-content\/uploads\/2020\/09\/IMG_1407-300x225.jpeg 300w, https:\/\/operafuoco.fr\/wp-content\/uploads\/2020\/09\/IMG_1407-768x576.jpeg 768w, https:\/\/operafuoco.fr\/wp-content\/uploads\/2020\/09\/IMG_1407-500x375.jpeg 500w, https:\/\/operafuoco.fr\/wp-content\/uploads\/2020\/09\/IMG_1407-800x600.jpeg 800w, https:\/\/operafuoco.fr\/wp-content\/uploads\/2020\/09\/IMG_1407-1280x960.jpeg 1280w, https:\/\/operafuoco.fr\/wp-content\/uploads\/2020\/09\/IMG_1407-1920x1440.jpeg 1920w, https:\/\/operafuoco.fr\/wp-content\/uploads\/2020\/09\/IMG_1407-1536x1152.jpeg 1536w, https:\/\/operafuoco.fr\/wp-content\/uploads\/2020\/09\/IMG_1407-2048x1536.jpeg 2048w, https:\/\/operafuoco.fr\/wp-content\/uploads\/2020\/09\/IMG_1407-scaled.jpeg 2000w\" sizes=\"(max-width: 1024px) 100vw, 1024px\" \/><\/figure>\n<\/div><\/div>\n\n\n<style>.kadence-column3320_a15ce0-d1 > .kt-inside-inner-col,.kadence-column3320_a15ce0-d1 > .kt-inside-inner-col:before{border-top-left-radius:0px;border-top-right-radius:0px;border-bottom-right-radius:0px;border-bottom-left-radius:0px;}.kadence-column3320_a15ce0-d1 > .kt-inside-inner-col:before{opacity:0.3;}.kadence-column3320_a15ce0-d1{position:relative;}<\/style>\n<div class=\"wp-block-kadence-column kadence-column3320_a15ce0-d1 inner-column-2\"><div class=\"kt-inside-inner-col\"><style>.wp-block-kadence-advancedheading.kt-adv-heading3320_90594b-19, .wp-block-kadence-advancedheading.kt-adv-heading3320_90594b-19[data-kb-block=\"kb-adv-heading3320_90594b-19\"]{font-weight:400;font-style:normal;font-family:Lato;}.wp-block-kadence-advancedheading.kt-adv-heading3320_90594b-19 mark, .wp-block-kadence-advancedheading.kt-adv-heading3320_90594b-19[data-kb-block=\"kb-adv-heading3320_90594b-19\"] mark{font-style:normal;color:#f76a0c;padding-top:0px;padding-right:0px;padding-bottom:0px;padding-left:0px;}<\/style>\n<h2 class=\"kt-adv-heading3320_90594b-19 wp-block-kadence-advancedheading\" data-kb-block=\"kb-adv-heading3320_90594b-19\">FUOCO JAZZ<\/h2>\n\n\n<style>.wp-block-kadence-spacer.kt-block-spacer-3320_76ae41-72 .kt-block-spacer{height:40px;}.wp-block-kadence-spacer.kt-block-spacer-3320_76ae41-72 .kt-divider{border-top-width:1px;height:1px;border-top-color:#000000;width:50%;border-top-style:solid;}<\/style>\n<div class=\"wp-block-kadence-spacer aligncenter kt-block-spacer-3320_76ae41-72\"><div class=\"kt-block-spacer kt-block-spacer-halign-left\"><hr class=\"kt-divider\"\/><\/div><\/div>\n\n\n\n<p class=\" translation-block\">Fuoco Jazz is a new branch of Opera Fuoco\u2019s Young Artist Program, which aims to stretch the boundaries to explore a new range of expression.\nWorking with experienced specialists, the singers focus on improvisation, jazz standards, blues and bossa nova, but also on how to approach classical repertoire accompanied by a jazz rhythm section. Guest artists have included singer Sara Lazarus, bassist Joseph Carver, pianists Christopher Culpo, Alain Jean-Marie and drummer Phelan Burgoyne.<\/p>\n<\/div><\/div>\n\n<\/div><\/div>\n\n<style>.wp-block-kadence-spacer.kt-block-spacer-3320_e1a93a-ce .kt-block-spacer{height:60px;}.wp-block-kadence-spacer.kt-block-spacer-3320_e1a93a-ce .kt-divider{border-top-width:1px;height:1px;border-top-color:#000000;width:40%;border-top-style:solid;}<\/style>\n<div class=\"wp-block-kadence-spacer aligncenter kt-block-spacer-3320_e1a93a-ce\"><div class=\"kt-block-spacer kt-block-spacer-halign-center\"><hr class=\"kt-divider\"\/><\/div><\/div>\n\n\n\n<figure class=\"wp-block-embed aligncenter is-type-video is-provider-youtube wp-block-embed-youtube wp-embed-aspect-16-9 wp-has-aspect-ratio\"><div class=\"wp-block-embed__wrapper\">\n<iframe loading=\"lazy\" title=\"Palimpsest - Meeting of Art Song &amp; Jazz | Fuoco Jazz\" width=\"843\" height=\"474\" src=\"https:\/\/www.youtube.com\/embed\/IqcvX_r9U_w?feature=oembed\" frameborder=\"0\" allow=\"accelerometer; autoplay; clipboard-write; encrypted-media; gyroscope; picture-in-picture\" allowfullscreen><\/iframe>\n<\/div><\/figure>","protected":false},"excerpt":{"rendered":"<p>FUOCO JAZZ Fuoco Jazz est une nouvelle branche de l\u2019Atelier Lyrique d\u2019Opera Fuoco qui vise \u00e0 repousser les limites en explorant une nouvelle gamme d\u2019expression.En&hellip;<\/p>","protected":false},"author":1,"featured_media":0,"parent":3306,"menu_order":8,"comment_status":"closed","ping_status":"closed","template":"","meta":{"qubely_global_settings":"","qubely_interactions":"","_coblocks_attr":"","_coblocks_dimensions":"","_coblocks_responsive_height":"","_coblocks_accordion_ie_support":"","_uag_custom_page_level_css":"","kk_blocks_editor_width":"","_kiokenblocks_attr":"","_kiokenblocks_dimensions":"","_vp_format_video_url":"","_vp_image_focal_point":[],"footnotes":""},"class_list":["post-3320","page","type-page","status-publish","hentry"],"featured_image_urls":{"full":"","thumbnail":"","medium":"","medium_large":"","large":"","thumblist":"","meccarouselthumb":"","gridsquare":"","tileview":"","1536x1536":"","2048x2048":"","trp-custom-language-flag":"","qubely_landscape":"","qubely_portrait":"","qubely_thumbnail":"","vp_sm":"","vp_md":"","vp_lg":"","vp_xl":"","vp_sm_popup":"","vp_md_popup":"","vp_xl_popup":""},"post_excerpt_stackable":"<p>FUOCO JAZZ Fuoco Jazz est une nouvelle branche de l\u2019Atelier Lyrique d\u2019Opera Fuoco qui vise \u00e0 repousser les limites en explorant une nouvelle gamme d\u2019expression.En collaboration avec des artistes exp\u00e9riment\u00e9.e.s, les chanteur.euse.s se concentrent sur l\u2019improvisation, les standards de jazz, le blues et la bossa nova, mais aussi sur la fa\u00e7on d\u2019aborder le r\u00e9pertoire classique en \u00e9tant accompagn\u00e9.e.s d\u2019une section rythmique jazz. Parmi les artistes&nbsp;invit\u00e9.e.s&nbsp;figurent la chanteuse Sara Lazarus, le bassiste Joseph Carver, les pianistes Christopher Culpo et Alain Jean-Marie ainsi que le batteur Phelan Burgoyne.<\/p>\n","category_list":"","author_info":{"name":"admin","url":"https:\/\/operafuoco.fr\/en\/author\/admin\/"},"comments_num":"0 comments","aioseo_notices":[],"featured_image_src":"","featured_image_src_square":false,"rbea_author_info":{"display_name":"admin","author_link":"https:\/\/operafuoco.fr\/en\/author\/admin\/"},"rbea_excerpt_info":"FUOCO JAZZ Fuoco Jazz est une nouvelle branche de l\u2019Atelier Lyrique d\u2019Opera Fuoco qui vise \u00e0 repousser les limites en explorant une nouvelle gamme d\u2019expression.En&hellip;","uagb_featured_image_src":{"full":false,"thumbnail":false,"medium":false,"medium_large":false,"large":false,"thumblist":false,"meccarouselthumb":false,"gridsquare":false,"tileview":false,"1536x1536":false,"2048x2048":false,"trp-custom-language-flag":false,"qubely_landscape":false,"qubely_portrait":false,"qubely_thumbnail":false,"vp_sm":false,"vp_md":false,"vp_lg":false,"vp_xl":false,"vp_sm_popup":false,"vp_md_popup":false,"vp_xl_popup":false},"uagb_author_info":{"display_name":"admin","author_link":"https:\/\/operafuoco.fr\/en\/author\/admin\/"},"uagb_comment_info":0,"uagb_excerpt":"FUOCO JAZZ Fuoco Jazz est une nouvelle branche de l\u2019Atelier Lyrique d\u2019Opera Fuoco qui vise \u00e0 repousser les limites en explorant une nouvelle gamme d\u2019expression.En&hellip;","_links":{"self":[{"href":"https:\/\/operafuoco.fr\/en\/wp-json\/wp\/v2\/pages\/3320"}],"collection":[{"href":"https:\/\/operafuoco.fr\/en\/wp-json\/wp\/v2\/pages"}],"about":[{"href":"https:\/\/operafuoco.fr\/en\/wp-json\/wp\/v2\/types\/page"}],"author":[{"embeddable":true,"href":"https:\/\/operafuoco.fr\/en\/wp-json\/wp\/v2\/users\/1"}],"replies":[{"embeddable":true,"href":"https:\/\/operafuoco.fr\/en\/wp-json\/wp\/v2\/comments?post=3320"}],"version-history":[{"count":15,"href":"https:\/\/operafuoco.fr\/en\/wp-json\/wp\/v2\/pages\/3320\/revisions"}],"predecessor-version":[{"id":4895,"href":"https:\/\/operafuoco.fr\/en\/wp-json\/wp\/v2\/pages\/3320\/revisions\/4895"}],"up":[{"embeddable":true,"href":"https:\/\/operafuoco.fr\/en\/wp-json\/wp\/v2\/pages\/3306"}],"wp:attachment":[{"href":"https:\/\/operafuoco.fr\/en\/wp-json\/wp\/v2\/media?parent=3320"}],"curies":[{"name":"wp","href":"https:\/\/api.w.org\/{rel}","templated":true}]}}