{"id":3322,"date":"2021-09-30T13:01:17","date_gmt":"2021-09-30T13:01:17","guid":{"rendered":"https:\/\/operafuoco.fr\/?page_id=3322"},"modified":"2023-09-27T09:09:09","modified_gmt":"2023-09-27T09:09:09","slug":"fuoco-obbligato","status":"publish","type":"page","link":"https:\/\/operafuoco.fr\/en\/qui-sommes-nous\/fuoco-obbligato\/","title":{"rendered":"Fuoco Obbligato"},"content":{"rendered":"<style>.kb-row-layout-wrap.wp-block-kadence-rowlayout.kb-row-layout-id3322_8f22ab-49{margin-top:80px;margin-bottom:80px;}.kb-row-layout-id3322_8f22ab-49 > .kt-row-column-wrap{align-content:start;}:where(.kb-row-layout-id3322_8f22ab-49 > .kt-row-column-wrap) > .wp-block-kadence-column{justify-content:start;}.kb-row-layout-id3322_8f22ab-49 > .kt-row-column-wrap{column-gap:var(--global-kb-gap-md, 2rem);row-gap:var(--global-kb-gap-md, 2rem);padding-top:0px;padding-bottom:0px;grid-template-columns:minmax(0, 1fr);}.kb-row-layout-id3322_8f22ab-49 > .kt-row-layout-overlay{opacity:0.30;}@media all and (max-width: 1024px){.kb-row-layout-id3322_8f22ab-49 > .kt-row-column-wrap{grid-template-columns:minmax(0, 1fr);}}@media all and (max-width: 767px){.kb-row-layout-id3322_8f22ab-49 > .kt-row-column-wrap{grid-template-columns:minmax(0, 1fr);}}<\/style><div class=\"kb-row-layout-wrap kb-row-layout-id3322_8f22ab-49 alignnone wp-block-kadence-rowlayout\"><div class=\"kt-row-column-wrap kt-has-1-columns kt-row-layout-equal kt-tab-layout-inherit kt-mobile-layout-row kt-row-valign-top\">\n<style>.kadence-column3322_d9722f-88 > .kt-inside-inner-col,.kadence-column3322_d9722f-88 > .kt-inside-inner-col:before{border-top-left-radius:0px;border-top-right-radius:0px;border-bottom-right-radius:0px;border-bottom-left-radius:0px;}.kadence-column3322_d9722f-88 > .kt-inside-inner-col:before{opacity:0.3;}.kadence-column3322_d9722f-88{position:relative;}<\/style>\n<div class=\"wp-block-kadence-column kadence-column3322_d9722f-88 inner-column-1\"><div class=\"kt-inside-inner-col\"><div class=\"wp-block-image\">\n<figure class=\"aligncenter size-large is-resized has-animator\" data-anim-from=\"center\" data-anim-duration=\"1\" data-anim-distance=\"50\" data-anim-scale-x=\"1\" data-anim-scale-y=\"1\" data-anim-easing=\"easeInOut\" data-anim-effect=\"Cubic\"><img loading=\"lazy\" decoding=\"async\" src=\"https:\/\/operafuoco.fr\/wp-content\/uploads\/2020\/04\/logo_obbligatoCMYK-1024x1024.jpg\" alt=\"\" class=\"wp-image-2422\" style=\"width:300px;height:300px\" width=\"300\" height=\"300\" srcset=\"https:\/\/operafuoco.fr\/wp-content\/uploads\/2020\/04\/logo_obbligatoCMYK-1024x1024.jpg 1024w, https:\/\/operafuoco.fr\/wp-content\/uploads\/2020\/04\/logo_obbligatoCMYK-300x300.jpg 300w, https:\/\/operafuoco.fr\/wp-content\/uploads\/2020\/04\/logo_obbligatoCMYK-150x150.jpg 150w, https:\/\/operafuoco.fr\/wp-content\/uploads\/2020\/04\/logo_obbligatoCMYK-768x768.jpg 768w, https:\/\/operafuoco.fr\/wp-content\/uploads\/2020\/04\/logo_obbligatoCMYK-500x500.jpg 500w, https:\/\/operafuoco.fr\/wp-content\/uploads\/2020\/04\/logo_obbligatoCMYK-800x800.jpg 800w, https:\/\/operafuoco.fr\/wp-content\/uploads\/2020\/04\/logo_obbligatoCMYK-1280x1280.jpg 1280w, https:\/\/operafuoco.fr\/wp-content\/uploads\/2020\/04\/logo_obbligatoCMYK-1920x1920.jpg 1920w, https:\/\/operafuoco.fr\/wp-content\/uploads\/2020\/04\/logo_obbligatoCMYK-1536x1536.jpg 1536w, https:\/\/operafuoco.fr\/wp-content\/uploads\/2020\/04\/logo_obbligatoCMYK-2048x2048.jpg 2048w, https:\/\/operafuoco.fr\/wp-content\/uploads\/2020\/04\/logo_obbligatoCMYK.jpg 1600w\" sizes=\"(max-width: 300px) 100vw, 300px\" \/><\/figure><\/div><\/div><\/div>\n\n<\/div><\/div>\n\n<style>.kb-row-layout-id3322_bc7284-69 > .kt-row-column-wrap{align-content:center;}:where(.kb-row-layout-id3322_bc7284-69 > .kt-row-column-wrap) > .wp-block-kadence-column{justify-content:center;}.kb-row-layout-id3322_bc7284-69 > .kt-row-column-wrap{column-gap:var(--global-kb-gap-md, 2rem);row-gap:var(--global-kb-gap-md, 2rem);padding-top:var(--global-kb-spacing-sm, 1.5rem);padding-bottom:var(--global-kb-spacing-sm, 1.5rem);grid-template-columns:repeat(2, minmax(0, 1fr));}.kb-row-layout-id3322_bc7284-69 > .kt-row-layout-overlay{opacity:0.30;}@media all and (max-width: 1024px){.kb-row-layout-id3322_bc7284-69 > .kt-row-column-wrap{grid-template-columns:repeat(2, minmax(0, 1fr));}}@media all and (max-width: 767px){.kb-row-layout-id3322_bc7284-69 > .kt-row-column-wrap{grid-template-columns:minmax(0, 1fr);}}<\/style><div class=\"kb-row-layout-wrap kb-row-layout-id3322_bc7284-69 alignnone wp-block-kadence-rowlayout\"><div class=\"kt-row-column-wrap kt-has-2-columns kt-row-layout-equal kt-tab-layout-inherit kt-mobile-layout-row kt-row-valign-middle\">\n<style>.kadence-column3322_d97046-c0 > .kt-inside-inner-col,.kadence-column3322_d97046-c0 > .kt-inside-inner-col:before{border-top-left-radius:0px;border-top-right-radius:0px;border-bottom-right-radius:0px;border-bottom-left-radius:0px;}.kadence-column3322_d97046-c0 > .kt-inside-inner-col:before{opacity:0.3;}.kadence-column3322_d97046-c0{position:relative;}<\/style>\n<div class=\"wp-block-kadence-column kadence-column3322_d97046-c0 inner-column-1\"><div class=\"kt-inside-inner-col\">\n<figure class=\"wp-block-image size-large\"><img loading=\"lazy\" decoding=\"async\" width=\"1024\" height=\"683\" src=\"https:\/\/operafuoco.fr\/wp-content\/uploads\/2020\/04\/U9A5872_R_02_BW-1024x683.jpg\" alt=\"\" class=\"wp-image-2538\" srcset=\"https:\/\/operafuoco.fr\/wp-content\/uploads\/2020\/04\/U9A5872_R_02_BW-1024x683.jpg 1024w, https:\/\/operafuoco.fr\/wp-content\/uploads\/2020\/04\/U9A5872_R_02_BW-300x200.jpg 300w, https:\/\/operafuoco.fr\/wp-content\/uploads\/2020\/04\/U9A5872_R_02_BW-768x512.jpg 768w, https:\/\/operafuoco.fr\/wp-content\/uploads\/2020\/04\/U9A5872_R_02_BW-500x333.jpg 500w, https:\/\/operafuoco.fr\/wp-content\/uploads\/2020\/04\/U9A5872_R_02_BW-800x533.jpg 800w, https:\/\/operafuoco.fr\/wp-content\/uploads\/2020\/04\/U9A5872_R_02_BW-1280x853.jpg 1280w, https:\/\/operafuoco.fr\/wp-content\/uploads\/2020\/04\/U9A5872_R_02_BW-1536x1024.jpg 1536w, https:\/\/operafuoco.fr\/wp-content\/uploads\/2020\/04\/U9A5872_R_02_BW.jpg 1600w\" sizes=\"(max-width: 1024px) 100vw, 1024px\" \/><\/figure>\n<\/div><\/div>\n\n\n<style>.kadence-column3322_466bd1-1e > .kt-inside-inner-col,.kadence-column3322_466bd1-1e > .kt-inside-inner-col:before{border-top-left-radius:0px;border-top-right-radius:0px;border-bottom-right-radius:0px;border-bottom-left-radius:0px;}.kadence-column3322_466bd1-1e > .kt-inside-inner-col:before{opacity:0.3;}.kadence-column3322_466bd1-1e{position:relative;}<\/style>\n<div class=\"wp-block-kadence-column kadence-column3322_466bd1-1e inner-column-2\"><div class=\"kt-inside-inner-col\"><style>.wp-block-kadence-advancedheading.kt-adv-heading3322_3a2655-7a, .wp-block-kadence-advancedheading.kt-adv-heading3322_3a2655-7a[data-kb-block=\"kb-adv-heading3322_3a2655-7a\"]{font-weight:400;font-style:normal;font-family:Lato;}.wp-block-kadence-advancedheading.kt-adv-heading3322_3a2655-7a mark, .wp-block-kadence-advancedheading.kt-adv-heading3322_3a2655-7a[data-kb-block=\"kb-adv-heading3322_3a2655-7a\"] mark{font-style:normal;color:#f76a0c;padding-top:0px;padding-right:0px;padding-bottom:0px;padding-left:0px;}<\/style>\n<h2 class=\"kt-adv-heading3322_3a2655-7a wp-block-kadence-advancedheading\" data-kb-block=\"kb-adv-heading3322_3a2655-7a\">FUOCO OBBLIGATO<\/h2>\n\n\n<style>.wp-block-kadence-spacer.kt-block-spacer-3322_4cecf1-51 .kt-block-spacer{height:40px;}.wp-block-kadence-spacer.kt-block-spacer-3322_4cecf1-51 .kt-divider{border-top-width:1px;height:1px;border-top-color:#000000;width:50%;border-top-style:solid;}<\/style>\n<div class=\"wp-block-kadence-spacer aligncenter kt-block-spacer-3322_4cecf1-51\"><div class=\"kt-block-spacer kt-block-spacer-halign-left\"><hr class=\"kt-divider\"\/><\/div><\/div>\n\n\n<style>.wp-block-kadence-advancedheading.kt-adv-heading3322_d367a9-3b, .wp-block-kadence-advancedheading.kt-adv-heading3322_d367a9-3b[data-kb-block=\"kb-adv-heading3322_d367a9-3b\"]{font-style:normal;}.wp-block-kadence-advancedheading.kt-adv-heading3322_d367a9-3b mark, .wp-block-kadence-advancedheading.kt-adv-heading3322_d367a9-3b[data-kb-block=\"kb-adv-heading3322_d367a9-3b\"] mark{font-style:normal;color:#f76a0c;padding-top:0px;padding-right:0px;padding-bottom:0px;padding-left:0px;}<\/style>\n<p class=\"kt-adv-heading3322_d367a9-3b wp-block-kadence-advancedheading\" data-kb-block=\"kb-adv-heading3322_d367a9-3b\">Fuoco Obbligato, founded by violinist Katharina Wolff in 2020, is a chamber ensemble combining Opera Fuoco\u2019s young singers and its instrumental soloists. Whether interpreting arias from baroque opera, oratorio, the passions or Lied, the ensemble explores the subtle discourse between singer and chamber musician. The intertwining of vocal and instrumental \u201cobbligato\u201d lines, often representing a musical ego and alter-ego, is an expressive medium used by composers from the early 18th century onward. Fuoco Obbligato gives the company\u2019s Young Artists Program an intimate performance platform to complement the masterclasses and full-scale opera productions. The ensemble is currently in residence at the Ecouen Castle - National Renaissance Museum and has played at the Monet Marmottan Museum in Paris and in numerous festivals in France; incoluding the Itin\u00e9raire Baroque festival and Bach en Combrailles. <\/p>\n\n\n\n<blockquote class=\"wp-block-quote is-layout-flow wp-block-quote-is-layout-flow\">\n<p><span style=\"color: #033b7e;\" class=\"stk-highlight\"><strong>\u201cSpirited and playful presentation by David Stern and Katharina Wolff (with her bow): an intense and seductive multi-lingual program, beautifully structured and interpreted with inventiveness and aplomb\u2026\u201d   Concertclassic.com<\/strong><\/span><\/p>\n<\/blockquote>\n<\/div><\/div>\n\n<\/div><\/div>\n\n<style>.wp-block-kadence-advancedheading.kt-adv-heading3322_6d196d-6e, .wp-block-kadence-advancedheading.kt-adv-heading3322_6d196d-6e[data-kb-block=\"kb-adv-heading3322_6d196d-6e\"]{margin-top:40px;margin-bottom:40px;text-align:center;font-style:normal;}.wp-block-kadence-advancedheading.kt-adv-heading3322_6d196d-6e mark, .wp-block-kadence-advancedheading.kt-adv-heading3322_6d196d-6e[data-kb-block=\"kb-adv-heading3322_6d196d-6e\"] mark{font-style:normal;color:#f76a0c;padding-top:0px;padding-right:0px;padding-bottom:0px;padding-left:0px;}<\/style>\n<h2 class=\"kt-adv-heading3322_6d196d-6e wp-block-kadence-advancedheading\" data-kb-block=\"kb-adv-heading3322_6d196d-6e\">Productions<\/h2>\n\n\n\n<div style=\"height:47px\" aria-hidden=\"true\" class=\"wp-block-spacer\"><\/div>\n\n\n\n<div class=\"vp-portfolio vp-uid-db716ec7 vp-id-3585\"\n\tdata-vp-layout=\"tiles\" data-vp-content-source=\"post-based\" data-vp-items-style=\"fade\" data-vp-items-click-action=\"url\" data-vp-items-gap=\"15\" data-vp-items-gap-vertical=\"\" data-vp-pagination=\"infinite\" data-vp-next-page-url=\"\" data-vp-tiles-type=\"3|1,0.8|\" >\n\t<div class=\"vp-portfolio__preloader-wrap\">\n\t\t<div class=\"vp-portfolio__preloader\">\n\t\t\t<img decoding=\"async\" loading=\"eager\" src=\"https:\/\/operafuoco.fr\/wp-content\/plugins\/visual-portfolio\/assets\/images\/logo-dark.svg\" alt=\"Visual Portfolio, Posts &amp; Image Gallery for WordPress\" width=\"20\" height=\"20\" data-skip-lazy>\n\t\t<\/div>\n\t<\/div>\n\t\t<div class=\"vp-portfolio__items-wrap\">\n\t\t\t\n<div class=\"vp-portfolio__items vp-portfolio__items-style-fade vp-portfolio__items-show-overlay-always\">\n\n\t\t<article\t\tclass=\"vp-portfolio__item-wrap post-5597 post type-post status-publish format-standard has-post-thumbnail hentry category-concerts tag-fuoco-obbligato tag-coming tag-news vp-portfolio__item-uid-386f0ce5\" data-vp-filter=\"concerts\" \t\t>\n\t\t\t\t\t\t\t\t\t<figure class=\"vp-portfolio__item\">\n\t\t\t\t\n<div class=\"vp-portfolio__item-img-wrap\">\n\t<div class=\"vp-portfolio__item-img\">\n\t\t\t<a\n\t\thref=\"https:\/\/operafuoco.fr\/en\/labyrinthe-de-lamour-fuoco-obbligato\/\"\n\t\t\t>\n\t\n\t\t<noscript><img loading=\"lazy\" decoding=\"async\" width=\"736\" height=\"1104\" data-skip-lazy src=\"https:\/\/operafuoco.fr\/wp-content\/uploads\/2025\/09\/d9015f066ca52f22295ff7c9695ac588.jpg\" class=\"wp-image-5598\" alt=\"\" srcset=\"https:\/\/operafuoco.fr\/wp-content\/uploads\/2025\/09\/d9015f066ca52f22295ff7c9695ac588.jpg 736w, https:\/\/operafuoco.fr\/wp-content\/uploads\/2025\/09\/d9015f066ca52f22295ff7c9695ac588-200x300.jpg 200w, https:\/\/operafuoco.fr\/wp-content\/uploads\/2025\/09\/d9015f066ca52f22295ff7c9695ac588-683x1024.jpg 683w, https:\/\/operafuoco.fr\/wp-content\/uploads\/2025\/09\/d9015f066ca52f22295ff7c9695ac588-8x12.jpg 8w, https:\/\/operafuoco.fr\/wp-content\/uploads\/2025\/09\/d9015f066ca52f22295ff7c9695ac588-500x750.jpg 500w\" sizes=\"(max-width: 736px) 100vw, 736px\" \/><\/noscript><img fetchpriority=\"high\" decoding=\"async\" width=\"736\" height=\"1104\" src=\"https:\/\/operafuoco.fr\/wp-content\/uploads\/2025\/09\/d9015f066ca52f22295ff7c9695ac588.jpg\" class=\"wp-image-5598 vp-lazyload\" alt srcset=\"data:image\/svg+xml;base64,PHN2ZyB3aWR0aD0iNzM2IiBoZWlnaHQ9IjExMDQiIHZpZXdCb3g9IjAgMCA3MzYgMTEwNCIgZmlsbD0ibm9uZSIgeG1sbnM9Imh0dHA6Ly93d3cudzMub3JnLzIwMDAvc3ZnIj48L3N2Zz4=\" data-src=\"https:\/\/operafuoco.fr\/wp-content\/uploads\/2025\/09\/d9015f066ca52f22295ff7c9695ac588.jpg\" data-srcset=\"https:\/\/operafuoco.fr\/wp-content\/uploads\/2025\/09\/d9015f066ca52f22295ff7c9695ac588.jpg 736w, https:\/\/operafuoco.fr\/wp-content\/uploads\/2025\/09\/d9015f066ca52f22295ff7c9695ac588-200x300.jpg 200w, https:\/\/operafuoco.fr\/wp-content\/uploads\/2025\/09\/d9015f066ca52f22295ff7c9695ac588-683x1024.jpg 683w, https:\/\/operafuoco.fr\/wp-content\/uploads\/2025\/09\/d9015f066ca52f22295ff7c9695ac588-8x12.jpg 8w, https:\/\/operafuoco.fr\/wp-content\/uploads\/2025\/09\/d9015f066ca52f22295ff7c9695ac588-500x750.jpg 500w\" data-sizes=\"auto\" loading=\"eager\">\n\t\t<\/a>\t<\/div>\n<\/div>\n\t<figcaption class=\"vp-portfolio__item-overlay vp-portfolio__item-overlay-text-align-center\">\n\t\t<div class=\"vp-portfolio__item-meta-wrap vp-portfolio__custom-scrollbar\">\n\t\t\t\t<a\n\t\thref=\"https:\/\/operafuoco.fr\/en\/labyrinthe-de-lamour-fuoco-obbligato\/\"\n\t\ttabindex=\"-1\" class=\"vp-portfolio__item-meta\" \t>\n\t\n<h2 class=\"vp-portfolio__item-meta-title\">\n\tLABYRINTHE DE L&rsquo;AMOUR &#8211; FUOCO OBBLIGATO<\/h2>\n<\/a>\t\t<\/div>\n\t<\/figcaption>\n\t\t\t<\/figure>\n\t\t\t\t\t<\/article>\n\t\t\n\t\t<article\t\tclass=\"vp-portfolio__item-wrap post-4274 post type-post status-publish format-standard has-post-thumbnail hentry category-operas tag-archive tag-fuoco-obbligato vp-portfolio__item-uid-82160131\" data-vp-filter=\"operas\" \t\t>\n\t\t\t\t\t\t\t\t\t<figure class=\"vp-portfolio__item\">\n\t\t\t\t\n<div class=\"vp-portfolio__item-img-wrap\">\n\t<div class=\"vp-portfolio__item-img\">\n\t\t\t<a\n\t\thref=\"https:\/\/operafuoco.fr\/en\/latte-e-mele-fuoco-obbligato\/\"\n\t\t\t>\n\t\n\t\t<noscript><img loading=\"lazy\" decoding=\"async\" width=\"540\" height=\"540\" data-skip-lazy src=\"https:\/\/operafuoco.fr\/wp-content\/uploads\/2022\/06\/Latte-e-Miele.jpg\" class=\"wp-image-4309\" alt=\"\" srcset=\"https:\/\/operafuoco.fr\/wp-content\/uploads\/2022\/06\/Latte-e-Miele.jpg 540w, https:\/\/operafuoco.fr\/wp-content\/uploads\/2022\/06\/Latte-e-Miele-300x300.jpg 300w, https:\/\/operafuoco.fr\/wp-content\/uploads\/2022\/06\/Latte-e-Miele-150x150.jpg 150w, https:\/\/operafuoco.fr\/wp-content\/uploads\/2022\/06\/Latte-e-Miele-12x12.jpg 12w, https:\/\/operafuoco.fr\/wp-content\/uploads\/2022\/06\/Latte-e-Miele-500x500.jpg 500w\" sizes=\"(max-width: 540px) 100vw, 540px\" \/><\/noscript><img decoding=\"async\" width=\"540\" height=\"540\" src=\"https:\/\/operafuoco.fr\/wp-content\/uploads\/2022\/06\/Latte-e-Miele.jpg\" class=\"wp-image-4309 vp-lazyload\" alt srcset=\"data:image\/svg+xml;base64,PHN2ZyB3aWR0aD0iNTQwIiBoZWlnaHQ9IjU0MCIgdmlld0JveD0iMCAwIDU0MCA1NDAiIGZpbGw9Im5vbmUiIHhtbG5zPSJodHRwOi8vd3d3LnczLm9yZy8yMDAwL3N2ZyI+PC9zdmc+\" data-src=\"https:\/\/operafuoco.fr\/wp-content\/uploads\/2022\/06\/Latte-e-Miele.jpg\" data-srcset=\"https:\/\/operafuoco.fr\/wp-content\/uploads\/2022\/06\/Latte-e-Miele.jpg 540w, https:\/\/operafuoco.fr\/wp-content\/uploads\/2022\/06\/Latte-e-Miele-300x300.jpg 300w, https:\/\/operafuoco.fr\/wp-content\/uploads\/2022\/06\/Latte-e-Miele-150x150.jpg 150w, https:\/\/operafuoco.fr\/wp-content\/uploads\/2022\/06\/Latte-e-Miele-12x12.jpg 12w, https:\/\/operafuoco.fr\/wp-content\/uploads\/2022\/06\/Latte-e-Miele-500x500.jpg 500w\" data-sizes=\"auto\" loading=\"eager\">\n\t\t<\/a>\t<\/div>\n<\/div>\n\t<figcaption class=\"vp-portfolio__item-overlay vp-portfolio__item-overlay-text-align-center\">\n\t\t<div class=\"vp-portfolio__item-meta-wrap vp-portfolio__custom-scrollbar\">\n\t\t\t\t<a\n\t\thref=\"https:\/\/operafuoco.fr\/en\/latte-e-mele-fuoco-obbligato\/\"\n\t\ttabindex=\"-1\" class=\"vp-portfolio__item-meta\" \t>\n\t\n<h2 class=\"vp-portfolio__item-meta-title\">\n\tLatte e Miele &#8211; Fuoco Obbligato<\/h2>\n<\/a>\t\t<\/div>\n\t<\/figcaption>\n\t\t\t<\/figure>\n\t\t\t\t\t<\/article>\n\t\t\n\t\t<article\t\tclass=\"vp-portfolio__item-wrap post-4023 post type-post status-publish format-standard has-post-thumbnail hentry category-concerts tag-archive tag-fuoco-obbligato vp-portfolio__item-uid-6281b4b9\" data-vp-filter=\"concerts\" \t\t>\n\t\t\t\t\t\t\t\t\t<figure class=\"vp-portfolio__item\">\n\t\t\t\t\n<div class=\"vp-portfolio__item-img-wrap\">\n\t<div class=\"vp-portfolio__item-img\">\n\t\t\t<a\n\t\thref=\"https:\/\/operafuoco.fr\/en\/fuoco-obbligato-tete-a-tete-2\/\"\n\t\t\t>\n\t\n\t\t<noscript><img loading=\"lazy\" decoding=\"async\" width=\"1500\" height=\"1000\" data-skip-lazy src=\"https:\/\/operafuoco.fr\/wp-content\/uploads\/2019\/04\/Concert-Fuoco-Obbligato-.jpg\" class=\"wp-image-3726\" alt=\"\" srcset=\"https:\/\/operafuoco.fr\/wp-content\/uploads\/2019\/04\/Concert-Fuoco-Obbligato-.jpg 1500w, https:\/\/operafuoco.fr\/wp-content\/uploads\/2019\/04\/Concert-Fuoco-Obbligato--300x200.jpg 300w, https:\/\/operafuoco.fr\/wp-content\/uploads\/2019\/04\/Concert-Fuoco-Obbligato--1024x683.jpg 1024w, https:\/\/operafuoco.fr\/wp-content\/uploads\/2019\/04\/Concert-Fuoco-Obbligato--768x512.jpg 768w, https:\/\/operafuoco.fr\/wp-content\/uploads\/2019\/04\/Concert-Fuoco-Obbligato--391x260.jpg 391w, https:\/\/operafuoco.fr\/wp-content\/uploads\/2019\/04\/Concert-Fuoco-Obbligato--18x12.jpg 18w, https:\/\/operafuoco.fr\/wp-content\/uploads\/2019\/04\/Concert-Fuoco-Obbligato--500x333.jpg 500w, https:\/\/operafuoco.fr\/wp-content\/uploads\/2019\/04\/Concert-Fuoco-Obbligato--800x533.jpg 800w, https:\/\/operafuoco.fr\/wp-content\/uploads\/2019\/04\/Concert-Fuoco-Obbligato--1280x853.jpg 1280w\" sizes=\"(max-width: 1500px) 100vw, 1500px\" \/><\/noscript><img decoding=\"async\" width=\"1500\" height=\"1000\" src=\"https:\/\/operafuoco.fr\/wp-content\/uploads\/2019\/04\/Concert-Fuoco-Obbligato-.jpg\" class=\"wp-image-3726 vp-lazyload\" alt srcset=\"data:image\/svg+xml;base64,PHN2ZyB3aWR0aD0iMTUwMCIgaGVpZ2h0PSIxMDAwIiB2aWV3Qm94PSIwIDAgMTUwMCAxMDAwIiBmaWxsPSJub25lIiB4bWxucz0iaHR0cDovL3d3dy53My5vcmcvMjAwMC9zdmciPjwvc3ZnPg==\" data-src=\"https:\/\/operafuoco.fr\/wp-content\/uploads\/2019\/04\/Concert-Fuoco-Obbligato-.jpg\" data-srcset=\"https:\/\/operafuoco.fr\/wp-content\/uploads\/2019\/04\/Concert-Fuoco-Obbligato-.jpg 1500w, https:\/\/operafuoco.fr\/wp-content\/uploads\/2019\/04\/Concert-Fuoco-Obbligato--300x200.jpg 300w, https:\/\/operafuoco.fr\/wp-content\/uploads\/2019\/04\/Concert-Fuoco-Obbligato--1024x683.jpg 1024w, https:\/\/operafuoco.fr\/wp-content\/uploads\/2019\/04\/Concert-Fuoco-Obbligato--768x512.jpg 768w, https:\/\/operafuoco.fr\/wp-content\/uploads\/2019\/04\/Concert-Fuoco-Obbligato--391x260.jpg 391w, https:\/\/operafuoco.fr\/wp-content\/uploads\/2019\/04\/Concert-Fuoco-Obbligato--18x12.jpg 18w, https:\/\/operafuoco.fr\/wp-content\/uploads\/2019\/04\/Concert-Fuoco-Obbligato--500x333.jpg 500w, https:\/\/operafuoco.fr\/wp-content\/uploads\/2019\/04\/Concert-Fuoco-Obbligato--800x533.jpg 800w, https:\/\/operafuoco.fr\/wp-content\/uploads\/2019\/04\/Concert-Fuoco-Obbligato--1280x853.jpg 1280w\" data-sizes=\"auto\" loading=\"eager\">\n\t\t<\/a>\t<\/div>\n<\/div>\n\t<figcaption class=\"vp-portfolio__item-overlay vp-portfolio__item-overlay-text-align-center\">\n\t\t<div class=\"vp-portfolio__item-meta-wrap vp-portfolio__custom-scrollbar\">\n\t\t\t\t<a\n\t\thref=\"https:\/\/operafuoco.fr\/en\/fuoco-obbligato-tete-a-tete-2\/\"\n\t\ttabindex=\"-1\" class=\"vp-portfolio__item-meta\" \t>\n\t\n<h2 class=\"vp-portfolio__item-meta-title\">\n\tT\u00eate-\u00e0-t\u00eate &#8211; Fuoco Obbligato<\/h2>\n<\/a>\t\t<\/div>\n\t<\/figcaption>\n\t\t\t<\/figure>\n\t\t\t\t\t<\/article>\n\t\t\n<\/div>\n\t\t<\/div>\n\t\t\n<\/div>","protected":false},"excerpt":{"rendered":"<p>FUOCO OBBLIGATO Fuoco Obbligato, fond\u00e9 par la violoniste Katharina Wolff en 2020, est un ensemble de chambre r\u00e9unissant les jeunes chanteur.euse.s d&rsquo;Opera Fuoco et ses&hellip;<\/p>","protected":false},"author":1,"featured_media":0,"parent":3306,"menu_order":9,"comment_status":"closed","ping_status":"closed","template":"","meta":{"qubely_global_settings":"","qubely_interactions":"","_coblocks_attr":"","_coblocks_dimensions":"","_coblocks_responsive_height":"","_coblocks_accordion_ie_support":"","_uag_custom_page_level_css":"","kk_blocks_editor_width":"","_kiokenblocks_attr":"","_kiokenblocks_dimensions":"","_vp_format_video_url":"","_vp_image_focal_point":[],"footnotes":""},"class_list":["post-3322","page","type-page","status-publish","hentry"],"featured_image_urls":{"full":"","thumbnail":"","medium":"","medium_large":"","large":"","thumblist":"","meccarouselthumb":"","gridsquare":"","tileview":"","1536x1536":"","2048x2048":"","trp-custom-language-flag":"","qubely_landscape":"","qubely_portrait":"","qubely_thumbnail":"","vp_sm":"","vp_md":"","vp_lg":"","vp_xl":"","vp_sm_popup":"","vp_md_popup":"","vp_xl_popup":""},"post_excerpt_stackable":"<p>FUOCO OBBLIGATO Fuoco Obbligato, fond\u00e9 par la violoniste Katharina Wolff en 2020, est un ensemble de chambre r\u00e9unissant les jeunes chanteur.euse.s d&rsquo;Opera Fuoco et ses solistes instrumentaux. Qu&rsquo;il s&rsquo;agisse d&rsquo;interpr\u00e9ter des airs d&rsquo;op\u00e9ras baroques, d&rsquo;oratorio, de passions ou de lied, l&rsquo;ensemble explore le dialogue subtil entre les chanteur.euse.s et les instrumentistes. Tr\u00e8s utilis\u00e9 par les compositeurs depuis le d\u00e9but du XVIIIe si\u00e8cle, l&rsquo;entrelacement de la voix et de l&rsquo;instrument solo dit \u00ab\u00a0oblig\u00e9\u00a0\u00bb, repr\u00e9sentant souvent un ego et un alter-ego musical, est un moyen d&rsquo;exprimer des \u00e9motions avec des points de vue diff\u00e9rents. Fuoco Obbligato permet aux jeunes artistes de l\u2019Atelier&hellip;<\/p>\n","category_list":"","author_info":{"name":"admin","url":"https:\/\/operafuoco.fr\/en\/author\/admin\/"},"comments_num":"0 comments","aioseo_notices":[],"featured_image_src":"","featured_image_src_square":false,"rbea_author_info":{"display_name":"admin","author_link":"https:\/\/operafuoco.fr\/en\/author\/admin\/"},"rbea_excerpt_info":"FUOCO OBBLIGATO Fuoco Obbligato, fond\u00e9 par la violoniste Katharina Wolff en 2020, est un ensemble de chambre r\u00e9unissant les jeunes chanteur.euse.s d&rsquo;Opera Fuoco et ses&hellip;","uagb_featured_image_src":{"full":false,"thumbnail":false,"medium":false,"medium_large":false,"large":false,"thumblist":false,"meccarouselthumb":false,"gridsquare":false,"tileview":false,"1536x1536":false,"2048x2048":false,"trp-custom-language-flag":false,"qubely_landscape":false,"qubely_portrait":false,"qubely_thumbnail":false,"vp_sm":false,"vp_md":false,"vp_lg":false,"vp_xl":false,"vp_sm_popup":false,"vp_md_popup":false,"vp_xl_popup":false},"uagb_author_info":{"display_name":"admin","author_link":"https:\/\/operafuoco.fr\/en\/author\/admin\/"},"uagb_comment_info":0,"uagb_excerpt":"FUOCO OBBLIGATO Fuoco Obbligato, fond\u00e9 par la violoniste Katharina Wolff en 2020, est un ensemble de chambre r\u00e9unissant les jeunes chanteur.euse.s d&rsquo;Opera Fuoco et ses&hellip;","_links":{"self":[{"href":"https:\/\/operafuoco.fr\/en\/wp-json\/wp\/v2\/pages\/3322"}],"collection":[{"href":"https:\/\/operafuoco.fr\/en\/wp-json\/wp\/v2\/pages"}],"about":[{"href":"https:\/\/operafuoco.fr\/en\/wp-json\/wp\/v2\/types\/page"}],"author":[{"embeddable":true,"href":"https:\/\/operafuoco.fr\/en\/wp-json\/wp\/v2\/users\/1"}],"replies":[{"embeddable":true,"href":"https:\/\/operafuoco.fr\/en\/wp-json\/wp\/v2\/comments?post=3322"}],"version-history":[{"count":13,"href":"https:\/\/operafuoco.fr\/en\/wp-json\/wp\/v2\/pages\/3322\/revisions"}],"predecessor-version":[{"id":4894,"href":"https:\/\/operafuoco.fr\/en\/wp-json\/wp\/v2\/pages\/3322\/revisions\/4894"}],"up":[{"embeddable":true,"href":"https:\/\/operafuoco.fr\/en\/wp-json\/wp\/v2\/pages\/3306"}],"wp:attachment":[{"href":"https:\/\/operafuoco.fr\/en\/wp-json\/wp\/v2\/media?parent=3322"}],"curies":[{"name":"wp","href":"https:\/\/api.w.org\/{rel}","templated":true}]}}