{"id":348,"date":"2019-04-05T13:50:59","date_gmt":"2019-04-05T13:50:59","guid":{"rendered":"https:\/\/operafuoco.fr\/calendar\/"},"modified":"2021-10-20T14:38:32","modified_gmt":"2021-10-20T14:38:32","slug":"agenda","status":"publish","type":"page","link":"https:\/\/operafuoco.fr\/en\/agenda\/","title":{"rendered":"Calendar"},"content":{"rendered":"<div class=\"wp-block-cover alignfull\" style=\"min-height:600px;aspect-ratio:unset;\"><img loading=\"lazy\" decoding=\"async\" width=\"1400\" height=\"1100\" class=\"wp-block-cover__image-background wp-image-3377\" alt=\"\" src=\"https:\/\/operafuoco.fr\/wp-content\/uploads\/2021\/09\/AAA_3810WEB.jpg\" style=\"object-position:63% 51%\" data-object-fit=\"cover\" data-object-position=\"63% 51%\" srcset=\"https:\/\/operafuoco.fr\/wp-content\/uploads\/2021\/09\/AAA_3810WEB.jpg 1400w, https:\/\/operafuoco.fr\/wp-content\/uploads\/2021\/09\/AAA_3810WEB-300x236.jpg 300w, https:\/\/operafuoco.fr\/wp-content\/uploads\/2021\/09\/AAA_3810WEB-1024x805.jpg 1024w, https:\/\/operafuoco.fr\/wp-content\/uploads\/2021\/09\/AAA_3810WEB-768x603.jpg 768w, https:\/\/operafuoco.fr\/wp-content\/uploads\/2021\/09\/AAA_3810WEB-15x12.jpg 15w, https:\/\/operafuoco.fr\/wp-content\/uploads\/2021\/09\/AAA_3810WEB-500x393.jpg 500w, https:\/\/operafuoco.fr\/wp-content\/uploads\/2021\/09\/AAA_3810WEB-800x629.jpg 800w, https:\/\/operafuoco.fr\/wp-content\/uploads\/2021\/09\/AAA_3810WEB-1280x1006.jpg 1280w\" sizes=\"(max-width: 1400px) 100vw, 1400px\" \/><div class=\"wp-block-cover__inner-container is-layout-flow wp-block-cover-is-layout-flow\">\n<p class=\"has-text-align-center has-large-font-size\">CALENDAR<\/p>\n<\/div><\/div>\n\n\n\n<div id=\"mec_skin_128\" class=\"mec-wrap colorskin-custom   mec-full-calendar-wrap\">\r\n\r\n    <div class=\"mec-search-form mec-totalcal-box\">\r\n                                    <div id=\"mec_search_form_128\" class=\"mec-dropdown-wrap\">\r\n\r\n            \r\n            <div class=\"mec-dropdown-wrap\">\r\n                                    <div class=\"mec-dropdown-search\"><i class=\"mec-sl-folder\"><\/i><select  name=' ' id='mec_sf_category_128' class='postform'>\n\t<option value='' selected='selected'>Category<\/option>\n\t<option class=\"level-0\" value=\"132\">Disque<\/option>\n\t<option class=\"level-0\" value=\"123\">Recording<\/option>\n\t<option class=\"level-0\" value=\"121\">S\u00e9rie<\/option>\n\t<option class=\"level-0\" value=\"81\">Encounter-concerts<\/option>\n\t<option class=\"level-0\" value=\"26\">Concerts<\/option>\n\t<option class=\"level-0\" value=\"25\">Operas<\/option>\n<\/select>\n<\/div>                                                                                                            <\/div>\r\n        <\/div>\r\n        <div id=\"mec_search_form_128\">\r\n                                <\/div>\r\n        <div id=\"mec_search_form_128\" class=\"mec-full-calendar-search-ends\">\r\n                                        <div class=\"mec-date-search\"><input type=\"hidden\" id=\"mec-filter-none\" value=\"Select\"><i class=\"mec-sl-calendar\"><\/i>\r\n                    <select id=\"mec_sf_month_128\">\r\n                        <option value=\"\">Select Month<\/option><option class=\"mec-none-item\" value=\"none\" selected=\"selected\">Select<\/option><option value=\"01\">January<\/option><option value=\"02\">February<\/option><option value=\"03\">March<\/option><option value=\"04\">April<\/option><option value=\"05\">May<\/option><option value=\"06\">June<\/option><option value=\"07\">July<\/option><option value=\"08\">August<\/option><option value=\"09\">September<\/option><option value=\"10\">October<\/option><option value=\"11\">November<\/option><option value=\"12\">December<\/option><\/select><select id=\"mec_sf_year_128\"><option class=\"mec-none-item\" value=\"none\" selected=\"selected\">Select<\/option><option value=\"2017\" >2017<\/option><option value=\"2018\" >2018<\/option><option value=\"2019\" >2019<\/option><option value=\"2020\" >2020<\/option><option value=\"2021\" >2021<\/option><option value=\"2022\" >2022<\/option><option value=\"2023\" >2023<\/option><option value=\"2024\" >2024<\/option><option value=\"2025\" >2025<\/option><option value=\"2026\" >2026<\/option><option value=\"2027\" >2027<\/option><option value=\"2028\" >2028<\/option><option value=\"2029\" >2029<\/option><option value=\"2030\" >2030<\/option><\/select><\/div>                                                <div class=\"col-md-12 mec-tab-loader\">\r\n                <div class=\"mec-totalcal-view\">\r\n                                        <span class=\"mec-totalcal-monthlyview\" data-skin=\"monthly\">Monthly<\/span>                    <span class=\"mec-totalcal-weeklyview\" data-skin=\"weekly\">Weekly<\/span>                    <span class=\"mec-totalcal-dailyview\" data-skin=\"daily\">Daily<\/span>                    <span class=\"mec-totalcal-listview mec-totalcalview-selected\" data-skin=\"list\">List<\/span>                                                        <\/div>\r\n            <\/div>\r\n        <\/div>\r\n            <\/div>\r\n\r\n    <div id=\"mec_full_calendar_container_128\" class=\"mec-full-calendar-skin-container\">\r\n        <div class=\"mec-wrap mec-skin-list-container\" id=\"mec_skin_128\">\r\n    \r\n    \r\n            <div class=\"mec-skin-list-events-container\" id=\"mec_skin_events_128\">\r\n        <div class=\"mec-wrap colorskin-custom\">\r\n\t<div class=\"mec-event-list-standard\">\r\n\t\t\r\n                        <div class=\"mec-month-divider\" data-toggle-divider=\"mec-toggle-202604-128\"><span>April 2026<\/span><i class=\"mec-sl-arrow-down\"><\/i><\/div>\r\n            \r\n                    <script type=\"application\/ld+json\">\r\n        {\r\n            \"@context\": \"http:\/\/schema.org\",\r\n            \"@type\": \"Event\",\r\n            \"eventStatus\": \"https:\/\/schema.org\/EventScheduled\",\r\n            \"startDate\": \"2026-04-17\",\r\n            \"endDate\": \"2026-04-17\",\r\n            \"eventAttendanceMode\": \"https:\/\/schema.org\/OfflineEventAttendanceMode\",\r\n            \"location\":\r\n            {\r\n                \"@type\": \"Place\",\r\n                                \"name\": \"Reid Hall - Paris 6\",\r\n                \"image\": \"\",\r\n                \"address\": \"\"\r\n                            },\r\n            \"organizer\":\r\n            {\r\n                \"@type\": \"Person\",\r\n                \"name\": \"\",\r\n                \"url\": \"\"\r\n            },\r\n            \"offers\":\r\n            {\r\n                \"url\": \"https:\/\/www.helloasso.com\/associations\/opera-fuoco\/evenements\/concert-rencontre-idomenee-campra\",\r\n                \"price\": \"\",\r\n                \"priceCurrency\": \"\u20ac\",\r\n                \"availability\": \"https:\/\/schema.org\/InStock\",\r\n                \"validFrom\": \"2026-04-17T00:00\"\r\n            },\r\n            \"performer\": \"\",\r\n            \"description\": \"&lt;!-- wp:paragraph {&quot;kioblocks&quot;:[]} --&gt; &lt;div class=&quot;figure&quot;&gt;&lt;\/div&gt; &lt;!-- \/wp:paragraph --&gt;\",\r\n            \"image\": \"https:\/\/operafuoco.fr\/wp-content\/uploads\/2025\/09\/398f073e9b52c25b312d11ae9b021927.jpg\",\r\n            \"name\": \"IDOM\u00c9N\u00c9E &#8211; CAMPRA\",\r\n            \"url\": \"https:\/\/www.helloasso.com\/associations\/opera-fuoco\/evenements\/concert-rencontre-idomenee-campra\"\r\n        }\r\n        <\/script>\r\n                    <article class=\"mec-event-article  mec-clear  mec-divider-toggle mec-toggle-202604-128\" itemscope>\r\n                                                        <div class=\"mec-topsec\">\r\n                        <div class=\"col-md-3 mec-event-image-wrap mec-col-table-c\">\r\n                            <div class=\"mec-event-image\"><a   data-event-id=\"5644\" href=\"https:\/\/www.helloasso.com\/associations\/opera-fuoco\/evenements\/concert-rencontre-idomenee-campra\" target=\"m1\" rel=\"noopener\"><img loading=\"lazy\" decoding=\"async\" width=\"300\" height=\"300\" src=\"https:\/\/operafuoco.fr\/wp-content\/uploads\/2025\/09\/398f073e9b52c25b312d11ae9b021927-300x300.jpg\" class=\"attachment-thumblist size-thumblist wp-post-image\" alt=\"\" data-mec-postid=\"5644\" srcset=\"https:\/\/operafuoco.fr\/wp-content\/uploads\/2025\/09\/398f073e9b52c25b312d11ae9b021927-300x300.jpg 300w, https:\/\/operafuoco.fr\/wp-content\/uploads\/2025\/09\/398f073e9b52c25b312d11ae9b021927-150x150.jpg 150w\" sizes=\"(max-width: 300px) 100vw, 300px\" \/><\/a><\/div>\r\n                        <\/div>\r\n                        <div class=\"col-md-6 mec-col-table-c mec-event-content-wrap\">\r\n                            <div class=\"mec-event-content\">\r\n                                                                <h3 class=\"mec-event-title\"><a class=\"mec-color-hover\"  data-event-id=\"5644\" href=\"https:\/\/www.helloasso.com\/associations\/opera-fuoco\/evenements\/concert-rencontre-idomenee-campra\" target=\"m1\" rel=\"noopener\">IDOM\u00c9N\u00c9E &#8211; CAMPRA<\/a><span class=\"event-color\" style=\"background: #\"><\/span><\/h3>\r\n                                <div class=\"mec-event-description\">\n\n<\/div>\r\n                            <\/div>\r\n                        <\/div>\r\n                        <div class=\"col-md-3 mec-col-table-c mec-event-meta-wrap\">\r\n                            <div class=\"mec-event-meta mec-color-before\">\r\n                                <div class=\"mec-date-details\">\r\n                                                                            <span class=\"mec-event-d\"><span class=\"mec-start-date-label\" itemprop=\"startDate\">17 Apr<\/span><\/span>\r\n                                                                    <\/div>\r\n                                                                <div class=\"mec-time-details\"><span class=\"mec-start-time\">7:00 pm<\/span><\/div>                                                                                                <div class=\"mec-venue-details\">\r\n                                    <span>Reid Hall - Paris 6<\/span><address class=\"mec-event-address\"><span><\/span><\/address>\r\n                                <\/div>\r\n                                                                                                                                                                                            <\/div>\r\n                        <\/div>\r\n                    <\/div>\r\n                    <div class=\"mec-event-footer\">\r\n                                                <ul class=\"mec-event-sharing-wrap\">\r\n                            <li class=\"mec-event-share\">\r\n                                <a href=\"#\" class=\"mec-event-share-icon\">\r\n                                    <i class=\"mec-sl-share\" title=\"social share\"><\/i>\r\n                                <\/a>\r\n                            <\/li>\r\n                            <li>\r\n                                <ul class=\"mec-event-sharing\">\r\n                                    <li class=\"mec-event-social-icon\"><a class=\"facebook\" href=\"https:\/\/www.facebook.com\/sharer\/sharer.php?u=https%3A%2F%2Fwww.helloasso.com%2Fassociations%2Fopera-fuoco%2Fevenements%2Fconcert-rencontre-idomenee-campra\" onclick=\"javascript:window.open(this.href, '', 'menubar=no,toolbar=no,resizable=yes,scrollbars=yes,height=500,width=600'); return false;\" title=\"Share on Facebook\"><i class=\"mec-fa-facebook\"><\/i><\/a><\/li><li class=\"mec-event-social-icon\"><a class=\"twitter\" href=\"https:\/\/twitter.com\/share?url=https%3A%2F%2Fwww.helloasso.com%2Fassociations%2Fopera-fuoco%2Fevenements%2Fconcert-rencontre-idomenee-campra\" onclick=\"javascript:window.open(this.href, '', 'menubar=no,toolbar=no,resizable=yes,scrollbars=yes,height=600,width=500'); return false;\" target=\"_blank\" title=\"Tweet\"><i class=\"mec-fa-twitter\"><\/i><\/a><\/li>                                <\/ul>\r\n                            <\/li>\r\n                        <\/ul>\r\n                                                                                                <a class=\"mec-booking-button\"  data-event-id=\"5644\" href=\"https:\/\/www.helloasso.com\/associations\/opera-fuoco\/evenements\/concert-rencontre-idomenee-campra\" target=\"m1\" rel=\"noopener\">View Detail<\/a>                    <\/div>\r\n                            <\/article>\r\n            \t\t\r\n                        <div class=\"mec-month-divider\" data-toggle-divider=\"mec-toggle-202606-128\"><span>June 2026<\/span><i class=\"mec-sl-arrow-down\"><\/i><\/div>\r\n            \r\n                    <script type=\"application\/ld+json\">\r\n        {\r\n            \"@context\": \"http:\/\/schema.org\",\r\n            \"@type\": \"Event\",\r\n            \"eventStatus\": \"https:\/\/schema.org\/EventScheduled\",\r\n            \"startDate\": \"2026-06-27\",\r\n            \"endDate\": \"2026-06-27\",\r\n            \"eventAttendanceMode\": \"https:\/\/schema.org\/OfflineEventAttendanceMode\",\r\n            \"location\":\r\n            {\r\n                \"@type\": \"Place\",\r\n                                \"name\": \"\u00c9glise Saint-Pierre\",\r\n                \"image\": \"\",\r\n                \"address\": \"Place Saint-Pierre, 14800 Touques\"\r\n                            },\r\n            \"organizer\":\r\n            {\r\n                \"@type\": \"Person\",\r\n                \"name\": \"\",\r\n                \"url\": \"\"\r\n            },\r\n            \"offers\":\r\n            {\r\n                \"url\": \"https:\/\/operafuoco.fr\/en\/events\/654-757-145-865-950-229-184-612\/\",\r\n                \"price\": \"\",\r\n                \"priceCurrency\": \"\u20ac\",\r\n                \"availability\": \"https:\/\/schema.org\/InStock\",\r\n                \"validFrom\": \"2026-06-27T00:00\"\r\n            },\r\n            \"performer\": \"\",\r\n            \"description\": \"&lt;!-- wp:paragraph {&quot;kioblocks&quot;:[]} --&gt; &lt;div class=&quot;figure&quot;&gt;&lt;\/div&gt; &lt;!-- \/wp:paragraph --&gt;\",\r\n            \"image\": \"https:\/\/operafuoco.fr\/wp-content\/uploads\/2025\/09\/LA-BOHEME.jpg\",\r\n            \"name\": \"LA BOH\u00c8ME &#8211; PUCCINI\",\r\n            \"url\": \"https:\/\/operafuoco.fr\/en\/events\/654-757-145-865-950-229-184-612\/\"\r\n        }\r\n        <\/script>\r\n                    <article class=\"mec-event-article  mec-clear  mec-divider-toggle mec-toggle-202606-128\" itemscope>\r\n                                                        <div class=\"mec-topsec\">\r\n                        <div class=\"col-md-3 mec-event-image-wrap mec-col-table-c\">\r\n                            <div class=\"mec-event-image\"><a   data-event-id=\"5645\" href=\"https:\/\/operafuoco.fr\/en\/events\/654-757-145-865-950-229-184-612\/\" target=\"m1\" rel=\"noopener\"><img loading=\"lazy\" decoding=\"async\" width=\"300\" height=\"300\" src=\"https:\/\/operafuoco.fr\/wp-content\/uploads\/2025\/09\/LA-BOHEME-300x300.jpg\" class=\"attachment-thumblist size-thumblist wp-post-image\" alt=\"\" data-mec-postid=\"5645\" srcset=\"https:\/\/operafuoco.fr\/wp-content\/uploads\/2025\/09\/LA-BOHEME-300x300.jpg 300w, https:\/\/operafuoco.fr\/wp-content\/uploads\/2025\/09\/LA-BOHEME-150x150.jpg 150w\" sizes=\"(max-width: 300px) 100vw, 300px\" \/><\/a><\/div>\r\n                        <\/div>\r\n                        <div class=\"col-md-6 mec-col-table-c mec-event-content-wrap\">\r\n                            <div class=\"mec-event-content\">\r\n                                                                <h3 class=\"mec-event-title\"><a class=\"mec-color-hover\"  data-event-id=\"5645\" href=\"https:\/\/operafuoco.fr\/en\/events\/654-757-145-865-950-229-184-612\/\" target=\"m1\" rel=\"noopener\">LA BOH\u00c8ME &#8211; PUCCINI<\/a><span class=\"event-color\" style=\"background: #\"><\/span><\/h3>\r\n                                <div class=\"mec-event-description\">\n\n<\/div>\r\n                            <\/div>\r\n                        <\/div>\r\n                        <div class=\"col-md-3 mec-col-table-c mec-event-meta-wrap\">\r\n                            <div class=\"mec-event-meta mec-color-before\">\r\n                                <div class=\"mec-date-details\">\r\n                                                                            <span class=\"mec-event-d\"><span class=\"mec-start-date-label\" itemprop=\"startDate\">27 Jun<\/span><\/span>\r\n                                                                    <\/div>\r\n                                                                <div class=\"mec-time-details\"><span class=\"mec-start-time\">5:00 pm<\/span><\/div>                                                                                                <div class=\"mec-venue-details\">\r\n                                    <span>\u00c9glise Saint-Pierre<\/span><address class=\"mec-event-address\"><span>Place Saint-Pierre, 14800 Touques<\/span><\/address>\r\n                                <\/div>\r\n                                                                                                                                                                                            <\/div>\r\n                        <\/div>\r\n                    <\/div>\r\n                    <div class=\"mec-event-footer\">\r\n                                                <ul class=\"mec-event-sharing-wrap\">\r\n                            <li class=\"mec-event-share\">\r\n                                <a href=\"#\" class=\"mec-event-share-icon\">\r\n                                    <i class=\"mec-sl-share\" title=\"social share\"><\/i>\r\n                                <\/a>\r\n                            <\/li>\r\n                            <li>\r\n                                <ul class=\"mec-event-sharing\">\r\n                                    <li class=\"mec-event-social-icon\"><a class=\"facebook\" href=\"https:\/\/www.facebook.com\/sharer\/sharer.php?u=https%3A%2F%2Foperafuoco.fr%2Fen%2Fevents%2F654-757-145-865-950-229-184-612%2F\" onclick=\"javascript:window.open(this.href, '', 'menubar=no,toolbar=no,resizable=yes,scrollbars=yes,height=500,width=600'); return false;\" title=\"Share on Facebook\"><i class=\"mec-fa-facebook\"><\/i><\/a><\/li><li class=\"mec-event-social-icon\"><a class=\"twitter\" href=\"https:\/\/twitter.com\/share?url=https%3A%2F%2Foperafuoco.fr%2Fen%2Fevents%2F654-757-145-865-950-229-184-612%2F\" onclick=\"javascript:window.open(this.href, '', 'menubar=no,toolbar=no,resizable=yes,scrollbars=yes,height=600,width=500'); return false;\" target=\"_blank\" title=\"Tweet\"><i class=\"mec-fa-twitter\"><\/i><\/a><\/li>                                <\/ul>\r\n                            <\/li>\r\n                        <\/ul>\r\n                                                                                                <a class=\"mec-booking-button\"  data-event-id=\"5645\" href=\"https:\/\/operafuoco.fr\/en\/events\/654-757-145-865-950-229-184-612\/\" target=\"m1\" rel=\"noopener\">View Detail<\/a>                    <\/div>\r\n                            <\/article>\r\n            \t\t\t<\/div>\r\n<\/div>\r\n\r\n    <\/div>\r\n    <div class=\"mec-skin-list-no-events-container mec-util-hidden\" id=\"mec_skin_no_events_128\">\r\n        No event found!    <\/div>\r\n        \r\n        \r\n<\/div>    <\/div>\r\n\r\n<\/div>","protected":false},"excerpt":{"rendered":"","protected":false},"author":1,"featured_media":0,"parent":0,"menu_order":23,"comment_status":"closed","ping_status":"closed","template":"","meta":{"qubely_global_settings":"","qubely_interactions":"","_coblocks_attr":"","_coblocks_dimensions":"","_coblocks_responsive_height":"","_coblocks_accordion_ie_support":"","_uag_custom_page_level_css":"","kk_blocks_editor_width":"","_kiokenblocks_attr":"","_kiokenblocks_dimensions":"","_vp_format_video_url":"","_vp_image_focal_point":[],"footnotes":""},"class_list":["post-348","page","type-page","status-publish","hentry"],"featured_image_urls":{"full":"","thumbnail":"","medium":"","medium_large":"","large":"","thumblist":"","meccarouselthumb":"","gridsquare":"","tileview":"","1536x1536":"","2048x2048":"","trp-custom-language-flag":"","qubely_landscape":"","qubely_portrait":"","qubely_thumbnail":"","vp_sm":"","vp_md":"","vp_lg":"","vp_xl":"","vp_sm_popup":"","vp_md_popup":"","vp_xl_popup":""},"post_excerpt_stackable":"<p>AGENDA Category Disque Enregistrement S\u00e9rie Concerts-rencontres Concerts Operas Select MonthSelectJanuaryFebruaryMarchAprilMayJuneJulyAugustSeptemberOctoberNovemberDecemberSelect20172018201920202021202220232024202520262027202820292030 Monthly Weekly Daily List April 2026 IDOM\u00c9N\u00c9E &#8211; CAMPRA 17 Apr 7:00 pm Reid Hall &#8211; Paris 6 View Detail June 2026 LA BOH\u00c8ME &#8211; PUCCINI 27 Jun 5:00 pm \u00c9glise Saint-PierrePlace Saint-Pierre, 14800 Touques View Detail No event found!<\/p>\n","category_list":"","author_info":{"name":"admin","url":"https:\/\/operafuoco.fr\/en\/author\/admin\/"},"comments_num":"0 comments","aioseo_notices":[],"featured_image_src":"","featured_image_src_square":false,"rbea_author_info":{"display_name":"admin","author_link":"https:\/\/operafuoco.fr\/en\/author\/admin\/"},"rbea_excerpt_info":null,"uagb_featured_image_src":{"full":false,"thumbnail":false,"medium":false,"medium_large":false,"large":false,"thumblist":false,"meccarouselthumb":false,"gridsquare":false,"tileview":false,"1536x1536":false,"2048x2048":false,"trp-custom-language-flag":false,"qubely_landscape":false,"qubely_portrait":false,"qubely_thumbnail":false,"vp_sm":false,"vp_md":false,"vp_lg":false,"vp_xl":false,"vp_sm_popup":false,"vp_md_popup":false,"vp_xl_popup":false},"uagb_author_info":{"display_name":"admin","author_link":"https:\/\/operafuoco.fr\/en\/author\/admin\/"},"uagb_comment_info":0,"uagb_excerpt":null,"_links":{"self":[{"href":"https:\/\/operafuoco.fr\/en\/wp-json\/wp\/v2\/pages\/348"}],"collection":[{"href":"https:\/\/operafuoco.fr\/en\/wp-json\/wp\/v2\/pages"}],"about":[{"href":"https:\/\/operafuoco.fr\/en\/wp-json\/wp\/v2\/types\/page"}],"author":[{"embeddable":true,"href":"https:\/\/operafuoco.fr\/en\/wp-json\/wp\/v2\/users\/1"}],"replies":[{"embeddable":true,"href":"https:\/\/operafuoco.fr\/en\/wp-json\/wp\/v2\/comments?post=348"}],"version-history":[{"count":27,"href":"https:\/\/operafuoco.fr\/en\/wp-json\/wp\/v2\/pages\/348\/revisions"}],"predecessor-version":[{"id":5707,"href":"https:\/\/operafuoco.fr\/en\/wp-json\/wp\/v2\/pages\/348\/revisions\/5707"}],"wp:attachment":[{"href":"https:\/\/operafuoco.fr\/en\/wp-json\/wp\/v2\/media?parent=348"}],"curies":[{"name":"wp","href":"https:\/\/api.w.org\/{rel}","templated":true}]}}