{"id":4116,"date":"2021-11-15T11:47:03","date_gmt":"2021-11-15T11:47:03","guid":{"rendered":"https:\/\/operafuoco.fr\/?page_id=4116"},"modified":"2025-02-07T14:21:23","modified_gmt":"2025-02-07T14:21:23","slug":"compagnie-lyrique","status":"publish","type":"page","link":"https:\/\/operafuoco.fr\/en\/qui-sommes-nous\/compagnie-lyrique\/","title":{"rendered":"OPERA FUOCO\u23aaDAVID STERN"},"content":{"rendered":"<div class=\"wp-block-cover alignfull\" style=\"min-height:600px;aspect-ratio:unset;\"><span aria-hidden=\"true\" class=\"wp-block-cover__background has-background-dim-0 has-background-dim\"><\/span><img loading=\"lazy\" decoding=\"async\" width=\"1499\" height=\"1000\" class=\"wp-block-cover__image-background wp-image-2566\" alt=\"\" src=\"https:\/\/operafuoco.fr\/wp-content\/uploads\/2020\/05\/Mozart_Salieri-1.jpg\" style=\"object-position:34% 3%\" data-object-fit=\"cover\" data-object-position=\"34% 3%\" srcset=\"https:\/\/operafuoco.fr\/wp-content\/uploads\/2020\/05\/Mozart_Salieri-1.jpg 1499w, https:\/\/operafuoco.fr\/wp-content\/uploads\/2020\/05\/Mozart_Salieri-1-300x200.jpg 300w, https:\/\/operafuoco.fr\/wp-content\/uploads\/2020\/05\/Mozart_Salieri-1-1024x683.jpg 1024w, https:\/\/operafuoco.fr\/wp-content\/uploads\/2020\/05\/Mozart_Salieri-1-768x512.jpg 768w, https:\/\/operafuoco.fr\/wp-content\/uploads\/2020\/05\/Mozart_Salieri-1-500x334.jpg 500w, https:\/\/operafuoco.fr\/wp-content\/uploads\/2020\/05\/Mozart_Salieri-1-800x534.jpg 800w, https:\/\/operafuoco.fr\/wp-content\/uploads\/2020\/05\/Mozart_Salieri-1-1280x854.jpg 1280w\" sizes=\"(max-width: 1499px) 100vw, 1499px\" \/><div class=\"wp-block-cover__inner-container is-layout-flow wp-block-cover-is-layout-flow\">\n<p class=\"has-text-align-center has-large-font-size\">OPERA FUOCO\u23aaDAVID STERN<\/p>\n<\/div><\/div>\n\n\n<style>.kb-row-layout-id4116_5fbd2c-48 > .kt-row-column-wrap{align-content:center;}:where(.kb-row-layout-id4116_5fbd2c-48 > .kt-row-column-wrap) > .wp-block-kadence-column{justify-content:center;}.kb-row-layout-id4116_5fbd2c-48 > .kt-row-column-wrap{column-gap:var(--global-kb-gap-lg, 4rem);row-gap:var(--global-kb-gap-md, 2rem);max-width:1200px;margin-left:auto;margin-right:auto;padding-top:60px;padding-bottom:50px;grid-template-columns:repeat(2, minmax(0, 1fr));}.kb-row-layout-id4116_5fbd2c-48 > .kt-row-layout-overlay{opacity:0.30;}@media all and (max-width: 1024px){.kb-row-layout-id4116_5fbd2c-48 > .kt-row-column-wrap{grid-template-columns:repeat(2, minmax(0, 1fr));}}@media all and (max-width: 767px){.kb-row-layout-id4116_5fbd2c-48 > .kt-row-column-wrap{grid-template-columns:minmax(0, 1fr);}}<\/style><div class=\"kb-row-layout-wrap kb-row-layout-id4116_5fbd2c-48 alignnone wp-block-kadence-rowlayout\"><div class=\"kt-row-column-wrap kt-has-2-columns kt-row-layout-equal kt-tab-layout-inherit kt-mobile-layout-row kt-row-valign-middle\">\n<style>.kadence-column4116_c2c4dd-47 > .kt-inside-inner-col,.kadence-column4116_c2c4dd-47 > .kt-inside-inner-col:before{border-top-left-radius:0px;border-top-right-radius:0px;border-bottom-right-radius:0px;border-bottom-left-radius:0px;}.kadence-column4116_c2c4dd-47 > .kt-inside-inner-col:before{opacity:0.3;}.kadence-column4116_c2c4dd-47{position:relative;}<\/style>\n<div class=\"wp-block-kadence-column kadence-column4116_c2c4dd-47 inner-column-1\"><div class=\"kt-inside-inner-col\">\n<figure class=\"wp-block-image size-large\"><img loading=\"lazy\" decoding=\"async\" width=\"1024\" height=\"719\" src=\"https:\/\/operafuoco.fr\/wp-content\/uploads\/2019\/05\/DG-MARC-2-FILLES-LEGER-1024x719.jpg\" alt=\"\" class=\"wp-image-1678\" srcset=\"https:\/\/operafuoco.fr\/wp-content\/uploads\/2019\/05\/DG-MARC-2-FILLES-LEGER-1024x719.jpg 1024w, https:\/\/operafuoco.fr\/wp-content\/uploads\/2019\/05\/DG-MARC-2-FILLES-LEGER-300x211.jpg 300w, https:\/\/operafuoco.fr\/wp-content\/uploads\/2019\/05\/DG-MARC-2-FILLES-LEGER-768x539.jpg 768w, https:\/\/operafuoco.fr\/wp-content\/uploads\/2019\/05\/DG-MARC-2-FILLES-LEGER-500x351.jpg 500w, https:\/\/operafuoco.fr\/wp-content\/uploads\/2019\/05\/DG-MARC-2-FILLES-LEGER-800x561.jpg 800w, https:\/\/operafuoco.fr\/wp-content\/uploads\/2019\/05\/DG-MARC-2-FILLES-LEGER.jpg 1200w\" sizes=\"(max-width: 1024px) 100vw, 1024px\" \/><\/figure>\n\n\n\n<p><\/p>\n\n\n\n<p><\/p>\n\n\n\n<p><\/p>\n\n\n\n<p><\/p>\n\n\n\n<p><\/p>\n\n\n\n<p><\/p>\n\n\n\n<p><\/p>\n\n\n\n<p><\/p>\n\n\n\n<p><\/p>\n\n\n\n<p><\/p>\n\n\n\n<p><\/p>\n\n\n\n<p><\/p>\n\n\n\n<p><\/p>\n\n\n\n<p><\/p>\n\n\n\n<p><\/p>\n\n\n\n<p><\/p>\n\n\n\n<figure class=\"wp-block-image size-large\"><img loading=\"lazy\" decoding=\"async\" width=\"1024\" height=\"683\" src=\"https:\/\/operafuoco.fr\/wp-content\/uploads\/2022\/02\/D.STERN-\u00a9Tom-Watson-1024x683.jpg\" alt=\"\" class=\"wp-image-4182\" srcset=\"https:\/\/operafuoco.fr\/wp-content\/uploads\/2022\/02\/D.STERN-\u00a9Tom-Watson-1024x683.jpg 1024w, https:\/\/operafuoco.fr\/wp-content\/uploads\/2022\/02\/D.STERN-\u00a9Tom-Watson-300x200.jpg 300w, https:\/\/operafuoco.fr\/wp-content\/uploads\/2022\/02\/D.STERN-\u00a9Tom-Watson-768x512.jpg 768w, https:\/\/operafuoco.fr\/wp-content\/uploads\/2022\/02\/D.STERN-\u00a9Tom-Watson-391x260.jpg 391w, https:\/\/operafuoco.fr\/wp-content\/uploads\/2022\/02\/D.STERN-\u00a9Tom-Watson-1536x1024.jpg 1536w, https:\/\/operafuoco.fr\/wp-content\/uploads\/2022\/02\/D.STERN-\u00a9Tom-Watson-18x12.jpg 18w, https:\/\/operafuoco.fr\/wp-content\/uploads\/2022\/02\/D.STERN-\u00a9Tom-Watson-500x333.jpg 500w, https:\/\/operafuoco.fr\/wp-content\/uploads\/2022\/02\/D.STERN-\u00a9Tom-Watson-800x533.jpg 800w, https:\/\/operafuoco.fr\/wp-content\/uploads\/2022\/02\/D.STERN-\u00a9Tom-Watson-1280x853.jpg 1280w, https:\/\/operafuoco.fr\/wp-content\/uploads\/2022\/02\/D.STERN-\u00a9Tom-Watson.jpg 1800w\" sizes=\"(max-width: 1024px) 100vw, 1024px\" \/><\/figure>\n<\/div><\/div>\n\n\n<style>.kadence-column4116_bb24c4-17 > .kt-inside-inner-col,.kadence-column4116_bb24c4-17 > .kt-inside-inner-col:before{border-top-left-radius:0px;border-top-right-radius:0px;border-bottom-right-radius:0px;border-bottom-left-radius:0px;}.kadence-column4116_bb24c4-17 > .kt-inside-inner-col:before{opacity:0.3;}.kadence-column4116_bb24c4-17{position:relative;}<\/style>\n<div class=\"wp-block-kadence-column kadence-column4116_bb24c4-17 inner-column-2\"><div class=\"kt-inside-inner-col\">\n<div style=\"height:23px\" aria-hidden=\"true\" class=\"wp-block-spacer\"><\/div>\n\n\n<style>.wp-block-kadence-advancedheading.kt-adv-heading4116_ec8fd0-b2, .wp-block-kadence-advancedheading.kt-adv-heading4116_ec8fd0-b2[data-kb-block=\"kb-adv-heading4116_ec8fd0-b2\"]{font-style:normal;text-transform:uppercase;}.wp-block-kadence-advancedheading.kt-adv-heading4116_ec8fd0-b2 mark, .wp-block-kadence-advancedheading.kt-adv-heading4116_ec8fd0-b2[data-kb-block=\"kb-adv-heading4116_ec8fd0-b2\"] mark{font-style:normal;color:#f76a0c;padding-top:0px;padding-right:0px;padding-bottom:0px;padding-left:0px;}<\/style>\n<h2 class=\"kt-adv-heading4116_ec8fd0-b2 wp-block-kadence-advancedheading\" data-kb-block=\"kb-adv-heading4116_ec8fd0-b2\">OPERA FUOCO<\/h2>\n\n\n\n<p>Opera Fuoco, the Paris-based international opera company is dedicated to lyric repertoire from the mid-18th century to the present. Founded and directed by American conductor David Stern in 2003, Opera Fuoco combines an ambitious young artists program and international performance season with one of the most versatile instrumental ensembles in Paris. Its growing world-wide reputation as a launchpad for young singers has made it one of the most sought-after young artists programs in France. Opera Fuoco\u2019s activities are largely Paris-area based, with an upcoming residence at the Op\u00e9ra de Massy for large orchestral and staged productions, regular concerts at the Paris Philharmonie and Th\u00e9\u00e2tre des Champs-\u00c9lys\u00e9es, as well as chamber and recital series in collaboration with several city museums. The company has also developed its international reputation with regular performances in partnership with renowned festivals and ensembles in Germany, Austria, Sweden and China. Opera Fuoco, a non-for-profit organization, receives funding from the French cultural ministry as well as other public institutions and is supported by several private American and European foundations and its generous Friends Circle.<\/p>\n\n\n\n<p><\/p>\n\n\n\n<p><\/p>\n\n\n<style>.wp-block-kadence-advancedheading.kt-adv-heading4116_13b7f7-a7, .wp-block-kadence-advancedheading.kt-adv-heading4116_13b7f7-a7[data-kb-block=\"kb-adv-heading4116_13b7f7-a7\"]{font-style:normal;text-transform:uppercase;}.wp-block-kadence-advancedheading.kt-adv-heading4116_13b7f7-a7 mark, .wp-block-kadence-advancedheading.kt-adv-heading4116_13b7f7-a7[data-kb-block=\"kb-adv-heading4116_13b7f7-a7\"] mark{font-style:normal;color:#f76a0c;padding-top:0px;padding-right:0px;padding-bottom:0px;padding-left:0px;}<\/style>\n<h2 class=\"kt-adv-heading4116_13b7f7-a7 wp-block-kadence-advancedheading\" data-kb-block=\"kb-adv-heading4116_13b7f7-a7\">DAVID STERN<\/h2>\n\n\n\n<p class=\" translation-block\"><strong>DAVID STERN<\/strong> is an international conductor, creator of original projects, champion of rare works and mentor to tomorrow\u2019s singers. Newly appointed Music Director of the Palm Beach Opera after 10 years of serving as Chief Conductor, he has also been Music Director of the Israel Opera in Tel Aviv, the Opera St Gallen in Switzerland, and previously led the Philharmonie S\u00fcdwestfalen in Germany. In 2003 he founded Opera Fuoco, the independent, Paris-based opera company, adding to it its much lauded Young Artists program in 2008. The program has since nurtured some of the most important voices in Europe today. The company has just begun a three-year residency at the Paris area Op\u00e9ra de Massy for bi-annual productions which serve as a platform for young artists to collaborate with renowned or emerging stage directors, choreographers, choruses, and ensembles.<\/p>\n\n\n\n<p><a href=\"http:\/\/davidstern.co\" target=\"_blank\" rel=\"noreferrer noopener\">www.davidstern.co<\/a><\/p>\n<\/div><\/div>\n\n<\/div><\/div>","protected":false},"excerpt":{"rendered":"<p>OPERA FUOCO Opera Fuoco, compagnie lyrique internationale bas\u00e9e \u00e0 Paris, se consacre au r\u00e9pertoire lyrique du milieu du XVIIIe si\u00e8cle \u00e0 nos jours. Fond\u00e9e en&hellip;<\/p>","protected":false},"author":1,"featured_media":0,"parent":3306,"menu_order":5,"comment_status":"closed","ping_status":"closed","template":"","meta":{"qubely_global_settings":"","qubely_interactions":"","_coblocks_attr":"","_coblocks_dimensions":"","_coblocks_responsive_height":"","_coblocks_accordion_ie_support":"","_uag_custom_page_level_css":"","kk_blocks_editor_width":"","_kiokenblocks_attr":"","_kiokenblocks_dimensions":"","_vp_format_video_url":"","_vp_image_focal_point":[],"footnotes":""},"class_list":["post-4116","page","type-page","status-publish","hentry"],"featured_image_urls":{"full":"","thumbnail":"","medium":"","medium_large":"","large":"","thumblist":"","meccarouselthumb":"","gridsquare":"","tileview":"","1536x1536":"","2048x2048":"","trp-custom-language-flag":"","qubely_landscape":"","qubely_portrait":"","qubely_thumbnail":"","vp_sm":"","vp_md":"","vp_lg":"","vp_xl":"","vp_sm_popup":"","vp_md_popup":"","vp_xl_popup":""},"post_excerpt_stackable":"<p>OPERA FUOCO\u23aaDAVID STERN OPERA FUOCO Opera Fuoco, compagnie lyrique internationale bas\u00e9e \u00e0 Paris, se consacre au r\u00e9pertoire lyrique du milieu du XVIIIe si\u00e8cle \u00e0 nos jours. Fond\u00e9e en 2003 et dirig\u00e9e par le chef d&rsquo;orchestre am\u00e9ricain David Stern, la compagnie associe un ambitieux programme pour jeunes artistes et une saison internationale de spectacles \u00e0 l&rsquo;un des ensembles instrumentaux les plus polyvalents de Paris. Sa r\u00e9putation en tant que tremplin pour les jeunes chanteur.euse.s en a fait l&rsquo;un des programmes pour jeunes artistes les plus recherch\u00e9s en France mais aussi en Europe. Les activit\u00e9s d&rsquo;Opera Fuoco se d\u00e9roulent principalement en r\u00e9gion&hellip;<\/p>\n","category_list":"","author_info":{"name":"admin","url":"https:\/\/operafuoco.fr\/en\/author\/admin\/"},"comments_num":"0 comments","aioseo_notices":[],"featured_image_src":"","featured_image_src_square":false,"rbea_author_info":{"display_name":"admin","author_link":"https:\/\/operafuoco.fr\/en\/author\/admin\/"},"rbea_excerpt_info":"OPERA FUOCO Opera Fuoco, compagnie lyrique internationale bas\u00e9e \u00e0 Paris, se consacre au r\u00e9pertoire lyrique du milieu du XVIIIe si\u00e8cle \u00e0 nos jours. Fond\u00e9e en&hellip;","uagb_featured_image_src":{"full":false,"thumbnail":false,"medium":false,"medium_large":false,"large":false,"thumblist":false,"meccarouselthumb":false,"gridsquare":false,"tileview":false,"1536x1536":false,"2048x2048":false,"trp-custom-language-flag":false,"qubely_landscape":false,"qubely_portrait":false,"qubely_thumbnail":false,"vp_sm":false,"vp_md":false,"vp_lg":false,"vp_xl":false,"vp_sm_popup":false,"vp_md_popup":false,"vp_xl_popup":false},"uagb_author_info":{"display_name":"admin","author_link":"https:\/\/operafuoco.fr\/en\/author\/admin\/"},"uagb_comment_info":0,"uagb_excerpt":"OPERA FUOCO Opera Fuoco, compagnie lyrique internationale bas\u00e9e \u00e0 Paris, se consacre au r\u00e9pertoire lyrique du milieu du XVIIIe si\u00e8cle \u00e0 nos jours. Fond\u00e9e en&hellip;","_links":{"self":[{"href":"https:\/\/operafuoco.fr\/en\/wp-json\/wp\/v2\/pages\/4116"}],"collection":[{"href":"https:\/\/operafuoco.fr\/en\/wp-json\/wp\/v2\/pages"}],"about":[{"href":"https:\/\/operafuoco.fr\/en\/wp-json\/wp\/v2\/types\/page"}],"author":[{"embeddable":true,"href":"https:\/\/operafuoco.fr\/en\/wp-json\/wp\/v2\/users\/1"}],"replies":[{"embeddable":true,"href":"https:\/\/operafuoco.fr\/en\/wp-json\/wp\/v2\/comments?post=4116"}],"version-history":[{"count":22,"href":"https:\/\/operafuoco.fr\/en\/wp-json\/wp\/v2\/pages\/4116\/revisions"}],"predecessor-version":[{"id":5537,"href":"https:\/\/operafuoco.fr\/en\/wp-json\/wp\/v2\/pages\/4116\/revisions\/5537"}],"up":[{"embeddable":true,"href":"https:\/\/operafuoco.fr\/en\/wp-json\/wp\/v2\/pages\/3306"}],"wp:attachment":[{"href":"https:\/\/operafuoco.fr\/en\/wp-json\/wp\/v2\/media?parent=4116"}],"curies":[{"name":"wp","href":"https:\/\/api.w.org\/{rel}","templated":true}]}}