{"id":435,"date":"2019-04-09T12:42:01","date_gmt":"2019-04-09T12:42:01","guid":{"rendered":"https:\/\/operafuoco.fr\/?page_id=435"},"modified":"2020-04-29T12:06:28","modified_gmt":"2020-04-29T12:06:28","slug":"les-musiciens","status":"publish","type":"page","link":"https:\/\/operafuoco.fr\/en\/la-compagnie\/les-musiciens\/","title":{"rendered":"The Musicians"},"content":{"rendered":"<figure class=\"wp-block-image\"><img loading=\"lazy\" decoding=\"async\" width=\"1200\" height=\"596\" src=\"https:\/\/operafuoco.fr\/wp-content\/uploads\/2019\/06\/orchestra_banner.jpg\" alt=\"\" class=\"wp-image-1857\" srcset=\"https:\/\/operafuoco.fr\/wp-content\/uploads\/2019\/06\/orchestra_banner.jpg 1200w, https:\/\/operafuoco.fr\/wp-content\/uploads\/2019\/06\/orchestra_banner-300x149.jpg 300w, https:\/\/operafuoco.fr\/wp-content\/uploads\/2019\/06\/orchestra_banner-768x381.jpg 768w, https:\/\/operafuoco.fr\/wp-content\/uploads\/2019\/06\/orchestra_banner-1024x509.jpg 1024w, https:\/\/operafuoco.fr\/wp-content\/uploads\/2019\/06\/orchestra_banner-500x248.jpg 500w, https:\/\/operafuoco.fr\/wp-content\/uploads\/2019\/06\/orchestra_banner-800x397.jpg 800w\" sizes=\"(max-width: 1200px) 100vw, 1200px\" \/><\/figure>\n\n\n\n<p class=\"huge-title\">The Musicians<\/p>\n\n\n\n<div class=\"wp-block-ugb-spacer ugb-spacer ugb-1ccb6e1 ugb-spacer--v2 ugb-main-block\" id=\"\"><style>.ugb-1ccb6e1.ugb-spacer{height:50px}<\/style><div class=\"ugb-inner-block\"><div class=\"ugb-block-content\"><div class=\"ugb-spacer--inner\"><\/div><\/div><\/div><\/div>\n\n\n\n<div class=\"wp-block-caxton-grid relative\"><div class=\"absolute absolute--fill\"><div class=\"absolute absolute--fill cover bg-center\" style=\"background-color:;background-image:linear-gradient( );\"><\/div><div class=\"absolute absolute--fill\" style=\"background-color:;background-image:linear-gradient( );opacity:1;\"><\/div><\/div><div class=\"relative caxton-columns caxton-grid-block\" style=\"padding-top:0;padding-left:0;padding-bottom:0;padding-right:0;grid-template-columns:repeat(12, 1fr)\" data-tablet-css=\"padding-left:em;padding-right:em;\" data-mobile-css=\"padding-left:em;padding-right:em;\">\n<div class=\"wp-block-caxton-section relative\" style=\"grid-area:span 1\/span 6\"><div class=\"absolute absolute--fill\"><div class=\"absolute absolute--fill cover bg-center\" style=\"background-color:;background-image:linear-gradient( );\"><\/div><div class=\"absolute absolute--fill\" style=\"background-color:;background-image:linear-gradient( );opacity:1;\"><\/div><\/div><div class=\"relative caxton-section-block\" style=\"padding-top:5px;padding-left:5px;padding-bottom:5px;padding-right:5px\" data-mobile-css=\"padding-left:1em;padding-right:1em;\" data-tablet-css=\"padding-left:1em;padding-right:1em;\">\n<figure class=\"wp-block-image is-resized\"><img loading=\"lazy\" decoding=\"async\" src=\"https:\/\/operafuoco.fr\/wp-content\/uploads\/2019\/06\/image1_web.jpg\" alt=\"\" class=\"wp-image-1863\" width=\"565\" height=\"800\" srcset=\"https:\/\/operafuoco.fr\/wp-content\/uploads\/2019\/06\/image1_web.jpg 565w, https:\/\/operafuoco.fr\/wp-content\/uploads\/2019\/06\/image1_web-212x300.jpg 212w, https:\/\/operafuoco.fr\/wp-content\/uploads\/2019\/06\/image1_web-353x500.jpg 353w\" sizes=\"(max-width: 565px) 100vw, 565px\" \/><figcaption>\u00a9Tom Watson<\/figcaption><\/figure>\n<\/div><\/div>\n\n\n\n<div class=\"wp-block-caxton-section relative\" style=\"grid-area:span 1\/span 6\"><div class=\"absolute absolute--fill\"><div class=\"absolute absolute--fill cover bg-center\" style=\"background-color:;background-image:linear-gradient( );\"><\/div><div class=\"absolute absolute--fill\" style=\"background-color:;background-image:linear-gradient( );opacity:1;\"><\/div><\/div><div class=\"relative caxton-section-block\" style=\"padding-top:95px;padding-left:50px;padding-bottom:5px;padding-right:50px\" data-mobile-css=\"padding-left:1em;padding-right:1em;\" data-tablet-css=\"padding-left:1em;padding-right:1em;\">\n<div class=\"wp-block-uagb-advanced-heading uagb-block-c21db233-0f0d-4ec2-9089-2f98fda4d563 justified\" id=\"uagb-adv-heading-ccf65717-5f29-4c51-bcf1-58c5fe634069\"><h3 class=\"uagb-heading-text\">The orchestra<\/h3><div class=\"uagb-separator-wrap\"><div class=\"uagb-separator\"><\/div><\/div><p class=\"uagb-desc-text translation-block\">Co-founded by David Stern and violinist Katharina Wolff, the Opera Fuoco Orchestra follows the same guiding principal\u00a0as do the vocal soloists and studio singers - always finding a relationship between music and the text. As an ensemble varying in size depending on the repertoire, Opera Fuoco\u2019s spirit of chamber music is ever present, and its highly regarded players are often featured as instrumental soloists. Members are equally well versed in period playing as they are in\u00a0\u00ab\u00a0modern\u00a0\u00bb\u00a0playing, adapting their instruments and style\u00a0according to the repertoire, and most have been part of Opera Fuoco for over ten years.<\/p><\/div>\n<\/div><\/div>\n<\/div><\/div>\n\n\n\n<div class=\"wp-block-caxton-grid relative\"><div class=\"absolute absolute--fill\"><div class=\"absolute absolute--fill cover bg-center\" style=\"background-color:;background-image:linear-gradient( );\"><\/div><div class=\"absolute absolute--fill\" style=\"background-color:;background-image:linear-gradient( );opacity:1;\"><\/div><\/div><div class=\"relative caxton-columns caxton-grid-block\" style=\"padding-top:0;padding-left:0;padding-bottom:0;padding-right:0;grid-template-columns:repeat(12, 1fr)\" data-tablet-css=\"padding-left:em;padding-right:em;\" data-mobile-css=\"padding-left:em;padding-right:em;\">\n<div class=\"wp-block-caxton-section relative\" style=\"grid-area:span 1\/span 6\"><div class=\"absolute absolute--fill\"><div class=\"absolute absolute--fill cover bg-center\" style=\"background-color:;background-image:linear-gradient( );\"><\/div><div class=\"absolute absolute--fill\" style=\"background-color:;background-image:linear-gradient( );opacity:1;\"><\/div><\/div><div class=\"relative caxton-section-block\" style=\"padding-top:100px;padding-left:50px;padding-bottom:0;padding-right:50px\" data-mobile-css=\"padding-left:1em;padding-right:1em;\" data-tablet-css=\"padding-left:1em;padding-right:1em;\">\n<div class=\"wp-block-image\"><figure class=\"aligncenter size-medium is-resized\"><img loading=\"lazy\" decoding=\"async\" src=\"https:\/\/operafuoco.fr\/wp-content\/uploads\/2020\/04\/LogoFuocoJazzK-300x300.jpg\" alt=\"\" class=\"wp-image-2423\" width=\"225\" height=\"225\" srcset=\"https:\/\/operafuoco.fr\/wp-content\/uploads\/2020\/04\/LogoFuocoJazzK-300x300.jpg 300w, https:\/\/operafuoco.fr\/wp-content\/uploads\/2020\/04\/LogoFuocoJazzK-1024x1024.jpg 1024w, https:\/\/operafuoco.fr\/wp-content\/uploads\/2020\/04\/LogoFuocoJazzK-150x150.jpg 150w, https:\/\/operafuoco.fr\/wp-content\/uploads\/2020\/04\/LogoFuocoJazzK-768x768.jpg 768w, https:\/\/operafuoco.fr\/wp-content\/uploads\/2020\/04\/LogoFuocoJazzK-500x500.jpg 500w, https:\/\/operafuoco.fr\/wp-content\/uploads\/2020\/04\/LogoFuocoJazzK-800x800.jpg 800w, https:\/\/operafuoco.fr\/wp-content\/uploads\/2020\/04\/LogoFuocoJazzK-1280x1280.jpg 1280w, https:\/\/operafuoco.fr\/wp-content\/uploads\/2020\/04\/LogoFuocoJazzK-1920x1920.jpg 1920w, https:\/\/operafuoco.fr\/wp-content\/uploads\/2020\/04\/LogoFuocoJazzK-1536x1536.jpg 1536w, https:\/\/operafuoco.fr\/wp-content\/uploads\/2020\/04\/LogoFuocoJazzK-2048x2048.jpg 2048w, https:\/\/operafuoco.fr\/wp-content\/uploads\/2020\/04\/LogoFuocoJazzK.jpg 1600w\" sizes=\"(max-width: 225px) 100vw, 225px\" \/><\/figure><\/div>\n\n\n\n<div style=\"height:36px\" aria-hidden=\"true\" class=\"wp-block-spacer\"><\/div>\n\n\n\n<div class=\"wp-block-uagb-advanced-heading uagb-block-a806df32-b826-464a-ac27-807b3f897b0f justified\" id=\"uagb-adv-heading-25e5291e-2523-4e65-8dd5-63cfcc8fef41\"><h3 class=\"uagb-heading-text\">Fuoco Jazz<\/h3><div class=\"uagb-separator-wrap\"><div class=\"uagb-separator\"><\/div><\/div><p class=\"uagb-desc-text\">Fuoco Jazz is a new branch of Opera Fuoco\u2019s Young Artist Program, which aims to stretch the boundaries to explore a new range of expression.<br>Working with experienced specialists, the singers focus on improvisation, jazz standards, blues and bossa nova, but also on how to approach classical repertoire accompanied by a jazz rhythm section. Guest artists have included singer Sara Lazarus, bassist Joseph Carver, pianists Christopher Culpo, Alain Jean-Marie and drummer Phelan Burgoyne.<\/p><\/div>\n<\/div><\/div>\n\n\n\n<div class=\"wp-block-caxton-section relative\" style=\"grid-area:span 1\/span 6\"><div class=\"absolute absolute--fill\"><div class=\"absolute absolute--fill cover bg-center\" style=\"background-color:;background-image:linear-gradient( );\"><\/div><div class=\"absolute absolute--fill\" style=\"background-color:;background-image:linear-gradient( );opacity:1;\"><\/div><\/div><div class=\"relative caxton-section-block\" style=\"padding-top:5px;padding-left:5px;padding-bottom:5px;padding-right:5px\" data-mobile-css=\"padding-left:1em;padding-right:1em;\" data-tablet-css=\"padding-left:1em;padding-right:1em;\">\n<figure class=\"wp-block-image size-large is-resized\"><img loading=\"lazy\" decoding=\"async\" src=\"https:\/\/operafuoco.fr\/wp-content\/uploads\/2020\/04\/IMG_1407-1024x768.jpeg\" alt=\"\" class=\"wp-image-2442\" width=\"1024\" height=\"768\" srcset=\"https:\/\/operafuoco.fr\/wp-content\/uploads\/2020\/04\/IMG_1407-1024x768.jpeg 1024w, https:\/\/operafuoco.fr\/wp-content\/uploads\/2020\/04\/IMG_1407-300x225.jpeg 300w, https:\/\/operafuoco.fr\/wp-content\/uploads\/2020\/04\/IMG_1407-768x576.jpeg 768w, https:\/\/operafuoco.fr\/wp-content\/uploads\/2020\/04\/IMG_1407-500x375.jpeg 500w, https:\/\/operafuoco.fr\/wp-content\/uploads\/2020\/04\/IMG_1407-800x600.jpeg 800w, https:\/\/operafuoco.fr\/wp-content\/uploads\/2020\/04\/IMG_1407-1280x960.jpeg 1280w, https:\/\/operafuoco.fr\/wp-content\/uploads\/2020\/04\/IMG_1407-1920x1440.jpeg 1920w, https:\/\/operafuoco.fr\/wp-content\/uploads\/2020\/04\/IMG_1407-1536x1152.jpeg 1536w, https:\/\/operafuoco.fr\/wp-content\/uploads\/2020\/04\/IMG_1407-2048x1536.jpeg 2048w, https:\/\/operafuoco.fr\/wp-content\/uploads\/2020\/04\/IMG_1407-scaled.jpeg 1600w\" sizes=\"(max-width: 1024px) 100vw, 1024px\" \/><\/figure>\n<\/div><\/div>\n<\/div><\/div>\n\n\n\n<div class=\"wp-block-caxton-grid relative\"><div class=\"absolute absolute--fill\"><div class=\"absolute absolute--fill cover bg-center\" style=\"background-color:;background-image:linear-gradient( );\"><\/div><div class=\"absolute absolute--fill\" style=\"background-color:;background-image:linear-gradient( );opacity:1;\"><\/div><\/div><div class=\"relative caxton-columns caxton-grid-block\" style=\"padding-top:0;padding-left:0;padding-bottom:0;padding-right:0;grid-template-columns:repeat(12, 1fr)\" data-tablet-css=\"padding-left:em;padding-right:em;\" data-mobile-css=\"padding-left:em;padding-right:em;\">\n<div class=\"wp-block-caxton-section relative\" style=\"grid-area:span 1\/span 6\"><div class=\"absolute absolute--fill\"><div class=\"absolute absolute--fill cover bg-center\" style=\"background-color:;background-image:linear-gradient( );\"><\/div><div class=\"absolute absolute--fill\" style=\"background-color:;background-image:linear-gradient( );opacity:1;\"><\/div><\/div><div class=\"relative caxton-section-block\" style=\"padding-top:5px;padding-left:5px;padding-bottom:5px;padding-right:5px\" data-mobile-css=\"padding-left:1em;padding-right:1em;\" data-tablet-css=\"padding-left:1em;padding-right:1em;\">\n<figure class=\"wp-block-image size-large is-resized\"><img loading=\"lazy\" decoding=\"async\" src=\"https:\/\/operafuoco.fr\/wp-content\/uploads\/2020\/04\/14-2-1-1024x683.jpg\" alt=\"\" class=\"wp-image-2448\" width=\"1024\" height=\"683\" srcset=\"https:\/\/operafuoco.fr\/wp-content\/uploads\/2020\/04\/14-2-1-1024x683.jpg 1024w, https:\/\/operafuoco.fr\/wp-content\/uploads\/2020\/04\/14-2-1-300x200.jpg 300w, https:\/\/operafuoco.fr\/wp-content\/uploads\/2020\/04\/14-2-1-768x512.jpg 768w, https:\/\/operafuoco.fr\/wp-content\/uploads\/2020\/04\/14-2-1-500x334.jpg 500w, https:\/\/operafuoco.fr\/wp-content\/uploads\/2020\/04\/14-2-1-800x534.jpg 800w, https:\/\/operafuoco.fr\/wp-content\/uploads\/2020\/04\/14-2-1-1280x854.jpg 1280w, https:\/\/operafuoco.fr\/wp-content\/uploads\/2020\/04\/14-2-1-1920x1281.jpg 1920w, https:\/\/operafuoco.fr\/wp-content\/uploads\/2020\/04\/14-2-1-1536x1025.jpg 1536w, https:\/\/operafuoco.fr\/wp-content\/uploads\/2020\/04\/14-2-1-2048x1366.jpg 2048w, https:\/\/operafuoco.fr\/wp-content\/uploads\/2020\/04\/14-2-1-scaled.jpg 1600w\" sizes=\"(max-width: 1024px) 100vw, 1024px\" \/><\/figure>\n<\/div><\/div>\n\n\n\n<div class=\"wp-block-caxton-section relative\" style=\"grid-area:span 1\/span 6\"><div class=\"absolute absolute--fill\"><div class=\"absolute absolute--fill cover bg-center\" style=\"background-color:;background-image:linear-gradient( );\"><\/div><div class=\"absolute absolute--fill\" style=\"background-color:;background-image:linear-gradient( );opacity:1;\"><\/div><\/div><div class=\"relative caxton-section-block\" style=\"padding-top:35px;padding-left:45px;padding-bottom:5px;padding-right:50px\" data-mobile-css=\"padding-left:1em;padding-right:1em;\" data-tablet-css=\"padding-left:1em;padding-right:1em;\">\n<div class=\"wp-block-uagb-advanced-heading uagb-block-dae24942-ed4a-4f82-b08f-48f563e1ec98 justified\" id=\"uagb-adv-heading-4585d274-9493-4c4c-849a-6bf0f1b7dc2b\"><h3 class=\"uagb-heading-text\">Piano &amp; continuo<\/h3><div class=\"uagb-separator-wrap\"><div class=\"uagb-separator\"><\/div><\/div><p class=\"uagb-desc-text\">Opera Fuoco works regularly with pianists and coaches St\u00e9phane Petitjean, Karolos Zouganelis, and Charlotte Gautier, harpsichordists Cl\u00e9ment Geoffroy and Jesn-Christophe Dijou, cellists J\u00e9r\u00f4me Huile and Hilary Metzger, and theorbist Andr\u00e9 Henrich.<\/p><\/div>\n<\/div><\/div>\n<\/div><\/div>\n\n\n\n<div class=\"wp-block-caxton-grid relative\"><div class=\"absolute absolute--fill\"><div class=\"absolute absolute--fill cover bg-center\" style=\"background-color:;background-image:linear-gradient( );\"><\/div><div class=\"absolute absolute--fill\" style=\"background-color:;background-image:linear-gradient( );opacity:1;\"><\/div><\/div><div class=\"relative caxton-columns caxton-grid-block\" style=\"padding-top:0;padding-left:0;padding-bottom:0;padding-right:0;grid-template-columns:repeat(12, 1fr)\" data-tablet-css=\"padding-left:em;padding-right:em;\" data-mobile-css=\"padding-left:em;padding-right:em;\">\n<div class=\"wp-block-caxton-section relative\" style=\"grid-area:span 1\/span 6\"><div class=\"absolute absolute--fill\"><div class=\"absolute absolute--fill cover bg-center\" style=\"background-color:;background-image:linear-gradient( );\"><\/div><div class=\"absolute absolute--fill\" style=\"background-color:;background-image:linear-gradient( );opacity:1;\"><\/div><\/div><div class=\"relative caxton-section-block\" style=\"padding-top:5px;padding-left:5px;padding-bottom:5px;padding-right:5px\" data-mobile-css=\"padding-left:1em;padding-right:1em;\" data-tablet-css=\"padding-left:1em;padding-right:1em;\">\n<figure class=\"wp-block-image size-large\"><img loading=\"lazy\" decoding=\"async\" width=\"1024\" height=\"683\" src=\"https:\/\/operafuoco.fr\/wp-content\/uploads\/2020\/04\/U9A5872_R_02_BW-1024x683.jpg\" alt=\"\" class=\"wp-image-2538\" srcset=\"https:\/\/operafuoco.fr\/wp-content\/uploads\/2020\/04\/U9A5872_R_02_BW-1024x683.jpg 1024w, https:\/\/operafuoco.fr\/wp-content\/uploads\/2020\/04\/U9A5872_R_02_BW-300x200.jpg 300w, https:\/\/operafuoco.fr\/wp-content\/uploads\/2020\/04\/U9A5872_R_02_BW-768x512.jpg 768w, https:\/\/operafuoco.fr\/wp-content\/uploads\/2020\/04\/U9A5872_R_02_BW-500x333.jpg 500w, https:\/\/operafuoco.fr\/wp-content\/uploads\/2020\/04\/U9A5872_R_02_BW-800x533.jpg 800w, https:\/\/operafuoco.fr\/wp-content\/uploads\/2020\/04\/U9A5872_R_02_BW-1280x853.jpg 1280w, https:\/\/operafuoco.fr\/wp-content\/uploads\/2020\/04\/U9A5872_R_02_BW-1536x1024.jpg 1536w, https:\/\/operafuoco.fr\/wp-content\/uploads\/2020\/04\/U9A5872_R_02_BW.jpg 1600w\" sizes=\"(max-width: 1024px) 100vw, 1024px\" \/><\/figure>\n<\/div><\/div>\n\n\n\n<div class=\"wp-block-caxton-section relative\" style=\"grid-area:span 1\/span 6\"><div class=\"absolute absolute--fill\"><div class=\"absolute absolute--fill cover bg-center\" style=\"background-color:;background-image:linear-gradient( );\"><\/div><div class=\"absolute absolute--fill\" style=\"background-color:;background-image:linear-gradient( );opacity:1;\"><\/div><\/div><div class=\"relative caxton-section-block\" style=\"padding-top:35px;padding-left:45px;padding-bottom:5px;padding-right:50px\" data-mobile-css=\"padding-left:1em;padding-right:1em;\" data-tablet-css=\"padding-left:1em;padding-right:1em;\">\n<div class=\"wp-block-image\"><figure class=\"aligncenter size-medium is-resized\"><img loading=\"lazy\" decoding=\"async\" src=\"https:\/\/operafuoco.fr\/wp-content\/uploads\/2020\/04\/logo_obbligatoCMYK-300x300.jpg\" alt=\"\" class=\"wp-image-2422\" width=\"225\" height=\"225\" srcset=\"https:\/\/operafuoco.fr\/wp-content\/uploads\/2020\/04\/logo_obbligatoCMYK-300x300.jpg 300w, https:\/\/operafuoco.fr\/wp-content\/uploads\/2020\/04\/logo_obbligatoCMYK-1024x1024.jpg 1024w, https:\/\/operafuoco.fr\/wp-content\/uploads\/2020\/04\/logo_obbligatoCMYK-150x150.jpg 150w, https:\/\/operafuoco.fr\/wp-content\/uploads\/2020\/04\/logo_obbligatoCMYK-768x768.jpg 768w, https:\/\/operafuoco.fr\/wp-content\/uploads\/2020\/04\/logo_obbligatoCMYK-500x500.jpg 500w, https:\/\/operafuoco.fr\/wp-content\/uploads\/2020\/04\/logo_obbligatoCMYK-800x800.jpg 800w, https:\/\/operafuoco.fr\/wp-content\/uploads\/2020\/04\/logo_obbligatoCMYK-1280x1280.jpg 1280w, https:\/\/operafuoco.fr\/wp-content\/uploads\/2020\/04\/logo_obbligatoCMYK-1920x1920.jpg 1920w, https:\/\/operafuoco.fr\/wp-content\/uploads\/2020\/04\/logo_obbligatoCMYK-1536x1536.jpg 1536w, https:\/\/operafuoco.fr\/wp-content\/uploads\/2020\/04\/logo_obbligatoCMYK-2048x2048.jpg 2048w, https:\/\/operafuoco.fr\/wp-content\/uploads\/2020\/04\/logo_obbligatoCMYK.jpg 1600w\" sizes=\"(max-width: 225px) 100vw, 225px\" \/><\/figure><\/div>\n\n\n\n<div style=\"height:32px\" aria-hidden=\"true\" class=\"wp-block-spacer\"><\/div>\n\n\n\n<div class=\"wp-block-uagb-advanced-heading uagb-block-6fec23ce-da9d-44a9-a598-ca41f4b9b1d5 justified\" id=\"uagb-adv-heading-4585d274-9493-4c4c-849a-6bf0f1b7dc2b\"><h3 class=\"uagb-heading-text\">Fuoco Obbligato<\/h3><div class=\"uagb-separator-wrap\"><div class=\"uagb-separator\"><\/div><\/div><p class=\"uagb-desc-text\">Fuoco Obbligato is a chamber ensemble\ncombining Opera Fuoco\u2019s young singers and its\ninstrumental soloists, performing repertoire from\nthe baroque chamber cantata to the 20th century folk song. Whether interpreting arias from opera, oratorio, the passions or Lied, the ensemble explores the subtle discourse between singer and chamber musician. The intertwinings of vocal and instrumental \u201cobbligato\u201d parts, often representing a musical ego and alter-ego, are an expressive medium used by composers from the early 18th century onward.<br> Fuoco Obbligato gives the company\u2019s young artist program an intimate performance platform to complement the masterclasses and full-scale opera productions.<\/p><\/div>\n<\/div><\/div>\n<\/div><\/div>\n\n\n\n<div class=\"wp-block-ugb-spacer ugb-spacer ugb-944daf9 ugb-spacer--v2 ugb-main-block\" id=\"\"><style>.ugb-944daf9.ugb-spacer{height:50px}<\/style><div class=\"ugb-inner-block\"><div class=\"ugb-block-content\"><div class=\"ugb-spacer--inner\"><\/div><\/div><\/div><\/div>\n\n\n\n<div class=\"wp-block-ugb-blockquote ugb-blockquote ugb-0accb1d ugb-blockquote--v3 ugb-blockquote--design-plain ugb-blockquote--small-quote ugb-main-block\" id=\"\"><style>.ugb-0accb1d .ugb-blockquote__quote{width:20px !important;height:20px !important}<\/style><div class=\"ugb-inner-block\"><div class=\"ugb-block-content\"><div class=\"ugb-blockquote__item\"><svg viewbox=\"0 0 50 50\" xmlns=\"http:\/\/www.w3.org\/2000\/svg\" class=\"ugb-blockquote__quote\" width=\"20\" height=\"20\"><path d=\"M22.3 30.5c0 6-4.8 10.8-10.8 10.8-2.3 0-4.5-.8-6.3-2-.9-.6-1.8-1.4-2.5-2.4-1.8-2.4-2.7-5.4-2.7-9 0-4.5 1.3-8.5 4-11.9 2.7-3.4 6.4-5.8 11.1-7.3v2.8c-2.7 2.2-4.4 5-4.9 8.3.4-.1.9-.1 1.3-.1 6-.1 10.8 4.8 10.8 10.8zm16.9-10.9c-.5 0-.9 0-1.3.1.5-3.3 2.2-6.1 4.9-8.3V8.7c-4.7 1.4-8.4 3.9-11.1 7.3-2.7 3.4-4 7.4-4 11.9 0 3.6.9 6.6 2.7 9 .8 1 1.6 1.8 2.5 2.4 1.8 1.3 3.9 2 6.3 2 6 0 10.8-4.8 10.8-10.8 0-6-4.8-10.9-10.8-10.9z\"><\/path><\/svg><div class=\"ugb-blockquote__content\"><p class=\"ugb-blockquote__text\"><em>The Opera Fuoco Orchestra, under the direction of its founding conductor, the American David Stern, has the ideal sound, soliciting solos from every section. They are remarkable. Katharina Wolff's devastating violin in the overture, Patricia Lavail's elegiac flute and Cl\u00e9ment Geoffroy's harpsichord are all remarkable.<\/em><br><em>OPERA MAGAZINE&nbsp;\u2013&nbsp;VINCENT BOREL, Mars 2016 &nbsp;(Damon de Telemann)<\/em><\/p><\/div><\/div><\/div><\/div><\/div>\n\n\n\n<div class=\"wp-block-ugb-blockquote ugb-blockquote ugb-44045a8 ugb-blockquote--v3 ugb-blockquote--design-plain ugb-blockquote--small-quote ugb-main-block\" id=\"\"><style>.ugb-44045a8 .ugb-blockquote__quote{width:20px !important;height:20px !important}<\/style><div class=\"ugb-inner-block\"><div class=\"ugb-block-content\"><div class=\"ugb-blockquote__item\"><svg viewbox=\"0 0 50 50\" xmlns=\"http:\/\/www.w3.org\/2000\/svg\" class=\"ugb-blockquote__quote\" width=\"20\" height=\"20\"><path d=\"M22.3 30.5c0 6-4.8 10.8-10.8 10.8-2.3 0-4.5-.8-6.3-2-.9-.6-1.8-1.4-2.5-2.4-1.8-2.4-2.7-5.4-2.7-9 0-4.5 1.3-8.5 4-11.9 2.7-3.4 6.4-5.8 11.1-7.3v2.8c-2.7 2.2-4.4 5-4.9 8.3.4-.1.9-.1 1.3-.1 6-.1 10.8 4.8 10.8 10.8zm16.9-10.9c-.5 0-.9 0-1.3.1.5-3.3 2.2-6.1 4.9-8.3V8.7c-4.7 1.4-8.4 3.9-11.1 7.3-2.7 3.4-4 7.4-4 11.9 0 3.6.9 6.6 2.7 9 .8 1 1.6 1.8 2.5 2.4 1.8 1.3 3.9 2 6.3 2 6 0 10.8-4.8 10.8-10.8 0-6-4.8-10.9-10.8-10.9z\"><\/path><\/svg><div class=\"ugb-blockquote__content\"><p class=\"ugb-blockquote__text\"><em>The name of the Fuoco\/Feu ensemble represents their credo well. The orchestra, with excellent soloists (notably the bassoon and English horn), is equally at home with secco attacks and seductive sonorities.<\/em><br><em>BONN GENERAL-ANZEIGER \u2013 18 SEPTEMBRE 2017 &nbsp;(L\u2019Amour Lointain au&nbsp;Beethovenfest)<\/em><\/p><\/div><\/div><\/div><\/div><\/div>","protected":false},"excerpt":{"rendered":"<p>Les Musiciens L\u2019Orchestre d\u2019Opera Fuoco, plac\u00e9 sous la baguette de son chef fondateur, l\u2019Am\u00e9ricain David Stern, poss\u00e8de la facture sonore id\u00e9ale sollicitant chaque pupitre en&hellip;<\/p>","protected":false},"author":1,"featured_media":0,"parent":38,"menu_order":22,"comment_status":"closed","ping_status":"closed","template":"page-templates\/full-width.php","meta":{"qubely_global_settings":"","qubely_interactions":"","_coblocks_attr":"","_coblocks_dimensions":"","_coblocks_responsive_height":"","_coblocks_accordion_ie_support":"","_uag_custom_page_level_css":"","kk_blocks_editor_width":"","_kiokenblocks_attr":"","_kiokenblocks_dimensions":"","_vp_format_video_url":"","_vp_image_focal_point":[],"footnotes":""},"class_list":["post-435","page","type-page","status-publish","hentry"],"featured_image_urls":{"full":"","thumbnail":"","medium":"","medium_large":"","large":"","thumblist":"","meccarouselthumb":"","gridsquare":"","tileview":"","1536x1536":"","2048x2048":"","trp-custom-language-flag":"","qubely_landscape":"","qubely_portrait":"","qubely_thumbnail":"","vp_sm":"","vp_md":"","vp_lg":"","vp_xl":"","vp_sm_popup":"","vp_md_popup":"","vp_xl_popup":""},"post_excerpt_stackable":"<p>Les Musiciens \u00a9Tom Watson L&rsquo;orchestreCr\u00e9\u00e9 par David Stern et la violoniste Katharina Wolff, l\u2019orchestre d\u2019Opera Fuoco poursuit le m\u00eame objectif que celui d\u00e9velopp\u00e9 pour les solistes de l\u2019Atelier lyrique : celui de toujours trouver un \u00e9quilibre entre le texte et la musique.Selon le r\u00e9pertoire, l\u2019orchestre adopte diff\u00e9rentes configurations mais conserve toujours un esprit de musique de chambre. D\u2019ailleurs, ses musiciens sont souvent amen\u00e9s \u00e0 se produire comme solistes.Les membres de l&rsquo;orchestre ma\u00eetrisent aussi bien le jeu d&rsquo;\u00e9poque que le jeu \u00a0\u00bb moderne \u00ab\u00a0, et adaptent leur instrument et leur style au r\u00e9pertoire.Bien qu&rsquo;\u00e9tat un orchestre ind\u00e9pendant \u00e0 g\u00e9om\u00e9trie variable, Opera&hellip;<\/p>\n","category_list":"","author_info":{"name":"admin","url":"https:\/\/operafuoco.fr\/en\/author\/admin\/"},"comments_num":"0 comments","aioseo_notices":[],"featured_image_src":"","featured_image_src_square":false,"rbea_author_info":{"display_name":"admin","author_link":"https:\/\/operafuoco.fr\/en\/author\/admin\/"},"rbea_excerpt_info":"Les Musiciens L\u2019Orchestre d\u2019Opera Fuoco, plac\u00e9 sous la baguette de son chef fondateur, l\u2019Am\u00e9ricain David Stern, poss\u00e8de la facture sonore id\u00e9ale sollicitant chaque pupitre en&hellip;","uagb_featured_image_src":{"full":false,"thumbnail":false,"medium":false,"medium_large":false,"large":false,"thumblist":false,"meccarouselthumb":false,"gridsquare":false,"tileview":false,"1536x1536":false,"2048x2048":false,"trp-custom-language-flag":false,"qubely_landscape":false,"qubely_portrait":false,"qubely_thumbnail":false,"vp_sm":false,"vp_md":false,"vp_lg":false,"vp_xl":false,"vp_sm_popup":false,"vp_md_popup":false,"vp_xl_popup":false},"uagb_author_info":{"display_name":"admin","author_link":"https:\/\/operafuoco.fr\/en\/author\/admin\/"},"uagb_comment_info":0,"uagb_excerpt":"Les Musiciens L\u2019Orchestre d\u2019Opera Fuoco, plac\u00e9 sous la baguette de son chef fondateur, l\u2019Am\u00e9ricain David Stern, poss\u00e8de la facture sonore id\u00e9ale sollicitant chaque pupitre en&hellip;","_links":{"self":[{"href":"https:\/\/operafuoco.fr\/en\/wp-json\/wp\/v2\/pages\/435"}],"collection":[{"href":"https:\/\/operafuoco.fr\/en\/wp-json\/wp\/v2\/pages"}],"about":[{"href":"https:\/\/operafuoco.fr\/en\/wp-json\/wp\/v2\/types\/page"}],"author":[{"embeddable":true,"href":"https:\/\/operafuoco.fr\/en\/wp-json\/wp\/v2\/users\/1"}],"replies":[{"embeddable":true,"href":"https:\/\/operafuoco.fr\/en\/wp-json\/wp\/v2\/comments?post=435"}],"version-history":[{"count":54,"href":"https:\/\/operafuoco.fr\/en\/wp-json\/wp\/v2\/pages\/435\/revisions"}],"predecessor-version":[{"id":2540,"href":"https:\/\/operafuoco.fr\/en\/wp-json\/wp\/v2\/pages\/435\/revisions\/2540"}],"up":[{"embeddable":true,"href":"https:\/\/operafuoco.fr\/en\/wp-json\/wp\/v2\/pages\/38"}],"wp:attachment":[{"href":"https:\/\/operafuoco.fr\/en\/wp-json\/wp\/v2\/media?parent=435"}],"curies":[{"name":"wp","href":"https:\/\/api.w.org\/{rel}","templated":true}]}}