{"id":50,"date":"2019-03-12T10:06:46","date_gmt":"2019-03-12T10:06:46","guid":{"rendered":"https:\/\/operafuoco.fr\/?page_id=50"},"modified":"2026-02-02T13:52:54","modified_gmt":"2026-02-02T13:52:54","slug":"contact","status":"publish","type":"page","link":"https:\/\/operafuoco.fr\/en\/contact\/","title":{"rendered":"Contact"},"content":{"rendered":"<div class=\"wp-block-ugb-spacer ugb-spacer ugb-6445d51 ugb-spacer--v2 ugb-main-block\"><style>@media screen and (min-width:768px){.ugb-6445d51.ugb-spacer{height:50px !important}}<\/style><div class=\"ugb-inner-block\"><div class=\"ugb-block-content\"><div class=\"ugb-spacer--inner\"><\/div><\/div><\/div><\/div>\n\n\n\n<div class=\"wp-block-caxton-grid relative\"><div class=\"absolute absolute--fill\"><div class=\"absolute absolute--fill cover bg-center\" style=\"background-color:;background-image:linear-gradient( );\"><\/div><div class=\"absolute absolute--fill\" style=\"background-color:;background-image:linear-gradient( );opacity:1;\"><\/div><\/div><div class=\"relative caxton-columns caxton-grid-block\" style=\"padding-top:0;padding-left:0;padding-bottom:0;padding-right:0;grid-template-columns:repeat(12, 1fr)\" data-tablet-css=\"padding-left:em;padding-right:em;\" data-mobile-css=\"padding-left:em;padding-right:em;\">\n<div class=\"wp-block-caxton-section relative\" style=\"grid-area:span 1\/span 6\" data-mobile-css=\"grid-area:span 1\/span 12;\" data-desktop-css=\"grid-area:span 1\/span 6;\" data-tablet-css=\"grid-area:span 1\/span 6;\"><div class=\"absolute absolute--fill\"><div class=\"absolute absolute--fill cover bg-center\" style=\"background-color:;background-image:linear-gradient( );\"><\/div><div class=\"absolute absolute--fill\" style=\"background-color:;background-image:linear-gradient( );opacity:1;\"><\/div><\/div><div class=\"relative caxton-section-block\" style=\"padding-top:5px;padding-left:5px;padding-bottom:5px;padding-right:5px\" data-mobile-css=\"padding-left:1em;padding-right:1em;\" data-tablet-css=\"padding-left:1em;padding-right:1em;\">\n<p class=\"has-large-font-size\">Opera Fuoco<\/p>\n\n\n\n<p>12, rue Pierre et Marie Curie<br>75005 Paris<br><\/p>\n\n\n\n<div class=\"wp-block-ugb-spacer ugb-spacer ugb-716ec49 ugb-spacer--v2 ugb-main-block\"><style>@media screen and (min-width:768px){.ugb-716ec49.ugb-spacer{height:30px !important}}<\/style><div class=\"ugb-inner-block\"><div class=\"ugb-block-content\"><div class=\"ugb-spacer--inner\"><\/div><\/div><\/div><\/div>\n\n\n\n<p>TEAM<\/p>\n\n\n\n<p><\/p>\n\n\n\n<ul class=\"wp-block-list\">\n<li><strong>David Stern<\/strong> - Artistic director<\/li>\n<\/ul>\n\n\n\n<div style=\"height:10px\" aria-hidden=\"true\" class=\"wp-block-spacer\"><\/div>\n\n\n\n<ul class=\"wp-block-list\">\n<li><strong>Katharina Wolff<\/strong> - Artistic co-director, Concertmaster\n<ul class=\"wp-block-list\">\n<li><a href=\"mailto:direction@operafuoco.fr\" title=\"\">direction[a]operafuoco.fr<\/a><\/li>\n<\/ul>\n<\/li>\n<\/ul>\n\n\n\n<div style=\"height:10px\" aria-hidden=\"true\" class=\"wp-block-spacer\"><\/div>\n\n\n\n<div style=\"height:10px\" aria-hidden=\"true\" class=\"wp-block-spacer\"><\/div>\n\n\n\n<ul class=\"wp-block-list\">\n<li><strong>Lucile Didier<\/strong> - Co-administrator, Production manager\n<ul class=\"wp-block-list\">\n<li>  <a class=\"aioseop-link\" href=\"mailto:production@operafuoco.fr\">production[a]operafuoco.fr<\/a><\/li>\n\n\n\n<li>+33 (0)6 68 56 25 32<\/li>\n<\/ul>\n<\/li>\n<\/ul>\n\n\n\n<div style=\"height:10px\" aria-hidden=\"true\" class=\"wp-block-spacer\"><\/div>\n\n\n\n<ul class=\"wp-block-list\">\n<li><strong>Marion Lecapelain<\/strong> - Co-administrator, Tour manager\n<ul class=\"wp-block-list\">\n<li><a href=\"mailto:diffusion@operafuoco.fr\">diffusion[a]operafuoco.fr<\/a><\/li>\n\n\n\n<li>+33 (0)6 79 15 36 91<\/li>\n<\/ul>\n<\/li>\n<\/ul>\n\n\n\n<div style=\"height:10px\" aria-hidden=\"true\" class=\"wp-block-spacer\"><\/div>\n\n\n\n<div style=\"height:10px\" aria-hidden=\"true\" class=\"wp-block-spacer\"><\/div>\n\n\n\n<ul class=\"wp-block-list\">\n<li><strong>Pedro Octavio-Diaz<\/strong>&nbsp;\u2013 Conseil artistique &amp; strat\u00e9gie&nbsp;<a href=\"https:\/\/podiaz.com\/\">(POD)<\/a>\n<ul class=\"wp-block-list\">\n<li><a href=\"mailto:guizoctave@yahoo.fr\">guizoctave[a]yahoo.fr<\/a><\/li>\n\n\n\n<li>+33 (0)6 26 71 03 35<\/li>\n<\/ul>\n<\/li>\n<\/ul>\n\n\n\n<div class=\"wp-block-stackable-spacer stk-block-spacer stk--no-padding stk-block stk-f700460\" data-block-id=\"f700460\"><style>.stk-f700460{height:20px !important}<\/style><\/div>\n\n\n\n<div class=\"wp-block-stackable-divider stk-block-divider stk-block stk-fee8971\" data-block-id=\"fee8971\"><style>.stk-fee8971{margin-bottom:24.000001907348633px !important}<\/style><hr class=\"stk-block-divider__hr\"\/><\/div>\n\n\n\n<p>THE BOARD OF DIRECTORS<\/p>\n\n\n\n<p><\/p>\n\n\n\n<ul class=\"wp-block-list\">\n<li><strong>Philippe Alter<\/strong> - President <\/li>\n\n\n\n<li><strong>Sophie Tombeck<\/strong> - Treasurer<\/li>\n\n\n\n<li><strong>Philippe Billot<\/strong> - Secretary<\/li>\n\n\n\n<li><strong>Anne Dufermont, Francis Lepigeon, Alain Pierre-Kahn , Karen Stone <\/strong>- Members<\/li>\n<\/ul>\n<\/div><\/div>\n\n\n\n<div class=\"wp-block-caxton-section relative\" style=\"grid-area:span 1\/span 6\" data-mobile-css=\"grid-area:span 1\/span 12;\" data-desktop-css=\"grid-area:span 1\/span 6;\" data-tablet-css=\"grid-area:span 1\/span 6;\"><div class=\"absolute absolute--fill\"><div class=\"absolute absolute--fill cover bg-center\" style=\"background-color:;background-image:linear-gradient( );\"><\/div><div class=\"absolute absolute--fill\" style=\"background-color:;background-image:linear-gradient( );opacity:1;\"><\/div><\/div><div class=\"relative caxton-section-block\" style=\"padding-top:5px;padding-left:5px;padding-bottom:5px;padding-right:5px\" data-mobile-css=\"padding-left:1em;padding-right:1em;\" data-tablet-css=\"padding-left:1em;padding-right:1em;\">\n<figure class=\"wp-block-image size-large is-resized\"><img loading=\"lazy\" decoding=\"async\" width=\"768\" height=\"1024\" src=\"https:\/\/operafuoco.fr\/wp-content\/uploads\/2024\/06\/15-768x1024.png\" alt=\"\" class=\"wp-image-5370\" style=\"aspect-ratio:0.75;object-fit:cover;width:314px;height:auto\" srcset=\"https:\/\/operafuoco.fr\/wp-content\/uploads\/2024\/06\/15-768x1024.png 768w, https:\/\/operafuoco.fr\/wp-content\/uploads\/2024\/06\/15-225x300.png 225w, https:\/\/operafuoco.fr\/wp-content\/uploads\/2024\/06\/15-300x400.png 300w, https:\/\/operafuoco.fr\/wp-content\/uploads\/2024\/06\/15-1152x1536.png 1152w, https:\/\/operafuoco.fr\/wp-content\/uploads\/2024\/06\/15-9x12.png 9w, https:\/\/operafuoco.fr\/wp-content\/uploads\/2024\/06\/15-500x667.png 500w, https:\/\/operafuoco.fr\/wp-content\/uploads\/2024\/06\/15-800x1067.png 800w, https:\/\/operafuoco.fr\/wp-content\/uploads\/2024\/06\/15-1280x1707.png 1280w, https:\/\/operafuoco.fr\/wp-content\/uploads\/2024\/06\/15.png 1200w\" sizes=\"(max-width: 768px) 100vw, 768px\" \/><\/figure>\n\n\n\n<div style=\"height:10px\" aria-hidden=\"true\" class=\"wp-block-spacer\"><\/div>\n\n\n\n<figure class=\"wp-block-image is-resized\"><img loading=\"lazy\" decoding=\"async\" width=\"408\" height=\"408\" src=\"https:\/\/operafuoco.fr\/wp-content\/uploads\/2019\/04\/OperaF_logo1l.jpg\" alt=\"\" class=\"wp-image-1204\" style=\"aspect-ratio:1;width:56px;height:auto\" srcset=\"https:\/\/operafuoco.fr\/wp-content\/uploads\/2019\/04\/OperaF_logo1l.jpg 408w, https:\/\/operafuoco.fr\/wp-content\/uploads\/2019\/04\/OperaF_logo1l-150x150.jpg 150w, https:\/\/operafuoco.fr\/wp-content\/uploads\/2019\/04\/OperaF_logo1l-300x300.jpg 300w\" sizes=\"(max-width: 408px) 100vw, 408px\" \/><\/figure>\n\n\n\n<p>SUBSCRIBE TO OUR NEWSLETTER<\/p>\n\n\n<script>(function() {\n\twindow.mc4wp = window.mc4wp || {\n\t\tlisteners: [],\n\t\tforms: {\n\t\t\ton: function(evt, cb) {\n\t\t\t\twindow.mc4wp.listeners.push(\n\t\t\t\t\t{\n\t\t\t\t\t\tevent   : evt,\n\t\t\t\t\t\tcallback: cb\n\t\t\t\t\t}\n\t\t\t\t);\n\t\t\t}\n\t\t}\n\t}\n})();\n<\/script><!-- Mailchimp for WordPress v4.9.9 - https:\/\/wordpress.org\/plugins\/mailchimp-for-wp\/ --><form id=\"mc4wp-form-1\" class=\"mc4wp-form mc4wp-form-650 mc4wp-form-theme mc4wp-form-theme-light\" method=\"post\" data-id=\"650\" data-name=\"INSCRIVEZ-VOUS \u00c0 NOTRE NEWSLETTER\" action=\"\" ><div class=\"mc4wp-form-fields\"><p>\r\n\t<label>Email Address <\/label>\r\n\t<input type=\"email\" name=\"EMAIL\" placeholder=\"Your email address\/Votre adresse de messaggerie\" required \/>\r\n<\/p>\r\n\r\n<p>\r\n\t<input type=\"submit\" value=\"Sign up\" \/>\r\n<\/p><\/div><label style=\"display: none !important;\">Leave this field empty if you're human: <input type=\"text\" name=\"_mc4wp_honeypot\" value=\"\" tabindex=\"-1\" autocomplete=\"off\" \/><\/label><input type=\"hidden\" name=\"_mc4wp_timestamp\" value=\"1775898326\" \/><input type=\"hidden\" name=\"_mc4wp_form_id\" value=\"650\" \/><input type=\"hidden\" name=\"_mc4wp_form_element_id\" value=\"mc4wp-form-1\" \/><div class=\"mc4wp-response\"><\/div><input type=\"hidden\" name=\"trp-form-language\" value=\"en\"\/><\/form><!-- \/ Mailchimp for WordPress Plugin -->\n\n\n\n<p><\/p>\n<\/div><\/div>\n<\/div><\/div>\n\n\n\n<div class=\"wp-block-ugb-divider ugb-divider ugb-f942293 ugb-divider--v2 ugb-divider--design-basic ugb-main-block\"><style>.ugb-f942293 hr.ugb-divider__hr{background-color:#fcb900 !important;margin-left:auto !important;margin-right:auto !important}<\/style><div class=\"ugb-inner-block\"><div class=\"ugb-block-content\"><hr class=\"ugb-divider__hr\"><\/div><\/div><\/div>\n\n\n\n<div class=\"wp-block-ugb-spacer ugb-spacer ugb-fe7e2d5 ugb-spacer--v2 ugb-main-block\"><style>@media screen and (min-width:768px){.ugb-fe7e2d5.ugb-spacer{height:30px !important}}<\/style><div class=\"ugb-inner-block\"><div class=\"ugb-block-content\"><div class=\"ugb-spacer--inner\"><\/div><\/div><\/div><\/div>\n\n\n\n<div class=\"wp-block-caxton-grid relative\"><div class=\"absolute absolute--fill\"><div class=\"absolute absolute--fill cover bg-center\" style=\"background-color:;background-image:linear-gradient( );\"><\/div><div class=\"absolute absolute--fill\" style=\"background-color:;background-image:linear-gradient( );opacity:1;\"><\/div><\/div><div class=\"relative caxton-columns caxton-grid-block\" style=\"padding-top:0;padding-left:0;padding-bottom:0;padding-right:0;grid-template-columns:repeat(12, 1fr)\" data-tablet-css=\"padding-left:em;padding-right:em;\" data-mobile-css=\"padding-left:em;padding-right:em;\">\n<div class=\"wp-block-caxton-section relative\" style=\"grid-area:span 1\/span 6\" data-mobile-css=\"grid-area:span 1\/span 12;\" data-desktop-css=\"grid-area:span 1\/span 6;\" data-tablet-css=\"grid-area:span 1\/span 6;\"><div class=\"absolute absolute--fill\"><div class=\"absolute absolute--fill cover bg-center\" style=\"background-color:;background-image:linear-gradient( );\"><\/div><div class=\"absolute absolute--fill\" style=\"background-color:;background-image:linear-gradient( );opacity:1;\"><\/div><\/div><div class=\"relative caxton-section-block\" style=\"padding-top:5px;padding-left:5px;padding-bottom:5px;padding-right:5px\" data-mobile-css=\"padding-left:1em;padding-right:1em;\" data-tablet-css=\"padding-left:1em;padding-right:1em;\">\n<figure><iframe loading=\"lazy\" src=\"https:\/\/www.google.com\/maps\/embed?pb=!1m18!1m12!1m3!1d2625.7019820692713!2d2.341890315673902!3d48.84482297928612!2m3!1f0!2f0!3f0!3m2!1i1024!2i768!4f13.1!3m3!1m2!1s0x0%3A0x0!2zNDjCsDUwJzQxLjQiTiAywrAyMCczOC43IkU!5e0!3m2!1sfr!2sfr!4v1556014226234!5m2!1sfr!2sfr\" width=\"800\" height=\"450\" allowfullscreen=\"\"><\/iframe><\/figure>\n<\/div><\/div>\n\n\n\n<div class=\"wp-block-caxton-section relative\" style=\"grid-area:span 1\/span 6\" data-mobile-css=\"grid-area:span 1\/span 12;\" data-desktop-css=\"grid-area:span 1\/span 6;\" data-tablet-css=\"grid-area:span 1\/span 6;\"><div class=\"absolute absolute--fill\"><div class=\"absolute absolute--fill cover bg-center\" style=\"background-color:;background-image:linear-gradient( );\"><\/div><div class=\"absolute absolute--fill\" style=\"background-color:;background-image:linear-gradient( );opacity:1;\"><\/div><\/div><div class=\"relative caxton-section-block\" style=\"padding-top:5px;padding-left:5px;padding-bottom:5px;padding-right:5px\" data-mobile-css=\"padding-left:1em;padding-right:1em;\" data-tablet-css=\"padding-left:1em;padding-right:1em;\"><style>.wp-block-kadence-advancedheading.kt-adv-heading50_b01449-fb, .wp-block-kadence-advancedheading.kt-adv-heading50_b01449-fb[data-kb-block=\"kb-adv-heading50_b01449-fb\"]{font-style:normal;}.wp-block-kadence-advancedheading.kt-adv-heading50_b01449-fb mark, .wp-block-kadence-advancedheading.kt-adv-heading50_b01449-fb[data-kb-block=\"kb-adv-heading50_b01449-fb\"] mark{font-style:normal;color:#f76a0c;padding-top:0px;padding-right:0px;padding-bottom:0px;padding-left:0px;}<\/style>\n<h2 class=\"kt-adv-heading50_b01449-fb wp-block-kadence-advancedheading\" data-kb-block=\"kb-adv-heading50_b01449-fb\">Contact us<\/h2>\n\n\n\n<div style=\"height:33px\" aria-hidden=\"true\" class=\"wp-block-spacer\"><\/div>\n\n\n\t\t\t\t<div class = \"wp-block-uagb-cf7-styler uagb-cf7-styler__outer-wrap uagb-block-412adfec\">\n\t\t\t\t\t<div class = \"uagb-cf7-styler__align-left uagb-cf7-styler__field-style-underline uagb-cf7-styler__btn-align-left uagb-cf7-styler__btn-align-tablet- uagb-cf7-styler__btn-align-mobile- uagb-cf7-styler__highlight-style-default uagb-cf7-styler__check-style-enabled\">\n\t\t\t\t\t\n<div class=\"wpcf7 no-js\" id=\"wpcf7-f1816-o1\" lang=\"fr-FR\" dir=\"ltr\">\n<div class=\"screen-reader-response\"><p role=\"status\" aria-live=\"polite\" aria-atomic=\"true\"><\/p> <ul><\/ul><\/div>\n<form action=\"\/en\/wp-json\/wp\/v2\/pages\/50#wpcf7-f1816-o1\" method=\"post\" class=\"wpcf7-form init\" aria-label=\"Formulaire de contact\" novalidate=\"novalidate\" data-status=\"init\" data-trp-original-action=\"\/en\/wp-json\/wp\/v2\/pages\/50#wpcf7-f1816-o1\">\n<div style=\"display: none;\">\n<input type=\"hidden\" name=\"_wpcf7\" value=\"1816\" \/>\n<input type=\"hidden\" name=\"_wpcf7_version\" value=\"5.8.1\" \/>\n<input type=\"hidden\" name=\"_wpcf7_locale\" value=\"fr_FR\" \/>\n<input type=\"hidden\" name=\"_wpcf7_unit_tag\" value=\"wpcf7-f1816-o1\" \/>\n<input type=\"hidden\" name=\"_wpcf7_container_post\" value=\"0\" \/>\n<input type=\"hidden\" name=\"_wpcf7_posted_data_hash\" value=\"\" \/>\n<input type=\"hidden\" name=\"_wpcf7_recaptcha_response\" value=\"\" \/>\n<\/div>\n<p><label> Your Name (required)<br \/>\n<span class=\"wpcf7-form-control-wrap\" data-name=\"your-name\"><input size=\"40\" class=\"wpcf7-form-control wpcf7-text wpcf7-validates-as-required\" aria-required=\"true\" aria-invalid=\"false\" value=\"\" type=\"text\" name=\"your-name\" \/><\/span> <\/label>\n<\/p>\n<p><label> Your Email (required)<br \/>\n<span class=\"wpcf7-form-control-wrap\" data-name=\"your-email\"><input size=\"40\" class=\"wpcf7-form-control wpcf7-email wpcf7-validates-as-required wpcf7-text wpcf7-validates-as-email\" aria-required=\"true\" aria-invalid=\"false\" value=\"\" type=\"email\" name=\"your-email\" \/><\/span> <\/label>\n<\/p>\n<p><label> Subject<br \/>\n<span class=\"wpcf7-form-control-wrap\" data-name=\"your-subject\"><input size=\"40\" class=\"wpcf7-form-control wpcf7-text\" aria-invalid=\"false\" value=\"\" type=\"text\" name=\"your-subject\" \/><\/span> <\/label>\n<\/p>\n<p><label> Your Message<br \/>\n<span class=\"wpcf7-form-control-wrap\" data-name=\"your-message\"><textarea cols=\"40\" rows=\"10\" class=\"wpcf7-form-control wpcf7-textarea\" aria-invalid=\"false\" name=\"your-message\"><\/textarea><\/span> <\/label>\n<\/p>\n<p><input class=\"wpcf7-form-control wpcf7-submit has-spinner\" type=\"submit\" value=\"SEND\" \/>\n<\/p><div class=\"wpcf7-response-output\" aria-hidden=\"true\"><\/div>\n<input type=\"hidden\" name=\"trp-form-language\" value=\"en\"\/><\/form>\n<\/div>\n\t\t\t\t\t<\/div>\n\t\t\t\t<\/div>\n\t\t\t\t\n\n\n<p style=\"font-size:10px\" class=\"has-custom-size\">This site is protected by reCAPTCHA and the Google <a href=\"https:\/\/policies.google.com\/privacy\">Privacy Policy<\/a> <br>and <a href=\"https:\/\/policies.google.com\/terms\">Terms of Service<\/a> apply. <\/p>\n<\/div><\/div>\n<\/div><\/div>","protected":false},"excerpt":{"rendered":"","protected":false},"author":1,"featured_media":0,"parent":0,"menu_order":29,"comment_status":"closed","ping_status":"closed","template":"","meta":{"qubely_global_settings":"","qubely_interactions":"","_coblocks_attr":"","_coblocks_dimensions":"","_coblocks_responsive_height":"","_coblocks_accordion_ie_support":"","_uag_custom_page_level_css":"","kk_blocks_editor_width":"","_kiokenblocks_attr":"","_kiokenblocks_dimensions":"","_vp_format_video_url":"","_vp_image_focal_point":[],"footnotes":""},"class_list":["post-50","page","type-page","status-publish","hentry"],"featured_image_urls":{"full":"","thumbnail":"","medium":"","medium_large":"","large":"","thumblist":"","meccarouselthumb":"","gridsquare":"","tileview":"","1536x1536":"","2048x2048":"","trp-custom-language-flag":"","qubely_landscape":"","qubely_portrait":"","qubely_thumbnail":"","vp_sm":"","vp_md":"","vp_lg":"","vp_xl":"","vp_sm_popup":"","vp_md_popup":"","vp_xl_popup":""},"post_excerpt_stackable":"<p>Opera Fuoco 12, rue Pierre et Marie Curie75005 Paris L&rsquo;\u00c9QUIPE David Stern \u2013 Directeur artistique Katharina Wolff \u2013 Co-directrice artistique, premier violon direction[a]operafuoco.fr Lucile Didier &#8211; Co-administratrice d\u00e9l\u00e9gu\u00e9e \u00e0 la production production[a]operafuoco.fr +33 (0)6 68 56 25 32 Marion Lecapelain &#8211; Co-administratrice d\u00e9l\u00e9gu\u00e9e \u00e0 la diffusion diffusion[a]operafuoco.fr +33 (0)6 79 15 36 91 Pedro Octavio-Diaz&nbsp;\u2013 Conseil artistique &amp; strat\u00e9gie&nbsp;(POD) guizoctave[a]yahoo.fr +33 (0)6 26 71 03 35 LE CONSEIL D&rsquo;ADMINISTRATION Philippe Alter \u2013 Pr\u00e9sident Sophie Tombeck &#8211; Tr\u00e9sori\u00e8re Philippe Billot &#8211; Secr\u00e9taire Anne Dufermont, Francis Lepigeon, Alain Pierre-Kahn , Karen Stone &#8211; Membres INSCRIVEZ-VOUS \u00c0 NOTRE NEWSLETTER Adresse: Leave this field&hellip;<\/p>\n","category_list":"","author_info":{"name":"admin","url":"https:\/\/operafuoco.fr\/en\/author\/admin\/"},"comments_num":"0 comments","aioseo_notices":[],"featured_image_src":"","featured_image_src_square":false,"rbea_author_info":{"display_name":"admin","author_link":"https:\/\/operafuoco.fr\/en\/author\/admin\/"},"rbea_excerpt_info":null,"uagb_featured_image_src":{"full":false,"thumbnail":false,"medium":false,"medium_large":false,"large":false,"thumblist":false,"meccarouselthumb":false,"gridsquare":false,"tileview":false,"1536x1536":false,"2048x2048":false,"trp-custom-language-flag":false,"qubely_landscape":false,"qubely_portrait":false,"qubely_thumbnail":false,"vp_sm":false,"vp_md":false,"vp_lg":false,"vp_xl":false,"vp_sm_popup":false,"vp_md_popup":false,"vp_xl_popup":false},"uagb_author_info":{"display_name":"admin","author_link":"https:\/\/operafuoco.fr\/en\/author\/admin\/"},"uagb_comment_info":0,"uagb_excerpt":null,"_links":{"self":[{"href":"https:\/\/operafuoco.fr\/en\/wp-json\/wp\/v2\/pages\/50"}],"collection":[{"href":"https:\/\/operafuoco.fr\/en\/wp-json\/wp\/v2\/pages"}],"about":[{"href":"https:\/\/operafuoco.fr\/en\/wp-json\/wp\/v2\/types\/page"}],"author":[{"embeddable":true,"href":"https:\/\/operafuoco.fr\/en\/wp-json\/wp\/v2\/users\/1"}],"replies":[{"embeddable":true,"href":"https:\/\/operafuoco.fr\/en\/wp-json\/wp\/v2\/comments?post=50"}],"version-history":[{"count":89,"href":"https:\/\/operafuoco.fr\/en\/wp-json\/wp\/v2\/pages\/50\/revisions"}],"predecessor-version":[{"id":5722,"href":"https:\/\/operafuoco.fr\/en\/wp-json\/wp\/v2\/pages\/50\/revisions\/5722"}],"wp:attachment":[{"href":"https:\/\/operafuoco.fr\/en\/wp-json\/wp\/v2\/media?parent=50"}],"curies":[{"name":"wp","href":"https:\/\/api.w.org\/{rel}","templated":true}]}}