{"id":65,"date":"2019-03-12T10:18:04","date_gmt":"2019-03-12T10:18:04","guid":{"rendered":"https:\/\/operafuoco.fr\/?page_id=65"},"modified":"2022-07-30T09:27:41","modified_gmt":"2022-07-30T09:27:41","slug":"media","status":"publish","type":"page","link":"https:\/\/operafuoco.fr\/en\/media\/","title":{"rendered":"Medias"},"content":{"rendered":"<style>#kt-layout-id_0a9086-20 > .kt-row-column-wrap{align-content:start;}:where(#kt-layout-id_0a9086-20 > .kt-row-column-wrap) > .wp-block-kadence-column{justify-content:start;}#kt-layout-id_0a9086-20 > .kt-row-column-wrap{column-gap:var(--global-kb-gap-md, 2rem);row-gap:var(--global-kb-gap-md, 2rem);padding-top:var( --global-kb-row-default-top, 25px );padding-bottom:var( --global-kb-row-default-bottom, 25px );padding-top:var(--global-kb-spacing-sm, 1.5rem);padding-bottom:var(--global-kb-spacing-sm, 1.5rem);grid-template-columns:minmax(0, 1fr);}#kt-layout-id_0a9086-20 > .kt-row-layout-overlay{opacity:0.30;}@media all and (max-width: 1024px){#kt-layout-id_0a9086-20 > .kt-row-column-wrap{grid-template-columns:minmax(0, 1fr);}}@media all and (max-width: 767px){#kt-layout-id_0a9086-20 > .kt-row-column-wrap{grid-template-columns:minmax(0, 1fr);}}<\/style>\n<div class=\"wp-block-kadence-rowlayout alignnone\"><div id=\"kt-layout-id_0a9086-20\" class=\"kt-row-layout-inner kt-layout-id_0a9086-20\"><div class=\"kt-row-column-wrap kt-has-1-columns kt-gutter-default kt-v-gutter-default kt-row-valign-top kt-row-layout-equal kt-tab-layout-inherit kt-m-colapse-left-to-right kt-mobile-layout-row\"><style>.kadence-column_cbb261-ed > .kt-inside-inner-col{border-top-width:0px;border-right-width:0px;border-bottom-width:0px;border-left-width:0px;}.kadence-column_cbb261-ed > .kt-inside-inner-col,.kadence-column_cbb261-ed > .kt-inside-inner-col:before{border-top-left-radius:0px;border-top-right-radius:0px;border-bottom-right-radius:0px;border-bottom-left-radius:0px;}.kadence-column_cbb261-ed > .kt-inside-inner-col:before{opacity:0.3;}.kadence-column_cbb261-ed{text-align:left;}.kadence-column_cbb261-ed{position:relative;}<\/style>\n<div class=\"wp-block-kadence-column inner-column-1 kadence-column_cbb261-ed\"><div class=\"kt-inside-inner-col\">\n<div class=\"wp-block-media-text alignfull is-stacked-on-mobile is-vertically-aligned-center is-style-default coblocks-animate has-animator\" style=\"grid-template-columns:40% auto\" data-coblocks-animation=\"zoomIn\" data-anim-from=\"horizontal\" data-anim-duration=\"1\" data-anim-distance=\"50\" data-anim-scale-x=\"1\" data-anim-scale-y=\"1\" data-anim-easing=\"easeInOut\" data-anim-effect=\"Cubic\"><figure class=\"wp-block-media-text__media\"><img loading=\"lazy\" decoding=\"async\" width=\"1024\" height=\"805\" src=\"https:\/\/operafuoco.fr\/wp-content\/uploads\/2021\/09\/sm20-3000WEB-1024x805.jpg\" alt=\"\" class=\"wp-image-3375 size-full\" srcset=\"https:\/\/operafuoco.fr\/wp-content\/uploads\/2021\/09\/sm20-3000WEB-1024x805.jpg 1024w, https:\/\/operafuoco.fr\/wp-content\/uploads\/2021\/09\/sm20-3000WEB-300x236.jpg 300w, https:\/\/operafuoco.fr\/wp-content\/uploads\/2021\/09\/sm20-3000WEB-768x603.jpg 768w, https:\/\/operafuoco.fr\/wp-content\/uploads\/2021\/09\/sm20-3000WEB-15x12.jpg 15w, https:\/\/operafuoco.fr\/wp-content\/uploads\/2021\/09\/sm20-3000WEB-500x393.jpg 500w, https:\/\/operafuoco.fr\/wp-content\/uploads\/2021\/09\/sm20-3000WEB-800x629.jpg 800w, https:\/\/operafuoco.fr\/wp-content\/uploads\/2021\/09\/sm20-3000WEB-1280x1006.jpg 1280w, https:\/\/operafuoco.fr\/wp-content\/uploads\/2021\/09\/sm20-3000WEB.jpg 1400w\" sizes=\"(max-width: 1024px) 100vw, 1024px\" \/><\/figure><div class=\"wp-block-media-text__content\">\n<h2 class=\"has-text-align-left has-text-color wp-block-heading\" style=\"color:#000000\"><strong>CDs<\/strong><\/h2>\n\n\n\n<p><\/p>\n\n\n\n<p><\/p>\n\n\n<style>.wp-block-kadence-advancedbtn.kb-btns_0bac65-32{gap:var(--global-kb-gap-xs, 0.5rem );justify-content:flex-start;align-items:center;}.kt-btns_0bac65-32 .kt-button{font-family:Lato;font-weight:400;font-style:normal;}.kt-btns_0bac65-32 .kt-btn-wrap-0{margin-right:5px;}.wp-block-kadence-advancedbtn.kt-btns_0bac65-32 .kt-btn-wrap-0 .kt-button{color:#ffffff;font-size:14px;background:#f04e23;margin-top:30px;margin-right:0px;margin-bottom:0px;margin-left:0px;}.wp-block-kadence-advancedbtn.kt-btns_0bac65-32 .kt-btn-wrap-0 .kt-button:hover, .wp-block-kadence-advancedbtn.kt-btns_0bac65-32 .kt-btn-wrap-0 .kt-button:focus{color:#abb8c3;}.wp-block-kadence-advancedbtn.kt-btns_0bac65-32 .kt-btn-wrap-0 .kt-button::before{display:none;}.wp-block-kadence-advancedbtn.kt-btns_0bac65-32 .kt-btn-wrap-0 .kt-button:hover, .wp-block-kadence-advancedbtn.kt-btns_0bac65-32 .kt-btn-wrap-0 .kt-button:focus{background:#444444;}<\/style>\n<div class=\"wp-block-kadence-advancedbtn kt-btn-align-left kt-btn-tablet-align-inherit kt-btn-mobile-align-inherit kt-btns-wrap kt-btns_0bac65-32\"><div class=\"kt-btn-wrap kt-btn-wrap-0\"><a class=\"kt-button button kt-btn-0-action kt-btn-size-standard kt-btn-style-basic kt-btn-svg-show-always kt-btn-has-text-true kt-btn-has-svg-false\" href=\"https:\/\/operafuoco.fr\/en\/media\/cds\/\" style=\"border-width:0px;letter-spacing:1px\"><span class=\"kt-btn-inner-text\">DISCOVER<\/span><\/a><\/div><\/div>\n\n\n\n<p><\/p>\n<\/div><\/div>\n<\/div><\/div>\n<\/div><\/div><\/div>\n\n\n<style>#kt-layout-id_818dfb-a7 > .kt-row-column-wrap{align-content:start;}:where(#kt-layout-id_818dfb-a7 > .kt-row-column-wrap) > .wp-block-kadence-column{justify-content:start;}#kt-layout-id_818dfb-a7 > .kt-row-column-wrap{column-gap:var(--global-kb-gap-md, 2rem);row-gap:var(--global-kb-gap-md, 2rem);padding-top:var( --global-kb-row-default-top, 25px );padding-bottom:var( --global-kb-row-default-bottom, 25px );padding-top:var(--global-kb-spacing-sm, 1.5rem);padding-bottom:var(--global-kb-spacing-sm, 1.5rem);grid-template-columns:minmax(0, 1fr);}#kt-layout-id_818dfb-a7 > .kt-row-layout-overlay{opacity:0.30;}@media all and (max-width: 1024px){#kt-layout-id_818dfb-a7 > .kt-row-column-wrap{grid-template-columns:minmax(0, 1fr);}}@media all and (max-width: 767px){#kt-layout-id_818dfb-a7 > .kt-row-column-wrap{grid-template-columns:minmax(0, 1fr);}}<\/style>\n<div class=\"wp-block-kadence-rowlayout alignnone\"><div id=\"kt-layout-id_818dfb-a7\" class=\"kt-row-layout-inner kt-layout-id_818dfb-a7\"><div class=\"kt-row-column-wrap kt-has-1-columns kt-gutter-default kt-v-gutter-default kt-row-valign-top kt-row-layout-equal kt-tab-layout-inherit kt-m-colapse-left-to-right kt-mobile-layout-row\"><style>.kadence-column_eceda0-1e > .kt-inside-inner-col{border-top-width:0px;border-right-width:0px;border-bottom-width:0px;border-left-width:0px;}.kadence-column_eceda0-1e > .kt-inside-inner-col,.kadence-column_eceda0-1e > .kt-inside-inner-col:before{border-top-left-radius:0px;border-top-right-radius:0px;border-bottom-right-radius:0px;border-bottom-left-radius:0px;}.kadence-column_eceda0-1e > .kt-inside-inner-col:before{opacity:0.3;}.kadence-column_eceda0-1e{text-align:left;}.kadence-column_eceda0-1e{position:relative;}<\/style>\n<div class=\"wp-block-kadence-column inner-column-1 kadence-column_eceda0-1e\"><div class=\"kt-inside-inner-col\">\n<div class=\"wp-block-media-text alignfull has-media-on-the-right is-stacked-on-mobile is-vertically-aligned-center is-style-default coblocks-animate has-animator\" style=\"grid-template-columns:auto 40%\" data-coblocks-animation=\"zoomIn\" data-anim-from=\"horizontal\" data-anim-duration=\"1\" data-anim-distance=\"50\" data-anim-scale-x=\"1\" data-anim-scale-y=\"1\" data-anim-easing=\"easeInOut\" data-anim-effect=\"Cubic\"><figure class=\"wp-block-media-text__media\"><img loading=\"lazy\" decoding=\"async\" width=\"960\" height=\"720\" src=\"https:\/\/operafuoco.fr\/wp-content\/uploads\/2019\/04\/1266997_1667867836794378_3443323557107959941_o.jpg\" alt=\"\" class=\"wp-image-820 size-full\" srcset=\"https:\/\/operafuoco.fr\/wp-content\/uploads\/2019\/04\/1266997_1667867836794378_3443323557107959941_o.jpg 960w, https:\/\/operafuoco.fr\/wp-content\/uploads\/2019\/04\/1266997_1667867836794378_3443323557107959941_o-300x225.jpg 300w, https:\/\/operafuoco.fr\/wp-content\/uploads\/2019\/04\/1266997_1667867836794378_3443323557107959941_o-768x576.jpg 768w\" sizes=\"(max-width: 960px) 100vw, 960px\" \/><\/figure><div class=\"wp-block-media-text__content\">\n<h2 class=\"has-text-color wp-block-heading\" style=\"color:#000000\"><strong>VID\u00c9OS<\/strong><\/h2>\n\n\n\n<p><\/p>\n\n\n\n<p><\/p>\n\n\n<style>.wp-block-kadence-advancedbtn.kb-btns_fbe619-85{gap:var(--global-kb-gap-xs, 0.5rem );justify-content:flex-start;align-items:center;}.kt-btns_fbe619-85 .kt-button{font-family:Lato;font-weight:400;font-style:normal;}.kt-btns_fbe619-85 .kt-btn-wrap-0{margin-right:5px;}.wp-block-kadence-advancedbtn.kt-btns_fbe619-85 .kt-btn-wrap-0 .kt-button{color:#ffffff;font-size:14px;background:#f04e23;margin-top:30px;margin-right:0px;margin-bottom:0px;margin-left:0px;}.wp-block-kadence-advancedbtn.kt-btns_fbe619-85 .kt-btn-wrap-0 .kt-button:hover, .wp-block-kadence-advancedbtn.kt-btns_fbe619-85 .kt-btn-wrap-0 .kt-button:focus{color:#abb8c3;}.wp-block-kadence-advancedbtn.kt-btns_fbe619-85 .kt-btn-wrap-0 .kt-button::before{display:none;}.wp-block-kadence-advancedbtn.kt-btns_fbe619-85 .kt-btn-wrap-0 .kt-button:hover, .wp-block-kadence-advancedbtn.kt-btns_fbe619-85 .kt-btn-wrap-0 .kt-button:focus{background:#444444;}<\/style>\n<div class=\"wp-block-kadence-advancedbtn kt-btn-align-left kt-btn-tablet-align-inherit kt-btn-mobile-align-inherit kt-btns-wrap kt-btns_fbe619-85\"><div class=\"kt-btn-wrap kt-btn-wrap-0\"><a class=\"kt-button button kt-btn-0-action kt-btn-size-standard kt-btn-style-basic kt-btn-svg-show-always kt-btn-has-text-true kt-btn-has-svg-false\" href=\"https:\/\/operafuoco.fr\/en\/media\/videos\/\" style=\"border-width:0px;letter-spacing:1px\"><span class=\"kt-btn-inner-text\">DISCOVER<\/span><\/a><\/div><\/div>\n\n\n\n<p><\/p>\n<\/div><\/div>\n\n\n\n<p><\/p>\n<\/div><\/div>\n<\/div><\/div><\/div>\n\n\n<style>#kt-layout-id_757dea-38 > .kt-row-column-wrap{align-content:start;}:where(#kt-layout-id_757dea-38 > .kt-row-column-wrap) > .wp-block-kadence-column{justify-content:start;}#kt-layout-id_757dea-38 > .kt-row-column-wrap{column-gap:var(--global-kb-gap-md, 2rem);row-gap:var(--global-kb-gap-md, 2rem);padding-top:var( --global-kb-row-default-top, 25px );padding-bottom:var( --global-kb-row-default-bottom, 25px );padding-top:var(--global-kb-spacing-sm, 1.5rem);padding-bottom:var(--global-kb-spacing-sm, 1.5rem);grid-template-columns:minmax(0, 1fr);}#kt-layout-id_757dea-38 > .kt-row-layout-overlay{opacity:0.30;}@media all and (max-width: 1024px){#kt-layout-id_757dea-38 > .kt-row-column-wrap{grid-template-columns:minmax(0, 1fr);}}@media all and (max-width: 767px){#kt-layout-id_757dea-38 > .kt-row-column-wrap{grid-template-columns:minmax(0, 1fr);}}<\/style>\n<div class=\"wp-block-kadence-rowlayout alignnone\"><div id=\"kt-layout-id_757dea-38\" class=\"kt-row-layout-inner kt-layout-id_757dea-38\"><div class=\"kt-row-column-wrap kt-has-1-columns kt-gutter-default kt-v-gutter-default kt-row-valign-top kt-row-layout-equal kt-tab-layout-inherit kt-m-colapse-left-to-right kt-mobile-layout-row\"><style>.kadence-column_77600d-1b > .kt-inside-inner-col{border-top-width:0px;border-right-width:0px;border-bottom-width:0px;border-left-width:0px;}.kadence-column_77600d-1b > .kt-inside-inner-col,.kadence-column_77600d-1b > .kt-inside-inner-col:before{border-top-left-radius:0px;border-top-right-radius:0px;border-bottom-right-radius:0px;border-bottom-left-radius:0px;}.kadence-column_77600d-1b > .kt-inside-inner-col:before{opacity:0.3;}.kadence-column_77600d-1b{text-align:left;}.kadence-column_77600d-1b{position:relative;}<\/style>\n<div class=\"wp-block-kadence-column inner-column-1 kadence-column_77600d-1b\"><div class=\"kt-inside-inner-col\">\n<div class=\"wp-block-media-text alignfull is-stacked-on-mobile is-vertically-aligned-center is-style-default coblocks-animate has-animator\" style=\"grid-template-columns:40% auto\" data-coblocks-animation=\"zoomIn\" data-anim-from=\"horizontal\" data-anim-duration=\"1\" data-anim-distance=\"50\" data-anim-scale-x=\"1\" data-anim-scale-y=\"1\" data-anim-easing=\"easeInOut\" data-anim-effect=\"Cubic\"><figure class=\"wp-block-media-text__media\"><img loading=\"lazy\" decoding=\"async\" width=\"1024\" height=\"739\" src=\"https:\/\/operafuoco.fr\/wp-content\/uploads\/2019\/03\/TheaterMD_Damon_HKP1_043_Foto_Andreas_Lander-copie-1024x739.jpg\" alt=\"\" class=\"wp-image-321 size-full\"\/><\/figure><div class=\"wp-block-media-text__content\">\n<h2 class=\"has-text-color wp-block-heading\" style=\"color:#000000\"><strong>GALERIE<\/strong><\/h2>\n\n\n\n<p><\/p>\n\n\n\n<p><\/p>\n\n\n<style>.wp-block-kadence-advancedbtn.kb-btns_798501-76{gap:var(--global-kb-gap-xs, 0.5rem );justify-content:flex-start;align-items:center;}.kt-btns_798501-76 .kt-button{font-family:Lato;font-weight:400;font-style:normal;}.kt-btns_798501-76 .kt-btn-wrap-0{margin-right:5px;}.wp-block-kadence-advancedbtn.kt-btns_798501-76 .kt-btn-wrap-0 .kt-button{color:#ffffff;font-size:14px;background:#f04e23;margin-top:30px;margin-right:0px;margin-bottom:0px;margin-left:0px;}.wp-block-kadence-advancedbtn.kt-btns_798501-76 .kt-btn-wrap-0 .kt-button:hover, .wp-block-kadence-advancedbtn.kt-btns_798501-76 .kt-btn-wrap-0 .kt-button:focus{color:#abb8c3;}.wp-block-kadence-advancedbtn.kt-btns_798501-76 .kt-btn-wrap-0 .kt-button::before{display:none;}.wp-block-kadence-advancedbtn.kt-btns_798501-76 .kt-btn-wrap-0 .kt-button:hover, .wp-block-kadence-advancedbtn.kt-btns_798501-76 .kt-btn-wrap-0 .kt-button:focus{background:#444444;}<\/style>\n<div class=\"wp-block-kadence-advancedbtn kt-btn-align-left kt-btn-tablet-align-inherit kt-btn-mobile-align-inherit kt-btns-wrap kt-btns_798501-76\"><div class=\"kt-btn-wrap kt-btn-wrap-0\"><a class=\"kt-button button kt-btn-0-action kt-btn-size-standard kt-btn-style-basic kt-btn-svg-show-always kt-btn-has-text-true kt-btn-has-svg-false\" href=\"https:\/\/operafuoco.fr\/en\/media\/galeries\/\" style=\"border-width:0px;letter-spacing:1px\"><span class=\"kt-btn-inner-text\">DISCOVER<\/span><\/a><\/div><\/div>\n\n\n\n<p><\/p>\n<\/div><\/div>\n<\/div><\/div>\n<\/div><\/div><\/div>\n\n\n<style>#kt-layout-id_724781-24 > .kt-row-column-wrap{align-content:start;}:where(#kt-layout-id_724781-24 > .kt-row-column-wrap) > .wp-block-kadence-column{justify-content:start;}#kt-layout-id_724781-24 > .kt-row-column-wrap{column-gap:var(--global-kb-gap-md, 2rem);row-gap:var(--global-kb-gap-md, 2rem);padding-top:var( --global-kb-row-default-top, 25px );padding-bottom:var( --global-kb-row-default-bottom, 25px );padding-top:var(--global-kb-spacing-sm, 1.5rem);padding-bottom:var(--global-kb-spacing-sm, 1.5rem);grid-template-columns:minmax(0, 1fr);}#kt-layout-id_724781-24 > .kt-row-layout-overlay{opacity:0.30;}@media all and (max-width: 1024px){#kt-layout-id_724781-24 > .kt-row-column-wrap{grid-template-columns:minmax(0, 1fr);}}@media all and (max-width: 767px){#kt-layout-id_724781-24 > .kt-row-column-wrap{grid-template-columns:minmax(0, 1fr);}}<\/style>\n<div class=\"wp-block-kadence-rowlayout alignnone\"><div id=\"kt-layout-id_724781-24\" class=\"kt-row-layout-inner kt-layout-id_724781-24\"><div class=\"kt-row-column-wrap kt-has-1-columns kt-gutter-default kt-v-gutter-default kt-row-valign-top kt-row-layout-equal kt-tab-layout-inherit kt-m-colapse-left-to-right kt-mobile-layout-row\"><style>.kadence-column_379b4b-40 > .kt-inside-inner-col{border-top-width:0px;border-right-width:0px;border-bottom-width:0px;border-left-width:0px;}.kadence-column_379b4b-40 > .kt-inside-inner-col,.kadence-column_379b4b-40 > .kt-inside-inner-col:before{border-top-left-radius:0px;border-top-right-radius:0px;border-bottom-right-radius:0px;border-bottom-left-radius:0px;}.kadence-column_379b4b-40 > .kt-inside-inner-col:before{opacity:0.3;}.kadence-column_379b4b-40{text-align:left;}.kadence-column_379b4b-40{position:relative;}<\/style>\n<div class=\"wp-block-kadence-column inner-column-1 kadence-column_379b4b-40\"><div class=\"kt-inside-inner-col\">\n<div class=\"wp-block-media-text alignfull has-media-on-the-right is-stacked-on-mobile is-vertically-aligned-center is-style-default coblocks-animate has-animator\" style=\"grid-template-columns:auto 40%\" data-coblocks-animation=\"zoomIn\" data-anim-from=\"horizontal\" data-anim-duration=\"1\" data-anim-distance=\"50\" data-anim-scale-x=\"1\" data-anim-scale-y=\"1\" data-anim-easing=\"easeInOut\" data-anim-effect=\"Cubic\"><figure class=\"wp-block-media-text__media\"><img loading=\"lazy\" decoding=\"async\" width=\"1024\" height=\"683\" src=\"https:\/\/operafuoco.fr\/wp-content\/uploads\/2019\/04\/Opera-Nozze-di-Figaro-1024x683.jpg\" alt=\"\" class=\"wp-image-3731 size-full\" srcset=\"https:\/\/operafuoco.fr\/wp-content\/uploads\/2019\/04\/Opera-Nozze-di-Figaro-1024x683.jpg 1024w, https:\/\/operafuoco.fr\/wp-content\/uploads\/2019\/04\/Opera-Nozze-di-Figaro-300x200.jpg 300w, https:\/\/operafuoco.fr\/wp-content\/uploads\/2019\/04\/Opera-Nozze-di-Figaro-768x512.jpg 768w, https:\/\/operafuoco.fr\/wp-content\/uploads\/2019\/04\/Opera-Nozze-di-Figaro-391x260.jpg 391w, https:\/\/operafuoco.fr\/wp-content\/uploads\/2019\/04\/Opera-Nozze-di-Figaro-18x12.jpg 18w, https:\/\/operafuoco.fr\/wp-content\/uploads\/2019\/04\/Opera-Nozze-di-Figaro-500x333.jpg 500w, https:\/\/operafuoco.fr\/wp-content\/uploads\/2019\/04\/Opera-Nozze-di-Figaro-800x533.jpg 800w, https:\/\/operafuoco.fr\/wp-content\/uploads\/2019\/04\/Opera-Nozze-di-Figaro-1280x853.jpg 1280w, https:\/\/operafuoco.fr\/wp-content\/uploads\/2019\/04\/Opera-Nozze-di-Figaro.jpg 1500w\" sizes=\"(max-width: 1024px) 100vw, 1024px\" \/><\/figure><div class=\"wp-block-media-text__content\">\n<h2 class=\"has-text-color wp-block-heading\" style=\"color:#000000\"><strong>PRESS<\/strong><\/h2>\n\n\n\n<p><\/p>\n\n\n\n<p><\/p>\n\n\n<style>.wp-block-kadence-advancedbtn.kb-btns_ec2ff4-1b{gap:var(--global-kb-gap-xs, 0.5rem );justify-content:flex-start;align-items:center;}.kt-btns_ec2ff4-1b .kt-button{font-family:Lato;font-weight:400;font-style:normal;}.kt-btns_ec2ff4-1b .kt-btn-wrap-0{margin-right:5px;}.wp-block-kadence-advancedbtn.kt-btns_ec2ff4-1b .kt-btn-wrap-0 .kt-button{color:#ffffff;font-size:14px;background:#f04e23;margin-top:30px;margin-right:0px;margin-bottom:0px;margin-left:0px;}.wp-block-kadence-advancedbtn.kt-btns_ec2ff4-1b .kt-btn-wrap-0 .kt-button:hover, .wp-block-kadence-advancedbtn.kt-btns_ec2ff4-1b .kt-btn-wrap-0 .kt-button:focus{color:#abb8c3;}.wp-block-kadence-advancedbtn.kt-btns_ec2ff4-1b .kt-btn-wrap-0 .kt-button::before{display:none;}.wp-block-kadence-advancedbtn.kt-btns_ec2ff4-1b .kt-btn-wrap-0 .kt-button:hover, .wp-block-kadence-advancedbtn.kt-btns_ec2ff4-1b .kt-btn-wrap-0 .kt-button:focus{background:#444444;}<\/style>\n<div class=\"wp-block-kadence-advancedbtn kt-btn-align-left kt-btn-tablet-align-inherit kt-btn-mobile-align-inherit kt-btns-wrap kt-btns_ec2ff4-1b\"><div class=\"kt-btn-wrap kt-btn-wrap-0\"><a class=\"kt-button button kt-btn-0-action kt-btn-size-standard kt-btn-style-basic kt-btn-svg-show-always kt-btn-has-text-true kt-btn-has-svg-false\" href=\"https:\/\/operafuoco.fr\/en\/media\/presse\/\" style=\"border-width:0px;letter-spacing:1px\"><span class=\"kt-btn-inner-text\">DISCOVER<\/span><\/a><\/div><\/div>\n\n\n\n<p><\/p>\n<\/div><\/div>\n<\/div><\/div>\n<\/div><\/div><\/div>\n\n\n\n<p><\/p>","protected":false},"excerpt":{"rendered":"<p>CDs VID\u00c9OS GALERIE PRESSE<\/p>","protected":false},"author":1,"featured_media":0,"parent":0,"menu_order":14,"comment_status":"closed","ping_status":"closed","template":"","meta":{"qubely_global_settings":"","qubely_interactions":"","_coblocks_attr":"","_coblocks_dimensions":"","_coblocks_responsive_height":"","_coblocks_accordion_ie_support":"","_uag_custom_page_level_css":"","kk_blocks_editor_width":"","_kiokenblocks_attr":"","_kiokenblocks_dimensions":"","_vp_format_video_url":"","_vp_image_focal_point":[],"footnotes":""},"class_list":["post-65","page","type-page","status-publish","hentry"],"featured_image_urls":{"full":"","thumbnail":"","medium":"","medium_large":"","large":"","thumblist":"","meccarouselthumb":"","gridsquare":"","tileview":"","1536x1536":"","2048x2048":"","trp-custom-language-flag":"","qubely_landscape":"","qubely_portrait":"","qubely_thumbnail":"","vp_sm":"","vp_md":"","vp_lg":"","vp_xl":"","vp_sm_popup":"","vp_md_popup":"","vp_xl_popup":""},"post_excerpt_stackable":"<p>CDs D\u00c9COUVRIR VID\u00c9OS D\u00c9COUVRIR GALERIE D\u00c9COUVRIR PRESSE D\u00c9COUVRIR<\/p>\n","category_list":"","author_info":{"name":"admin","url":"https:\/\/operafuoco.fr\/en\/author\/admin\/"},"comments_num":"0 comments","aioseo_notices":[],"featured_image_src":"","featured_image_src_square":false,"rbea_author_info":{"display_name":"admin","author_link":"https:\/\/operafuoco.fr\/en\/author\/admin\/"},"rbea_excerpt_info":"CDs VID\u00c9OS GALERIE PRESSE","uagb_featured_image_src":{"full":false,"thumbnail":false,"medium":false,"medium_large":false,"large":false,"thumblist":false,"meccarouselthumb":false,"gridsquare":false,"tileview":false,"1536x1536":false,"2048x2048":false,"trp-custom-language-flag":false,"qubely_landscape":false,"qubely_portrait":false,"qubely_thumbnail":false,"vp_sm":false,"vp_md":false,"vp_lg":false,"vp_xl":false,"vp_sm_popup":false,"vp_md_popup":false,"vp_xl_popup":false},"uagb_author_info":{"display_name":"admin","author_link":"https:\/\/operafuoco.fr\/en\/author\/admin\/"},"uagb_comment_info":0,"uagb_excerpt":"CDs VID\u00c9OS GALERIE PRESSE","_links":{"self":[{"href":"https:\/\/operafuoco.fr\/en\/wp-json\/wp\/v2\/pages\/65"}],"collection":[{"href":"https:\/\/operafuoco.fr\/en\/wp-json\/wp\/v2\/pages"}],"about":[{"href":"https:\/\/operafuoco.fr\/en\/wp-json\/wp\/v2\/types\/page"}],"author":[{"embeddable":true,"href":"https:\/\/operafuoco.fr\/en\/wp-json\/wp\/v2\/users\/1"}],"replies":[{"embeddable":true,"href":"https:\/\/operafuoco.fr\/en\/wp-json\/wp\/v2\/comments?post=65"}],"version-history":[{"count":61,"href":"https:\/\/operafuoco.fr\/en\/wp-json\/wp\/v2\/pages\/65\/revisions"}],"predecessor-version":[{"id":4370,"href":"https:\/\/operafuoco.fr\/en\/wp-json\/wp\/v2\/pages\/65\/revisions\/4370"}],"wp:attachment":[{"href":"https:\/\/operafuoco.fr\/en\/wp-json\/wp\/v2\/media?parent=65"}],"curies":[{"name":"wp","href":"https:\/\/api.w.org\/{rel}","templated":true}]}}